{"id":131,"date":"2024-09-04T18:42:49","date_gmt":"2024-09-04T21:42:49","guid":{"rendered":"https:\/\/pessoal.uel.br\/gepefopem\/?page_id=131"},"modified":"2025-05-29T15:08:03","modified_gmt":"2025-05-29T18:08:03","slug":"apresentacao","status":"publish","type":"page","link":"https:\/\/pessoal.uel.br\/gepefopem\/apresentacao\/","title":{"rendered":"Apresenta\u00e7\u00e3o"},"content":{"rendered":"\n<p class=\"has-text-align-center has-verde-claro-color has-verde-background-color has-text-color has-background has-link-color has-medium-font-size wp-elements-7070be6502d7b1642d78a21b23f3837b\" style=\"font-style:normal;font-weight:100\"><strong>Bem-vindos ao GEPEFOPEM<\/strong><br><strong>S\u00e3o<\/strong> <strong>15 anos<\/strong> <strong>de<\/strong> <strong>Estudos e Pesquisas sobre a Forma\u00e7\u00e3o de Professores que Ensinam Matem\u00e1tica<\/strong><\/p>\n\n\n\n<p><\/p>\n","protected":false},"excerpt":{"rendered":"<p>Bem-vindos ao GEPEFOPEMS\u00e3o 15 anos de Estudos e Pesquisas sobre a Forma\u00e7\u00e3o de Professores que Ensinam Matem\u00e1tica<\/p>\n","protected":false},"author":10,"featured_media":0,"parent":0,"menu_order":0,"comment_status":"closed","ping_status":"closed","template":"","meta":{"_acf_changed":false,"footnotes":""},"class_list":["post-131","page","type-page","status-publish","hentry"],"acf":[],"_links":{"self":[{"href":"https:\/\/pessoal.uel.br\/gepefopem\/wp-json\/wp\/v2\/pages\/131","targetHints":{"allow":["GET"]}}],"collection":[{"href":"https:\/\/pessoal.uel.br\/gepefopem\/wp-json\/wp\/v2\/pages"}],"about":[{"href":"https:\/\/pessoal.uel.br\/gepefopem\/wp-json\/wp\/v2\/types\/page"}],"author":[{"embeddable":true,"href":"https:\/\/pessoal.uel.br\/gepefopem\/wp-json\/wp\/v2\/users\/10"}],"replies":[{"embeddable":true,"href":"https:\/\/pessoal.uel.br\/gepefopem\/wp-json\/wp\/v2\/comments?post=131"}],"version-history":[{"count":8,"href":"https:\/\/pessoal.uel.br\/gepefopem\/wp-json\/wp\/v2\/pages\/131\/revisions"}],"predecessor-version":[{"id":328,"href":"https:\/\/pessoal.uel.br\/gepefopem\/wp-json\/wp\/v2\/pages\/131\/revisions\/328"}],"wp:attachment":[{"href":"https:\/\/pessoal.uel.br\/gepefopem\/wp-json\/wp\/v2\/media?parent=131"}],"curies":[{"name":"wp","href":"https:\/\/api.w.org\/{rel}","templated":true}]}}