{"id":731,"date":"2024-10-02T08:37:51","date_gmt":"2024-10-02T11:37:51","guid":{"rendered":"https:\/\/pessoal.uel.br\/gepafe\/?page_id=731"},"modified":"2024-10-29T19:15:58","modified_gmt":"2024-10-29T22:15:58","slug":"dicas-para-a-sua-apresentacao-de-tema-livre","status":"publish","type":"page","link":"https:\/\/pessoal.uel.br\/gepafe\/dicas-para-a-sua-apresentacao-de-tema-livre\/","title":{"rendered":"Dicas para a sua apresenta\u00e7\u00e3o de Temas Livres"},"content":{"rendered":"\n<p><\/p>\n\n\n\n<p>1) Prepare a sua apresenta\u00e7\u00e3o com anteced\u00eancia e treine quantas vezes for necess\u00e1rio;<\/p>\n\n\n\n<p>2) D\u00ea prefer\u00eancia \u00e0 fotos, ilustra\u00e7\u00f5es, gr\u00e1ficos e tabelas. Evite ao m\u00e1ximo textos;<\/p>\n\n\n\n<p>3) Procure contrastar as cores utilizadas no fundo da apresenta\u00e7\u00e3o com a cor das letras usadas no texto;<\/p>\n\n\n\n<p>4) Evite utilizar letras pequenas demais;<\/p>\n\n\n\n<p>5) Tome cuidado com a qualidade dos gr\u00e1ficos e tabelas;<\/p>\n\n\n\n<p>6) Fale devagar e olhando para a plateia;<\/p>\n\n\n\n<p>7) Procure responder as perguntas que te fizerem, sempre que poss\u00edvel.<\/p>\n\n\n\n<p><a href=\"https:\/\/pessoal.uel.br\/gepafe\/wp-content\/uploads\/2024\/10\/Modelo_Tema-Livre_SAFE-PED.pptx\">Clique aqui para obter um modelo de apresenta\u00e7\u00e3o para Tema Livre.<\/a><\/p>\n","protected":false},"excerpt":{"rendered":"<p>1) Prepare a sua apresenta\u00e7\u00e3o com anteced\u00eancia e treine quantas vezes for necess\u00e1rio; 2) D\u00ea prefer\u00eancia \u00e0 fotos, ilustra\u00e7\u00f5es, gr\u00e1ficos e tabelas. Evite ao m\u00e1ximo textos; 3) Procure contrastar as cores utilizadas no fundo da apresenta\u00e7\u00e3o com a cor das letras usadas no texto; 4) Evite utilizar letras pequenas demais; 5) Tome cuidado com a [&hellip;]<\/p>\n","protected":false},"author":6,"featured_media":0,"parent":0,"menu_order":0,"comment_status":"closed","ping_status":"closed","template":"","meta":{"_acf_changed":false,"footnotes":""},"class_list":["post-731","page","type-page","status-publish","hentry"],"acf":[],"_links":{"self":[{"href":"https:\/\/pessoal.uel.br\/gepafe\/wp-json\/wp\/v2\/pages\/731","targetHints":{"allow":["GET"]}}],"collection":[{"href":"https:\/\/pessoal.uel.br\/gepafe\/wp-json\/wp\/v2\/pages"}],"about":[{"href":"https:\/\/pessoal.uel.br\/gepafe\/wp-json\/wp\/v2\/types\/page"}],"author":[{"embeddable":true,"href":"https:\/\/pessoal.uel.br\/gepafe\/wp-json\/wp\/v2\/users\/6"}],"replies":[{"embeddable":true,"href":"https:\/\/pessoal.uel.br\/gepafe\/wp-json\/wp\/v2\/comments?post=731"}],"version-history":[{"count":6,"href":"https:\/\/pessoal.uel.br\/gepafe\/wp-json\/wp\/v2\/pages\/731\/revisions"}],"predecessor-version":[{"id":942,"href":"https:\/\/pessoal.uel.br\/gepafe\/wp-json\/wp\/v2\/pages\/731\/revisions\/942"}],"wp:attachment":[{"href":"https:\/\/pessoal.uel.br\/gepafe\/wp-json\/wp\/v2\/media?parent=731"}],"curies":[{"name":"wp","href":"https:\/\/api.w.org\/{rel}","templated":true}]}}