{"id":723,"date":"2024-10-01T17:18:19","date_gmt":"2024-10-01T20:18:19","guid":{"rendered":"https:\/\/pessoal.uel.br\/gepafe\/?page_id=723"},"modified":"2024-11-25T16:41:27","modified_gmt":"2024-11-25T19:41:27","slug":"normas-para-apresentacao-de-temas-livres","status":"publish","type":"page","link":"https:\/\/pessoal.uel.br\/gepafe\/normas-para-apresentacao-de-temas-livres\/","title":{"rendered":"Normas para Apresenta\u00e7\u00e3o de Temas Livres"},"content":{"rendered":"\n<p><\/p>\n\n\n\n<p>1) Todos os apresentadores devem comparecer ao <em>Slide Desk<\/em>, com no m\u00ednimo 30 min de anteced\u00eancia ao in\u00edcio de suas respectivas sess\u00f5es de Temas Livres para gravarem e testarem suas apresenta\u00e7\u00f5es;<\/p>\n\n\n\n<p>2) Os apresentadores devem comparecer a sala de apresenta\u00e7\u00e3o com no m\u00ednimo 15 minutos de anteced\u00eancia do in\u00edcio da sess\u00e3o de Temas Livres;<\/p>\n\n\n\n<p>3) A apresenta\u00e7\u00e3o de cada Tema Livre deve durar no m\u00e1ximo 10 min;<\/p>\n\n\n\n<p>4) No final da apresenta\u00e7\u00e3o a plateia poder\u00e1 interagir (fazer questionamentos sobre o seu trabalho ou solicitar esclarecimentos adicionais) at\u00e9 completar os 15 min destinados para cada apresenta\u00e7\u00e3o;<\/p>\n\n\n\n<p><a href=\"https:\/\/pessoal.uel.br\/gepafe\/wp-content\/uploads\/2024\/10\/Modelo_Tema-Livre_SAFE-PED.pptx\">Clique aqui para obter um modelo de apresenta\u00e7\u00e3o para Tema Livre.<\/a><\/p>\n\n\n\n<p><\/p>\n","protected":false},"excerpt":{"rendered":"<p>1) Todos os apresentadores devem comparecer ao Slide Desk, com no m\u00ednimo 30 min de anteced\u00eancia ao in\u00edcio de suas respectivas sess\u00f5es de Temas Livres para gravarem e testarem suas apresenta\u00e7\u00f5es; 2) Os apresentadores devem comparecer a sala de apresenta\u00e7\u00e3o com no m\u00ednimo 15 minutos de anteced\u00eancia do in\u00edcio da sess\u00e3o de Temas Livres; 3) [&hellip;]<\/p>\n","protected":false},"author":6,"featured_media":0,"parent":0,"menu_order":0,"comment_status":"closed","ping_status":"closed","template":"","meta":{"_acf_changed":false,"footnotes":""},"class_list":["post-723","page","type-page","status-publish","hentry"],"acf":[],"_links":{"self":[{"href":"https:\/\/pessoal.uel.br\/gepafe\/wp-json\/wp\/v2\/pages\/723","targetHints":{"allow":["GET"]}}],"collection":[{"href":"https:\/\/pessoal.uel.br\/gepafe\/wp-json\/wp\/v2\/pages"}],"about":[{"href":"https:\/\/pessoal.uel.br\/gepafe\/wp-json\/wp\/v2\/types\/page"}],"author":[{"embeddable":true,"href":"https:\/\/pessoal.uel.br\/gepafe\/wp-json\/wp\/v2\/users\/6"}],"replies":[{"embeddable":true,"href":"https:\/\/pessoal.uel.br\/gepafe\/wp-json\/wp\/v2\/comments?post=723"}],"version-history":[{"count":7,"href":"https:\/\/pessoal.uel.br\/gepafe\/wp-json\/wp\/v2\/pages\/723\/revisions"}],"predecessor-version":[{"id":984,"href":"https:\/\/pessoal.uel.br\/gepafe\/wp-json\/wp\/v2\/pages\/723\/revisions\/984"}],"wp:attachment":[{"href":"https:\/\/pessoal.uel.br\/gepafe\/wp-json\/wp\/v2\/media?parent=723"}],"curies":[{"name":"wp","href":"https:\/\/api.w.org\/{rel}","templated":true}]}}