{"id":600,"date":"2024-09-27T08:52:51","date_gmt":"2024-09-27T11:52:51","guid":{"rendered":"https:\/\/pessoal.uel.br\/gepafe\/?page_id=600"},"modified":"2024-09-30T13:48:01","modified_gmt":"2024-09-30T16:48:01","slug":"transporte","status":"publish","type":"page","link":"https:\/\/pessoal.uel.br\/gepafe\/transporte\/","title":{"rendered":"Transporte"},"content":{"rendered":"\n<p><\/p>\n\n\n\n<div class=\"wp-block-columns is-layout-flex wp-container-core-columns-is-layout-9d6595d7 wp-block-columns-is-layout-flex\">\n<div class=\"wp-block-column is-layout-flow wp-block-column-is-layout-flow\" style=\"flex-basis:100%\">\n<p>A cidade de Londrina conta com aeroporto e terminal rodovi\u00e1rio modernos e bem localizados que garantem o acesso \u00e0 cidade para quem vem participar de eventos.<\/p>\n<\/div>\n<\/div>\n\n\n\n<p><\/p>\n\n\n\n<p><\/p>\n\n\n\n<h3 class=\"wp-block-heading\">Transporte Rodovi\u00e1rio para Londrina &#8211; PR<\/h3>\n\n\n\n<p>O Terminal Rodovi\u00e1rio \u201cJos\u00e9 Garcia Villar,\u201d situado na \u00c1rea Central de Londrina, \u00e9 um \u00edcone arquitet\u00f4nico que une as principais art\u00e9rias vi\u00e1rias da cidade: as avenidas Leste-Oeste e Expressa. Com a assinatura do renomado arquiteto Oscar Niemeyer, esse espa\u00e7o se destaca por suas formas arredondadas e v\u00e3os livres generosos, t\u00edpicos do estilo modernista. Dentro desse pr\u00e9dio funcional e acolhedor, diversas empresas operam, conectando Londrina a todo o pa\u00eds. Nomes como Eucatur, Expresso Maring\u00e1, Garcia, Brasil Sul, Kaiowa, Motta, Nordeste e Ouro Branco fazem parte da lista de transportadoras que partem e chegam ao terminal. Para quem se desloca de carro, o trajeto do Terminal Rodovi\u00e1rio ao centro da cidade leva apenas 5 minutos. Essa localiza\u00e7\u00e3o estrat\u00e9gica facilita a mobilidade e torna o terminal um ponto vital para os viajantes.<\/p>\n\n\n\n<hr class=\"wp-block-separator has-alpha-channel-opacity\" \/>\n\n\n\n<h3 class=\"wp-block-heading\">Transporte \u00c1ereo para Londrina &#8211; PR<\/h3>\n\n\n\n<p class=\"has-text-align-left\">O Aeroporto de Londrina, localizado na Zona Leste da cidade, \u00e9 um dos mais movimentados do Brasil. Recentemente, passou por uma ampla reformula\u00e7\u00e3o, resultando em um terminal de passageiros moderno e bem estruturado. Com acesso r\u00e1pido ao centro da cidade, o aeroporto \u00e9 uma porta de entrada importante para quem visita Londrina. Algumas das principais companhias a\u00e9reas do pa\u00eds operam no terminal, incluindo Azul, Gol e Latam. Os viajantes podem contar com voos dessas empresas para diversos destinos nacionais e internacionais. O tempo m\u00e9dio de deslocamento de autom\u00f3vel entre o Aeroporto de Londrina e o centro da cidade \u00e9 de apenas 7 minutos. Isso facilita bastante a vida dos passageiros que desembarcam e precisam chegar ao cora\u00e7\u00e3o de Londrina sem demora.<\/p>\n\n\n\n<hr class=\"wp-block-separator has-alpha-channel-opacity\" \/>\n\n\n\n<h3 class=\"wp-block-heading\">Transporte por Aplicativo em Londrina &#8211; PR<\/h3>\n\n\n\n<p>A cidade tamb\u00e9m conta com aplicativos de transporte como UBER e 99 T\u00e1xi. Bastante utilizados para o deslocamento de pessoas de suas casas para o trabalho e outras atividades.<\/p>\n","protected":false},"excerpt":{"rendered":"<p>A cidade de Londrina conta com aeroporto e terminal rodovi\u00e1rio modernos e bem localizados que garantem o acesso \u00e0 cidade para quem vem participar de eventos. Transporte Rodovi\u00e1rio para Londrina &#8211; PR O Terminal Rodovi\u00e1rio \u201cJos\u00e9 Garcia Villar,\u201d situado na \u00c1rea Central de Londrina, \u00e9 um \u00edcone arquitet\u00f4nico que une as principais art\u00e9rias vi\u00e1rias da [&hellip;]<\/p>\n","protected":false},"author":6,"featured_media":0,"parent":0,"menu_order":0,"comment_status":"closed","ping_status":"closed","template":"","meta":{"_acf_changed":false,"footnotes":""},"class_list":["post-600","page","type-page","status-publish","hentry"],"acf":[],"_links":{"self":[{"href":"https:\/\/pessoal.uel.br\/gepafe\/wp-json\/wp\/v2\/pages\/600","targetHints":{"allow":["GET"]}}],"collection":[{"href":"https:\/\/pessoal.uel.br\/gepafe\/wp-json\/wp\/v2\/pages"}],"about":[{"href":"https:\/\/pessoal.uel.br\/gepafe\/wp-json\/wp\/v2\/types\/page"}],"author":[{"embeddable":true,"href":"https:\/\/pessoal.uel.br\/gepafe\/wp-json\/wp\/v2\/users\/6"}],"replies":[{"embeddable":true,"href":"https:\/\/pessoal.uel.br\/gepafe\/wp-json\/wp\/v2\/comments?post=600"}],"version-history":[{"count":11,"href":"https:\/\/pessoal.uel.br\/gepafe\/wp-json\/wp\/v2\/pages\/600\/revisions"}],"predecessor-version":[{"id":683,"href":"https:\/\/pessoal.uel.br\/gepafe\/wp-json\/wp\/v2\/pages\/600\/revisions\/683"}],"wp:attachment":[{"href":"https:\/\/pessoal.uel.br\/gepafe\/wp-json\/wp\/v2\/media?parent=600"}],"curies":[{"name":"wp","href":"https:\/\/api.w.org\/{rel}","templated":true}]}}