{"id":599,"date":"2024-09-27T08:52:51","date_gmt":"2024-09-27T11:52:51","guid":{"rendered":"https:\/\/pessoal.uel.br\/gepafe\/?page_id=599"},"modified":"2024-10-08T11:41:23","modified_gmt":"2024-10-08T14:41:23","slug":"hospedagem","status":"publish","type":"page","link":"https:\/\/pessoal.uel.br\/gepafe\/hospedagem\/","title":{"rendered":"Hospedagem"},"content":{"rendered":"\n<p><\/p>\n\n\n\n<div class=\"wp-block-columns is-layout-flex wp-container-core-columns-is-layout-9d6595d7 wp-block-columns-is-layout-flex\">\n<div class=\"wp-block-column is-layout-flow wp-block-column-is-layout-flow\" style=\"flex-basis:100%\">\n<p>Aqui voc\u00ea encontra algumas op\u00e7\u00f5es de hospedagem para a sua estada em Londrina-PR durante o evento.<\/p>\n<\/div>\n<\/div>\n\n\n\n<div class=\"wp-block-media-text is-stacked-on-mobile is-vertically-aligned-center\" style=\"grid-template-columns:20% auto\"><figure class=\"wp-block-media-text__media\"><a href=\"https:\/\/goldenblue.com.br\/home\" target=\"_blank\" rel=\"noreferrer noopener\"><img loading=\"lazy\" decoding=\"async\" width=\"215\" height=\"149\" src=\"https:\/\/pessoal.uel.br\/gepafe\/wp-content\/uploads\/2024\/09\/image.png\" alt=\"\" class=\"wp-image-649 size-full\" \/><\/a><\/figure><div class=\"wp-block-media-text__content\">\n<div class=\"wp-block-group is-vertical is-content-justification-stretch is-layout-flex wp-container-core-group-is-layout-57e26646 wp-block-group-is-layout-flex\">\n<p>Site: <a href=\"https:\/\/goldenblue.com.br\/home\" data-type=\"link\" data-id=\"https:\/\/goldenblue.com.br\/home\" target=\"_blank\" rel=\"noreferrer noopener\">Golden Blue Hotel<\/a><\/p>\n\n\n\n<p class=\"has-text-align-left\">Telefone: +55 43 3371-8000<\/p>\n\n\n\n<p class=\"has-text-align-left\">E-mail: goldenblue@goldenblue.com.br<\/p>\n\n\n\n<p class=\"has-text-align-left\">Dist\u00e2ncia at\u00e9 o local: 6,2km<\/p>\n\n\n\n<p class=\"has-text-align-left\"><a href=\"https:\/\/maps.app.goo.gl\/t3kYzgnJPLpegCMe7\" data-type=\"link\" data-id=\"https:\/\/maps.app.goo.gl\/t3kYzgnJPLpegCMe7\" target=\"_blank\" rel=\"noreferrer noopener\">Rota at\u00e9 o local do evento<\/a><\/p>\n<\/div>\n<\/div><\/div>\n\n\n\n<hr class=\"wp-block-separator has-alpha-channel-opacity\" \/>\n\n\n\n<div class=\"wp-block-media-text is-stacked-on-mobile is-vertically-aligned-center\" style=\"grid-template-columns:20% auto\"><figure class=\"wp-block-media-text__media\"><a href=\"https:\/\/www.villalbahoteis.com.br\/londrina\/index.html\" target=\"_blank\" rel=\"noreferrer noopener\"><img loading=\"lazy\" decoding=\"async\" width=\"244\" height=\"112\" src=\"https:\/\/pessoal.uel.br\/gepafe\/wp-content\/uploads\/2024\/09\/image-1.png\" alt=\"\" class=\"wp-image-650 size-full\" \/><\/a><\/figure><div class=\"wp-block-media-text__content\">\n<div class=\"wp-block-group is-vertical is-content-justification-stretch is-layout-flex wp-container-core-group-is-layout-57e26646 wp-block-group-is-layout-flex\">\n<p>Site: <a href=\"https:\/\/www.villalbahoteis.com.br\/londrina\/index.html\" data-type=\"link\" data-id=\"https:\/\/www.villalbahoteis.com.br\/londrina\/index.html\" target=\"_blank\" rel=\"noreferrer noopener\">Villalba Hotel Londrina<\/a><\/p>\n\n\n\n<p>Telefone: +55 43 3373-9200<\/p>\n\n\n\n<p>E-mail: comercial.ldn@villalbahoteis.com.br<\/p>\n\n\n\n<p>Dist\u00e2ncia at\u00e9 o local: 4,4km<\/p>\n\n\n\n<p><a href=\"https:\/\/maps.app.goo.gl\/v78EfQSUX13UeQ7c6\" data-type=\"link\" data-id=\"https:\/\/maps.app.goo.gl\/v78EfQSUX13UeQ7c6\" target=\"_blank\" rel=\"noreferrer noopener\">Rota at\u00e9 o local do evento<\/a><\/p>\n<\/div>\n<\/div><\/div>\n\n\n\n<hr class=\"wp-block-separator has-alpha-channel-opacity\" \/>\n\n\n\n<div class=\"wp-block-media-text is-stacked-on-mobile is-vertically-aligned-center\" style=\"grid-template-columns:20% auto\"><figure class=\"wp-block-media-text__media\"><a href=\"https:\/\/www.letsatlantica.com.br\/hotel\/comfort-suites-londrina\" target=\"_blank\" rel=\"noreferrer noopener\"><img loading=\"lazy\" decoding=\"async\" width=\"219\" height=\"130\" src=\"https:\/\/pessoal.uel.br\/gepafe\/wp-content\/uploads\/2024\/09\/image-2.png\" alt=\"\" class=\"wp-image-651 size-full\" \/><\/a><\/figure><div class=\"wp-block-media-text__content\">\n<div class=\"wp-block-group is-vertical is-content-justification-stretch is-layout-flex wp-container-core-group-is-layout-57e26646 wp-block-group-is-layout-flex\">\n<p>Site: <a href=\"https:\/\/www.letsatlantica.com.br\/hotel\/comfort-suites-londrina\" data-type=\"link\" data-id=\"https:\/\/www.letsatlantica.com.br\/hotel\/comfort-suites-londrina\" target=\"_blank\" rel=\"noreferrer noopener\">Comfort Suites Londrina<\/a><\/p>\n\n\n\n<p>Telefone: +55 43 3371-8383<\/p>\n\n\n\n<p>E-mail: reservas.csl@atlanticahotels.com.br<\/p>\n\n\n\n<p>Dist\u00e2ncia at\u00e9 o local: 4,2km<\/p>\n\n\n\n<p><a href=\"https:\/\/maps.app.goo.gl\/r4tudXJQ8CLpuirB7\" data-type=\"link\" data-id=\"https:\/\/maps.app.goo.gl\/r4tudXJQ8CLpuirB7\" target=\"_blank\" rel=\"noreferrer noopener\">Rota at\u00e9 o local do evento<\/a><\/p>\n<\/div>\n<\/div><\/div>\n\n\n\n<hr class=\"wp-block-separator has-alpha-channel-opacity\" \/>\n\n\n\n<div class=\"wp-block-media-text is-stacked-on-mobile\" style=\"grid-template-columns:20% auto\"><figure class=\"wp-block-media-text__media\"><a href=\"http:\/\/londristar.com.br\/\" target=\"_blank\" rel=\"noreferrer noopener\"><img loading=\"lazy\" decoding=\"async\" width=\"302\" height=\"146\" src=\"https:\/\/pessoal.uel.br\/gepafe\/wp-content\/uploads\/2024\/10\/image.png\" alt=\"\" class=\"wp-image-809 size-full\" srcset=\"https:\/\/pessoal.uel.br\/gepafe\/wp-content\/uploads\/2024\/10\/image.png 302w, https:\/\/pessoal.uel.br\/gepafe\/wp-content\/uploads\/2024\/10\/image-300x145.png 300w\" sizes=\"auto, (max-width: 302px) 100vw, 302px\" \/><\/a><\/figure><div class=\"wp-block-media-text__content\">\n<div class=\"wp-block-group is-vertical is-layout-flex wp-container-core-group-is-layout-8cf370e7 wp-block-group-is-layout-flex\">\n<p>Site: <a href=\"http:\/\/londristar.com.br\/\" data-type=\"link\" data-id=\"http:\/\/londristar.com.br\/\" target=\"_blank\" rel=\"noreferrer noopener\">Hotel Londristar<\/a><\/p>\n\n\n\n<p>Telefone: +55 43 3026-3000<\/p>\n\n\n\n<p>E-mail: reservas@londristar.com.br<\/p>\n\n\n\n<p>Dist\u00e2ncia at\u00e9 o local: 3,1km<\/p>\n\n\n\n<p><a href=\"https:\/\/maps.app.goo.gl\/VGdWzetFDvUdZ4Cj8\" data-type=\"link\" data-id=\"https:\/\/maps.app.goo.gl\/VGdWzetFDvUdZ4Cj8\" target=\"_blank\" rel=\"noreferrer noopener\">Rota at\u00e9 o local do evento<\/a><\/p>\n<\/div>\n<\/div><\/div>\n","protected":false},"excerpt":{"rendered":"<p>Aqui voc\u00ea encontra algumas op\u00e7\u00f5es de hospedagem para a sua estada em Londrina-PR durante o evento.<\/p>\n","protected":false},"author":6,"featured_media":0,"parent":0,"menu_order":0,"comment_status":"closed","ping_status":"closed","template":"","meta":{"_acf_changed":false,"footnotes":""},"class_list":["post-599","page","type-page","status-publish","hentry"],"acf":[],"_links":{"self":[{"href":"https:\/\/pessoal.uel.br\/gepafe\/wp-json\/wp\/v2\/pages\/599","targetHints":{"allow":["GET"]}}],"collection":[{"href":"https:\/\/pessoal.uel.br\/gepafe\/wp-json\/wp\/v2\/pages"}],"about":[{"href":"https:\/\/pessoal.uel.br\/gepafe\/wp-json\/wp\/v2\/types\/page"}],"author":[{"embeddable":true,"href":"https:\/\/pessoal.uel.br\/gepafe\/wp-json\/wp\/v2\/users\/6"}],"replies":[{"embeddable":true,"href":"https:\/\/pessoal.uel.br\/gepafe\/wp-json\/wp\/v2\/comments?post=599"}],"version-history":[{"count":14,"href":"https:\/\/pessoal.uel.br\/gepafe\/wp-json\/wp\/v2\/pages\/599\/revisions"}],"predecessor-version":[{"id":812,"href":"https:\/\/pessoal.uel.br\/gepafe\/wp-json\/wp\/v2\/pages\/599\/revisions\/812"}],"wp:attachment":[{"href":"https:\/\/pessoal.uel.br\/gepafe\/wp-json\/wp\/v2\/media?parent=599"}],"curies":[{"name":"wp","href":"https:\/\/api.w.org\/{rel}","templated":true}]}}