{"id":598,"date":"2024-09-27T08:52:50","date_gmt":"2024-09-27T11:52:50","guid":{"rendered":"https:\/\/pessoal.uel.br\/gepafe\/?page_id=598"},"modified":"2024-09-27T18:30:55","modified_gmt":"2024-09-27T21:30:55","slug":"informacoes","status":"publish","type":"page","link":"https:\/\/pessoal.uel.br\/gepafe\/informacoes\/","title":{"rendered":"Informa\u00e7\u00f5es"},"content":{"rendered":"\n<p>Aqui voc\u00ea ter\u00e1 maiores informa\u00e7\u00f5es sobre locais para se hospedar, formas de deslocamento at\u00e9 a sua acomoda\u00e7\u00e3o ou para o evento e locais para realizar suas refei\u00e7\u00f5es durante a estada por Londrina. Ao selecionar alguns dos <em>links<\/em> voc\u00ea ser\u00e1 redirecionado para as respectivas p\u00e1ginas contendo maiores informa\u00e7\u00f5es.<\/p>\n\n\n\n<p><a href=\"https:\/\/pessoal.uel.br\/gepafe\/hospedagem\/\" data-type=\"page\" data-id=\"599\">Hospedagem<\/a><\/p>\n\n\n\n<p><a href=\"https:\/\/pessoal.uel.br\/gepafe\/transporte\/\" data-type=\"page\" data-id=\"600\">Transporte<\/a><\/p>\n\n\n\n<p><a href=\"https:\/\/pessoal.uel.br\/gepafe\/alimentacao\/\" data-type=\"page\" data-id=\"601\">Alimenta\u00e7\u00e3o<\/a><\/p>\n","protected":false},"excerpt":{"rendered":"<p>Aqui voc\u00ea ter\u00e1 maiores informa\u00e7\u00f5es sobre locais para se hospedar, formas de deslocamento at\u00e9 a sua acomoda\u00e7\u00e3o ou para o evento e locais para realizar suas refei\u00e7\u00f5es durante a estada por Londrina. Ao selecionar alguns dos links voc\u00ea ser\u00e1 redirecionado para as respectivas p\u00e1ginas contendo maiores informa\u00e7\u00f5es. Hospedagem Transporte Alimenta\u00e7\u00e3o<\/p>\n","protected":false},"author":6,"featured_media":0,"parent":0,"menu_order":0,"comment_status":"closed","ping_status":"closed","template":"","meta":{"_acf_changed":false,"footnotes":""},"class_list":["post-598","page","type-page","status-publish","hentry"],"acf":[],"_links":{"self":[{"href":"https:\/\/pessoal.uel.br\/gepafe\/wp-json\/wp\/v2\/pages\/598","targetHints":{"allow":["GET"]}}],"collection":[{"href":"https:\/\/pessoal.uel.br\/gepafe\/wp-json\/wp\/v2\/pages"}],"about":[{"href":"https:\/\/pessoal.uel.br\/gepafe\/wp-json\/wp\/v2\/types\/page"}],"author":[{"embeddable":true,"href":"https:\/\/pessoal.uel.br\/gepafe\/wp-json\/wp\/v2\/users\/6"}],"replies":[{"embeddable":true,"href":"https:\/\/pessoal.uel.br\/gepafe\/wp-json\/wp\/v2\/comments?post=598"}],"version-history":[{"count":4,"href":"https:\/\/pessoal.uel.br\/gepafe\/wp-json\/wp\/v2\/pages\/598\/revisions"}],"predecessor-version":[{"id":640,"href":"https:\/\/pessoal.uel.br\/gepafe\/wp-json\/wp\/v2\/pages\/598\/revisions\/640"}],"wp:attachment":[{"href":"https:\/\/pessoal.uel.br\/gepafe\/wp-json\/wp\/v2\/media?parent=598"}],"curies":[{"name":"wp","href":"https:\/\/api.w.org\/{rel}","templated":true}]}}