{"id":482,"date":"2024-09-02T14:13:44","date_gmt":"2024-09-02T17:13:44","guid":{"rendered":"https:\/\/pessoal.uel.br\/gepafe\/?page_id=482"},"modified":"2025-07-28T11:20:58","modified_gmt":"2025-07-28T14:20:58","slug":"em-andamento-4","status":"publish","type":"page","link":"https:\/\/pessoal.uel.br\/gepafe\/em-andamento-4\/","title":{"rendered":"Em andamento"},"content":{"rendered":"\n<p><\/p>\n\n\n\n<p>Pedro Gabriel Bernardi. 2025. Gradua\u00e7\u00e3o em Bacharelado em Educa\u00e7\u00e3o F\u00edsica \u2013 Universidade Estadual de Londrina. Orientador: Enio Ricardo Vaz Ronque.<\/p>\n\n\n\n<p>Gabrielle Zardo Ansolin. 2025. Gradua\u00e7\u00e3o em Bacharelado em Educa\u00e7\u00e3o F\u00edsica \u2013 Universidade Estadual de Londrina. Orientador: Enio Ricardo Vaz Ronque.<\/p>\n","protected":false},"excerpt":{"rendered":"<p>Pedro Gabriel Bernardi. 2025. Gradua\u00e7\u00e3o em Bacharelado em Educa\u00e7\u00e3o F\u00edsica \u2013 Universidade Estadual de Londrina. Orientador: Enio Ricardo Vaz Ronque. Gabrielle Zardo Ansolin. 2025. Gradua\u00e7\u00e3o em Bacharelado em Educa\u00e7\u00e3o F\u00edsica \u2013 Universidade Estadual de Londrina. Orientador: Enio Ricardo Vaz Ronque.<\/p>\n","protected":false},"author":6,"featured_media":0,"parent":0,"menu_order":0,"comment_status":"closed","ping_status":"closed","template":"","meta":{"_acf_changed":false,"footnotes":""},"class_list":["post-482","page","type-page","status-publish","hentry"],"acf":[],"_links":{"self":[{"href":"https:\/\/pessoal.uel.br\/gepafe\/wp-json\/wp\/v2\/pages\/482","targetHints":{"allow":["GET"]}}],"collection":[{"href":"https:\/\/pessoal.uel.br\/gepafe\/wp-json\/wp\/v2\/pages"}],"about":[{"href":"https:\/\/pessoal.uel.br\/gepafe\/wp-json\/wp\/v2\/types\/page"}],"author":[{"embeddable":true,"href":"https:\/\/pessoal.uel.br\/gepafe\/wp-json\/wp\/v2\/users\/6"}],"replies":[{"embeddable":true,"href":"https:\/\/pessoal.uel.br\/gepafe\/wp-json\/wp\/v2\/comments?post=482"}],"version-history":[{"count":4,"href":"https:\/\/pessoal.uel.br\/gepafe\/wp-json\/wp\/v2\/pages\/482\/revisions"}],"predecessor-version":[{"id":1263,"href":"https:\/\/pessoal.uel.br\/gepafe\/wp-json\/wp\/v2\/pages\/482\/revisions\/1263"}],"wp:attachment":[{"href":"https:\/\/pessoal.uel.br\/gepafe\/wp-json\/wp\/v2\/media?parent=482"}],"curies":[{"name":"wp","href":"https:\/\/api.w.org\/{rel}","templated":true}]}}