{"id":481,"date":"2024-09-02T14:13:43","date_gmt":"2024-09-02T17:13:43","guid":{"rendered":"https:\/\/pessoal.uel.br\/gepafe\/?page_id=481"},"modified":"2025-07-28T10:13:35","modified_gmt":"2025-07-28T13:13:35","slug":"concluidas-3","status":"publish","type":"page","link":"https:\/\/pessoal.uel.br\/gepafe\/concluidas-3\/","title":{"rendered":"Conclu\u00eddas"},"content":{"rendered":"\n<p><\/p>\n\n\n\n<p>Gabrielly Cristina Manarin. Compara\u00e7\u00e3o da (in)satisfa\u00e7\u00e3o com a imagem corporal entre atletas de voleibol de categorias mirim e infantil. 2014. Monografia. (Aperfei\u00e7oamento\/Especializa\u00e7\u00e3o em Atividades de Academia) &#8211; Universidade Estadual de Londrina. Orientador: Enio Ricardo Vaz Ronque.<\/p>\n\n\n\n<p>Ana Carolina Paludo. Corrida e\/ou caminhada de 9 minutos como teste preditivo da aptid\u00e3o cardiorrespirat\u00f3ria em adolescentes. 2010. Monografia. (Aperfei\u00e7oamento\/Especializa\u00e7\u00e3o em Especializa\u00e7\u00e3o em Avalia\u00e7\u00e3o, Prescri\u00e7\u00e3o e Orienta) &#8211; Universidade Estadual de Londrina. Orientador: Enio Ricardo Vaz Ronque.<\/p>\n\n\n\n<p>Fabr\u00edcio Eduardo Rossi. Aptid\u00e3o cardiorrespirat\u00f3ria e indicadores da composi\u00e7\u00e3o corporal em adolescentes: compara\u00e7\u00e3o de acordo com pico de velocidade de crescimento (PVC). 2010. Monografia. (Aperfei\u00e7oamento\/Especializa\u00e7\u00e3o em Especializa\u00e7\u00e3o em Avalia\u00e7\u00e3o, Prescri\u00e7\u00e3o e Orienta) &#8211; Universidade Estadual de Londrina. Orientador: Enio Ricardo Vaz Ronque.<\/p>\n\n\n\n<p>Eliane Rabelo da Cruz. Crescimento fisco e estado nutricional em crian\u00e7as e adolescentes praticantes de futsal. 2008. Monografia. (Aperfei\u00e7oamento\/Especializa\u00e7\u00e3o em Especializa\u00e7\u00e3o em Educa\u00e7\u00e3o F\u00edsica: avalia\u00e7\u00e3o e pre) &#8211; Faculdade Estadual de Educa\u00e7\u00e3o Ci\u00eancias e Letras de Paranava\u00ed. Orientador: Enio Ricardo Vaz Ronque.<\/p>\n","protected":false},"excerpt":{"rendered":"<p>Gabrielly Cristina Manarin. Compara\u00e7\u00e3o da (in)satisfa\u00e7\u00e3o com a imagem corporal entre atletas de voleibol de categorias mirim e infantil. 2014. Monografia. (Aperfei\u00e7oamento\/Especializa\u00e7\u00e3o em Atividades de Academia) &#8211; Universidade Estadual de Londrina. Orientador: Enio Ricardo Vaz Ronque. Ana Carolina Paludo. Corrida e\/ou caminhada de 9 minutos como teste preditivo da aptid\u00e3o cardiorrespirat\u00f3ria em adolescentes. 2010. Monografia. [&hellip;]<\/p>\n","protected":false},"author":6,"featured_media":0,"parent":0,"menu_order":0,"comment_status":"closed","ping_status":"closed","template":"","meta":{"_acf_changed":false,"footnotes":""},"class_list":["post-481","page","type-page","status-publish","hentry"],"acf":[],"_links":{"self":[{"href":"https:\/\/pessoal.uel.br\/gepafe\/wp-json\/wp\/v2\/pages\/481","targetHints":{"allow":["GET"]}}],"collection":[{"href":"https:\/\/pessoal.uel.br\/gepafe\/wp-json\/wp\/v2\/pages"}],"about":[{"href":"https:\/\/pessoal.uel.br\/gepafe\/wp-json\/wp\/v2\/types\/page"}],"author":[{"embeddable":true,"href":"https:\/\/pessoal.uel.br\/gepafe\/wp-json\/wp\/v2\/users\/6"}],"replies":[{"embeddable":true,"href":"https:\/\/pessoal.uel.br\/gepafe\/wp-json\/wp\/v2\/comments?post=481"}],"version-history":[{"count":4,"href":"https:\/\/pessoal.uel.br\/gepafe\/wp-json\/wp\/v2\/pages\/481\/revisions"}],"predecessor-version":[{"id":1251,"href":"https:\/\/pessoal.uel.br\/gepafe\/wp-json\/wp\/v2\/pages\/481\/revisions\/1251"}],"wp:attachment":[{"href":"https:\/\/pessoal.uel.br\/gepafe\/wp-json\/wp\/v2\/media?parent=481"}],"curies":[{"name":"wp","href":"https:\/\/api.w.org\/{rel}","templated":true}]}}