{"id":332,"date":"2024-09-01T22:05:47","date_gmt":"2024-09-02T01:05:47","guid":{"rendered":"https:\/\/pessoal.uel.br\/gepafe\/?page_id=332"},"modified":"2025-07-31T11:50:35","modified_gmt":"2025-07-31T14:50:35","slug":"simposio-internacional-de-ciencias-do-esporte-celafiscs","status":"publish","type":"page","link":"https:\/\/pessoal.uel.br\/gepafe\/simposio-internacional-de-ciencias-do-esporte-celafiscs\/","title":{"rendered":"Simp\u00f3sio Internacional de Ci\u00eancias do Esporte (CELAFISCS)"},"content":{"rendered":"\n<p><\/p>\n\n\n\n<p><strong>2014:<\/strong><\/p>\n\n\n\n<p>BATISTA, M.B.; BLASQUEZ, G.; TADIOTTO, M.C.; ZAMBRIN, L.F.; BUENO, M.R.O.; ROMANZINI, C.L.P.; RONQUE, E.R.V.\u00a0Reprodutibilidade de testes motores para avalia\u00e7\u00e3o da aptid\u00e3o f\u00edsica em jovens.\u00a0In: 37\u00ba Simp\u00f3sio Internacional de Ci\u00eancias do Esporte, 2014, S\u00e3o Paulo \u2013 S\u00e3o Paulo. 37\u00ba Simp\u00f3sio Internacional de Ci\u00eancias do Esporte, 2014. p. 65-65.<\/p>\n\n\n\n<p>BUENO, M.R.O.; BATISTA, M.B.; STABELINI NETO, A.; SANTOS, G.C.; ZAMBRIN, L.F.; ROMANZINI, C.L.P.; DIB, L.R.P.; RONQUE, E.R.V.\u00a0Atividade f\u00edsica total (AFT) e atividade f\u00edsica moderada \u00e0 vigorosa (AFMV) de acordo com estado nutricional de adolescentes em Jacarezinho \u2013 PR.\u00a0In: 37\u00ba Simp\u00f3sio Internacional de Ci\u00eancias do Esporte, 2014, S\u00e3o Paulo \u2013 S\u00e3o Paulo. 37\u00ba Simp\u00f3sio Internacional de Ci\u00eancias do Esporte, 2014. p. 124-124.<\/p>\n\n\n\n<p>DIB, L.R.P.; STABELINI NETO, A.; SANTOS, G.C.; BUENO, M.R.O.; BATISTA, M.B.; ZAMBRIN, L.F.; SERASSUELO JUNIOR. \u00cdndice de massa corporal, marcadores sangu\u00edneos e n\u00edvel socioecon\u00f4mico em adolescentes de uma escola do ensino p\u00fablico de Jacarezinho &#8211; PR. In: 37\u00ba Simp\u00f3sio Internacional de Ci\u00eancias do Esporte, 2014, S\u00e3o Paulo \u2013 S\u00e3o Paulo. 37\u00ba Simp\u00f3sio Internacional de Ci\u00eancias do Esporte, 2014. p. 70-70.<\/p>\n\n\n\n<p>NUNES, J.P.A.; WERNECK, A.O.; RONQUE, E.R.V.; BRUSSOLO, J.D.; ROMANZINI, C.L.P.\u00a0Concord\u00e2ncia da atividade f\u00edsica estimada pela acelerometria e o registro recordat\u00f3rio de Bouchard de quatro dias em adolescentes.\u00a0In: 37\u00ba Simp\u00f3sio Internacional de Ci\u00eancias do Esporte, 2014, S\u00e3o Paulo \u2013 S\u00e3o Paulo. 37\u00ba Simp\u00f3sio Internacional de Ci\u00eancias do Esporte, 2014. p. 120-120.<\/p>\n\n\n\n<p>ROMANZINI, C.L.P.; BUENO, M.R.O.; BATISTA, M.B.; ZAMBRIN, L.F.; TADIOTTO, M.C.; ROMANZINI, M.; CATARINO, M.S.; RONQUE, E.R.V.\u00a0Efeito do uso de Exergames no recreio escolar na atividade f\u00edsica de intensidade moderada \u00e0 vigorosa de adolescentes. In: 37\u00ba Simp\u00f3sio Internacional de Ci\u00eancias do Esporte, 2014, S\u00e3o Paulo \u2013 S\u00e3o Paulo. 37\u00ba Simp\u00f3sio Internacional de Ci\u00eancias do Esporte, 2014. p. 122-122.<\/p>\n\n\n\n<p>WERNECK, A.O.; SILVA, D.R.P.; NUNES, J.P.A.; VENTURINE, D.; BARBOSA, D.S.; RONQUE, E.R.V.; CYRINO, E.S.\u00a0Aptid\u00e3o cardiorrespirat\u00f3ria \u00e9 um fator de prote\u00e7\u00e3o independente para a S\u00edndrome Metab\u00f3lica?\u00a0In: 37\u00ba Simp\u00f3sio Internacional de Ci\u00eancias do Esporte, 2014, S\u00e3o Paulo \u2013 S\u00e3o Paulo. 37\u00ba Simp\u00f3sio Internacional de Ci\u00eancias do Esporte, 2014. p. 67-67.<\/p>\n\n\n\n<p>ZAMBRIN, L.F.; DIB, L.R.P.; BUENO, M.R.O.; BATISTA, M.B.; BLASQUEZ, G.; RONQUE, E.R.V.; SERASSUELO JUNIOR, H.\u00a0Desempenho no teste de Shuttle Run de 20 metros e gordura corporal em jovens atletas de voleibol. In: 37\u00ba Simp\u00f3sio Internacional de Ci\u00eancias do Esporte, 2014, S\u00e3o Paulo \u2013 S\u00e3o Paulo. 37\u00ba Simp\u00f3sio Internacional de Ci\u00eancias do Esporte, 2014. p. 210-210.<\/p>\n\n\n\n<p><strong>2011:<\/strong><\/p>\n\n\n\n<p>ZAMBRIN, L. F.; PALUDO, A.C. ; SANTOS, O.P.M; LUIZ JUNIOR, C.C.; PAV\u00c3O, F.H.; JR SERASSUELO, H.\u00a0<a href=\"https:\/\/www.uel.br\/grupo-pesquisa\/gepafe\/producoes\/resumos\/CELAFISCS\/2011\/RESUMO_CELAFISCS_2011_LIDYANE.pdf\" target=\"_blank\" rel=\"noreferrer noopener\">Concord\u00e2ncia entre diferentes tipos de classifica\u00e7\u00f5es para a aptid\u00e3o cardiorrespirat\u00f3r<\/a>i<a href=\"https:\/\/www.uel.br\/grupo-pesquisa\/gepafe\/producoes\/resumos\/CELAFISCS\/2011\/RESUMO_CELAFISCS_2011_LIDYANE.pdf\" target=\"_blank\" rel=\"noreferrer noopener\">a em escolares de 7 a 10 anos de idade<\/a>. In: 34\u00ba Simp\u00f3sio Internacional de Ci\u00eancias do Esporte, 2011, S\u00e3o Paulo &#8211; S\u00e3o Paulo. 34\u00ba Simp\u00f3sio Internacional de Ci\u00eancias do Esporte, 2011. p. 115-115.<\/p>\n\n\n\n<p><strong>2010:<\/strong><\/p>\n\n\n\n<p>GON\u00c7ALVES, L.R.F.; BLASQUEZ, G.; PALUDO, A.C.; SERASSUELO JR, H.; RONQUE, E.R.V.\u00a0Percep\u00e7\u00e3o da imagem corporal obtida pela escala de silhuetas: concord\u00e2ncia entre a aplica\u00e7\u00e3o de forma crescente e aleat\u00f3ria. In: 33\u00ba S\u00edmp\u00f3sio Internacional de Ci\u00eancias do Esporte, 2010, S\u00e3o Paulo &#8211; S\u00e3o Paulo. 33\u00ba Simp\u00f3sio Internacional de Ci\u00eancias do Esporte, 2010. p. 169-169.<\/p>\n\n\n\n<p>SANTANA, T.F.S.; PALUDO, A.C.; SILVA, D.R.P.; CYRINO, E.S.; RONQUE, E.R.V.\u00a0Consumo m\u00e1ximo de oxig\u00eanio em jovens futebolistas: compara\u00e7\u00e3o entre diferentes posi\u00e7\u00f5es de jogo. In: 33\u00ba S\u00edmp\u00f3sio Internacional de Ci\u00eancias do Esporte, 2010, S\u00e3o Paulo &#8211; S\u00e3o Paulo. 33\u00ba Simp\u00f3sio Internacional de Ci\u00eancias do Esporte, 2010. p. 253-253.<\/p>\n\n\n\n<p>ZAMBRIN, L. F.; JR SERASSUELO, H; SANTOS, O.P.M.; PALUDO, A.C. ; SIM\u00d5ES, A.C.\u00a0An\u00e1lise das tend\u00eancias competitivas em atletas de modalidades coletivas participantes das Olimp\u00edadas Escolares Brasileiras.\u00a0In: 33\u00ba S\u00edmp\u00f3sio Internacional de Ci\u00eancias do Esporte, 2010, S\u00e3o Paulo &#8211; S\u00e3o Paulo. 33\u00ba Simp\u00f3sio Internacional de Ci\u00eancias do Esporte, 2010. p. 185-185.<\/p>\n\n\n\n<p><strong>2009:<\/strong><\/p>\n\n\n\n<p>BATISTA, M.B.; SACCOMARI, M.G.; BLASQUEZ, G.; CARNELOSSI, M.S.; RONQUE, E.R.V.\u00a0Aptid\u00e3o cardiorrespirat\u00f3ria e indicadores de adiposidade corporal em escolares. In: 32\u00ba S\u00edmp\u00f3sio Internacional de Ci\u00eancias do Esporte, 2009, S\u00e3o Paulo &#8211; S\u00e3o Paulo. 32\u00ba Simp\u00f3sio Internacional de Ci\u00eancias do Esporte, 2009. p. 64-64.<\/p>\n\n\n\n<p>BIGLIASSI, M.; BATISTA, M.B.; BLASQUEZ, G.; SERASSUELO JR, H.; CYRINO, E.S.; RONQUE, E.R.V.\u00a0Compara\u00e7\u00e3o da aptid\u00e3o cardiorrespirat\u00f3ria entre escolares de diferentes estados nutricionais. In: 32\u00ba S\u00edmp\u00f3sio Internacional de Ci\u00eancias do Esporte, 2009, S\u00e3o Paulo &#8211; S\u00e3o Paulo. 32\u00ba Simp\u00f3sio Internacional de Ci\u00eancias do Esporte, 2009.<\/p>\n\n\n\n<p>KAWAGUTI, S.S.; FERNANDES, R.A.; CARNELOSSI, M.S.; OLIVEIRA, A.R.; RONQUE, E.R.V.\u00a0\u00cdndice de massa corporal de acordo com o n\u00edvel de envolvimento em atividades esportivas em jovens de Presidente Prudente-SP.\u00a0In: 32\u00ba S\u00edmp\u00f3sio Internacional de Ci\u00eancias do Esporte, 2009, S\u00e3o Paulo &#8211; S\u00e3o Paulo. 32\u00ba Simp\u00f3sio Internacional de Ci\u00eancias do Esporte, 2009. p. 89-89.<\/p>\n\n\n\n<p>PALUDO, A.C.; BATISTA, M.B.; GRESPAN, F.; SACCOMANI, M.G.; CYRINO, E.S.; RONQUE, E.R.V.\u00a0Percep\u00e7\u00e3o da imagem corporal e estado nutricional de adolescentes.\u00a0In: 32\u00ba S\u00edmp\u00f3sio Internacional de Ci\u00eancias do Esporte, 2009, S\u00e3o Paulo &#8211; S\u00e3o Paulo. 32\u00ba Simp\u00f3sio Internacional de Ci\u00eancias do Esporte, 2009. p. 100-100.<\/p>\n\n\n\n<p>SOUZA, V.S.; CARNELOSSI, M.S.; BATISTA, M.B.; DIAS, T.C.; RONQUE, E.R.V.\u00a0Compara\u00e7\u00e3o da aptid\u00e3o cardiorrespirat\u00f3ria de acordo com o n\u00edvel de atividade f\u00edsica em escolares.\u00a0In: 32\u00ba S\u00edmp\u00f3sio Internacional de Ci\u00eancias do Esporte, 2009, S\u00e3o Paulo &#8211; S\u00e3o Paulo. 32\u00ba Simp\u00f3sio Internacional de Ci\u00eancias do Esporte, 2009.<\/p>\n\n\n\n<p><strong>2008:<\/strong><\/p>\n\n\n\n<p>BATISTA, M.B.; SACCOMANI, M.G.; CARNELOSSI, M.; SOUZA, V.S.; RONQUE, E.R.V.\u00a0Concord\u00e2ncia entre dois crit\u00e9rios de classifica\u00e7\u00e3o do estado nutricional em escolares.\u00a0In: 31\u00ba Simp\u00f3sio Internacional de Ci\u00eancias do Esporte, 2008, S\u00e3o Paulo &#8211; S\u00e3o Paulo. 31\u00ba Simp\u00f3sio Internacional de Ci\u00eancias do Esporte, 2008. p. 149-149.<\/p>\n\n\n\n<p><strong>2007:<\/strong><\/p>\n\n\n\n<p>BATISTA, M.B.; SACCOMANI, M.G.; CHRISTOFARO, D.G.D.; FERNANDES, R.A.; RONQUE, E.R.V.; ARRUDA, M.\u00a0Estimativa do consumo m\u00e1ximo de oxig\u00eanio (VO2m\u00e1x) em universit\u00e1rios a partir de dois testes de campo.\u00a0In: 30\u00ba Simp\u00f3sio Internacional de Ci\u00eancias do Esporte, 2007, S\u00e3o Paulo &#8211; S\u00e3o Paulo. 30\u00ba Simp\u00f3sio Internacional de Ci\u00eancias do Esporte, 2007. p. 228-228.<\/p>\n","protected":false},"excerpt":{"rendered":"<p>2014: BATISTA, M.B.; BLASQUEZ, G.; TADIOTTO, M.C.; ZAMBRIN, L.F.; BUENO, M.R.O.; ROMANZINI, C.L.P.; RONQUE, E.R.V.\u00a0Reprodutibilidade de testes motores para avalia\u00e7\u00e3o da aptid\u00e3o f\u00edsica em jovens.\u00a0In: 37\u00ba Simp\u00f3sio Internacional de Ci\u00eancias do Esporte, 2014, S\u00e3o Paulo \u2013 S\u00e3o Paulo. 37\u00ba Simp\u00f3sio Internacional de Ci\u00eancias do Esporte, 2014. p. 65-65. BUENO, M.R.O.; BATISTA, M.B.; STABELINI NETO, A.; [&hellip;]<\/p>\n","protected":false},"author":6,"featured_media":0,"parent":0,"menu_order":0,"comment_status":"closed","ping_status":"closed","template":"","meta":{"_acf_changed":false,"footnotes":""},"class_list":["post-332","page","type-page","status-publish","hentry"],"acf":[],"_links":{"self":[{"href":"https:\/\/pessoal.uel.br\/gepafe\/wp-json\/wp\/v2\/pages\/332","targetHints":{"allow":["GET"]}}],"collection":[{"href":"https:\/\/pessoal.uel.br\/gepafe\/wp-json\/wp\/v2\/pages"}],"about":[{"href":"https:\/\/pessoal.uel.br\/gepafe\/wp-json\/wp\/v2\/types\/page"}],"author":[{"embeddable":true,"href":"https:\/\/pessoal.uel.br\/gepafe\/wp-json\/wp\/v2\/users\/6"}],"replies":[{"embeddable":true,"href":"https:\/\/pessoal.uel.br\/gepafe\/wp-json\/wp\/v2\/comments?post=332"}],"version-history":[{"count":5,"href":"https:\/\/pessoal.uel.br\/gepafe\/wp-json\/wp\/v2\/pages\/332\/revisions"}],"predecessor-version":[{"id":1310,"href":"https:\/\/pessoal.uel.br\/gepafe\/wp-json\/wp\/v2\/pages\/332\/revisions\/1310"}],"wp:attachment":[{"href":"https:\/\/pessoal.uel.br\/gepafe\/wp-json\/wp\/v2\/media?parent=332"}],"curies":[{"name":"wp","href":"https:\/\/api.w.org\/{rel}","templated":true}]}}