{"id":328,"date":"2024-09-01T22:05:46","date_gmt":"2024-09-02T01:05:46","guid":{"rendered":"https:\/\/pessoal.uel.br\/gepafe\/?page_id=328"},"modified":"2025-07-30T10:47:10","modified_gmt":"2025-07-30T13:47:10","slug":"congresso-da-sociedade-brasileira-de-hipertensao","status":"publish","type":"page","link":"https:\/\/pessoal.uel.br\/gepafe\/congresso-da-sociedade-brasileira-de-hipertensao\/","title":{"rendered":"Congresso da Sociedade Brasileira de Hipertens\u00e3o"},"content":{"rendered":"\n<p><\/p>\n\n\n\n<p><strong>2013:<\/strong><\/p>\n\n\n\n<p>TADIOTTO, M.C.; SOUZA, M.F.; ZAMBRIN, L.F.; CAVAZZOTTO, T.G.; QUEIROGA, M.R.; RONQUE, E.R.V.\u00a0Rela\u00e7\u00e3o entre atividade f\u00edsica habitual, comportamento sedent\u00e1rio e press\u00e3o arterial de crian\u00e7as e adolescentes obesos de Guarapuava, Paran\u00e1.\u00a0In: Revista Hipertens\u00e3o. XXI Congresso Brasileiro de Hipertens\u00e3o, Ribeir\u00e3o Preto-SP, 2013. p.139-140.<\/p>\n\n\n\n<p>ZAMBRIN, L.F.; CAVAZZOTTO, T.G.; TADIOTTO, M.C.; SOUZA, M.F.; QUEIROGA, M.R.; RONQUE, E.R.V.; SERASSUELO JUNIOR, H.\u00a0Associa\u00e7\u00e3o entre press\u00e3o arterial elevada e obesidade em crian\u00e7as e adolescentes com excesso de peso.\u00a0In: Revista Hipertens\u00e3o. XXI Congresso Brasileiro de Hipertens\u00e3o, Ribeir\u00e3o Preto-SP, 2013. p.62-63.<\/p>\n\n\n\n<p><strong>2012:<\/strong><\/p>\n\n\n\n<p>SOUZA, M.F.; SILVA, D.R.P.; CARNELOSSI, M.S.; TOMELERI, C.M.; KAWAGUTI, S.S. RONQUE, E.R.V.; CYRINO, E.S.\u00a0Associa\u00e7\u00e3o combinada e isolada da atividade f\u00edsica habitual e da circunfer\u00eancia de cintura com a press\u00e3o arterial em adolescentes. In: Revista Hipertens\u00e3o. XX Congresso Brasileiro de Hipertens\u00e3o, S\u00e3o Paulo-SP, 2012. p.15088.<\/p>\n\n\n\n<p><\/p>\n","protected":false},"excerpt":{"rendered":"<p>2013: TADIOTTO, M.C.; SOUZA, M.F.; ZAMBRIN, L.F.; CAVAZZOTTO, T.G.; QUEIROGA, M.R.; RONQUE, E.R.V.\u00a0Rela\u00e7\u00e3o entre atividade f\u00edsica habitual, comportamento sedent\u00e1rio e press\u00e3o arterial de crian\u00e7as e adolescentes obesos de Guarapuava, Paran\u00e1.\u00a0In: Revista Hipertens\u00e3o. XXI Congresso Brasileiro de Hipertens\u00e3o, Ribeir\u00e3o Preto-SP, 2013. p.139-140. ZAMBRIN, L.F.; CAVAZZOTTO, T.G.; TADIOTTO, M.C.; SOUZA, M.F.; QUEIROGA, M.R.; RONQUE, E.R.V.; SERASSUELO JUNIOR, [&hellip;]<\/p>\n","protected":false},"author":6,"featured_media":0,"parent":0,"menu_order":0,"comment_status":"closed","ping_status":"closed","template":"","meta":{"_acf_changed":false,"footnotes":""},"class_list":["post-328","page","type-page","status-publish","hentry"],"acf":[],"_links":{"self":[{"href":"https:\/\/pessoal.uel.br\/gepafe\/wp-json\/wp\/v2\/pages\/328","targetHints":{"allow":["GET"]}}],"collection":[{"href":"https:\/\/pessoal.uel.br\/gepafe\/wp-json\/wp\/v2\/pages"}],"about":[{"href":"https:\/\/pessoal.uel.br\/gepafe\/wp-json\/wp\/v2\/types\/page"}],"author":[{"embeddable":true,"href":"https:\/\/pessoal.uel.br\/gepafe\/wp-json\/wp\/v2\/users\/6"}],"replies":[{"embeddable":true,"href":"https:\/\/pessoal.uel.br\/gepafe\/wp-json\/wp\/v2\/comments?post=328"}],"version-history":[{"count":4,"href":"https:\/\/pessoal.uel.br\/gepafe\/wp-json\/wp\/v2\/pages\/328\/revisions"}],"predecessor-version":[{"id":1300,"href":"https:\/\/pessoal.uel.br\/gepafe\/wp-json\/wp\/v2\/pages\/328\/revisions\/1300"}],"wp:attachment":[{"href":"https:\/\/pessoal.uel.br\/gepafe\/wp-json\/wp\/v2\/media?parent=328"}],"curies":[{"name":"wp","href":"https:\/\/api.w.org\/{rel}","templated":true}]}}