{"id":325,"date":"2024-09-01T22:05:46","date_gmt":"2024-09-02T01:05:46","guid":{"rendered":"https:\/\/pessoal.uel.br\/gepafe\/?page_id=325"},"modified":"2025-07-30T11:23:18","modified_gmt":"2025-07-30T14:23:18","slug":"congresso-brasileiro-de-atividade-fisica-e-saude-cbafs","status":"publish","type":"page","link":"https:\/\/pessoal.uel.br\/gepafe\/congresso-brasileiro-de-atividade-fisica-e-saude-cbafs\/","title":{"rendered":"Congresso Brasileiro de Atividade F\u00edsica e Sa\u00fade (CBAFS)"},"content":{"rendered":"\n<p><\/p>\n\n\n\n<p><strong>2021:<\/strong><\/p>\n\n\n\n<p>COSTA, J. C.; WEBER, V. R. M.; VOLPATO, L. A.; FREITAS, M. C. M.; BARBOSA, C. C. L.;\u00a0RONQUE, E. R. V.\u00a0. Rela\u00e7\u00e3o entre a for\u00e7a muscular e indicadores de sa\u00fade \u00f3ssea em adultos jovens. In: XIII Congresso Brasileiro de Atividade F\u00edsica e Sa\u00fade, 2021, Manaus &#8211; AM. Revista Brasileira de Atividade F\u00edsica e Sa\u00fade, 2021. v. 26. p. 56-56.<\/p>\n\n\n\n<p>FREITAS, M. C. M.; BUENO, M.R.O.; COSTA, J. C.; WEBER, V. R. M.;\u00a0ROMANZINI, M.;\u00a0RONQUE, E. R. V.\u00a0. A pr\u00e1tica de esportes est\u00e1 associada com atendimento a recomenda\u00e7\u00e3o de atividade f\u00edsica na adolesc\u00eancia?. In: XIII Congresso Brasileiro de Atividade F\u00edsica e Sa\u00fade, 2021, Manaus &#8211; AM. Revista Brasileira de Atividade F\u00edsica e Sa\u00fade, 2021. v. 26. p. 200-200.<\/p>\n\n\n\n<p>WEBER, V. R. M.; COSTA, J. C.; VOLPATO, L. A.; FREITAS, M. C. M.;\u00a0ROMANZINI, M.;\u00a0RONQUE, E. R. V.\u00a0. Compara\u00e7\u00e3o entre alta e baixa aptid\u00e3o cardiorrespirat\u00f3ria para o controle inibit\u00f3rio de adolescentes. In: XIII Congresso Brasileiro de Atividade F\u00edsica e Sa\u00fade, 2021, Manaus &#8211; AM. Revista Brasileira de Atividade F\u00edsica e Sa\u00fade, 2021. v. 26. p. 215-215.<\/p>\n\n\n\n<p><strong>2019:<\/strong><\/p>\n\n\n\n<p>BATISTA, M. B.; ROMANZINI, C. L. P.; BARBOSA, C. C. L.; SHIGAKI, G. B.; RIBEIRO, E. A. G.; BARUKI, S. B. S.;\u00a0RONQUE, E. R. V.\u00a0. Especificidades da participa\u00e7\u00e3o em esportes no jovem e atividade f\u00edsica habitual no adulto. In: XII Congresso Brasileiro de Atividade F\u00edsica e Sa\u00fade, 2019, Bonito &#8211; MS. Revista Brasileira de Atividade F\u00edsica e Sa\u00fade (Anais Suplemento 1). Londrina &#8211; PR: Midiograf, 2019. v. 24. p. 253-253.<\/p>\n\n\n\n<p><strong>2017:<\/strong><\/p>\n\n\n\n<p>BARBOSA, C. C. L.; ROMANZINI, C. L. P.; SHIGAKI, G. B.; NUNES, J. P. A.; COSTA, J. C.; SILVA, L. F. R.;\u00a0BATISTA, M. B.;\u00a0RONQUE, E. R. V.\u00a0. Associa\u00e7\u00e3o entre atividade f\u00edsica habitual e indicadores de aptid\u00e3o muscular em adultos jovens. In: XI Congresso Brasileiro de Atividade F\u00edsica e Sa\u00fade, 2017, Florian\u00f3polis. Revista Brasileira de Atividade F\u00edsica &amp; Sa\u00fade. Florian\u00f3polis: Sociedade Brasileira de Atividade F\u00edsica &amp; Sa\u00fade, 2017. v. 22. p. S491-S491.<\/p>\n\n\n\n<p>BATISTA, M. B.; ROMANZINI, C. L. P.; BARBOSA, C. C. L.; SHIGAKI, G. B.; BUENO, M. R. O.; COSTA, J. C.; MONTES, F. A.;\u00a0RONQUE, E. R. V.\u00a0. Participa\u00e7\u00e3o em esportes na inf\u00e2ncia e adolesc\u00eancia e recomenda\u00e7\u00e3o de atividade f\u00edsica para sa\u00fade na idade adulta. In: XI Congresso Brasileiro de Atividade F\u00edsica e Sa\u00fade, 2017, Florian\u00f3polis. Revista Brasileira de Atividade F\u00edsica &amp; Sa\u00fade. Florian\u00f3polis: Sociedade Brasileira de Atividade F\u00edsica &amp; Sa\u00fade, 2017. v. 22. p. S589-S589.<\/p>\n\n\n\n<p>COSTA, J. C.; SILVA, L. F. R.; FREITAS, M. C. M.; MONTES, F. A.; BUENO, M. R. O.;\u00a0RONQUE, E. R. V.\u00a0. Comportamento sedent\u00e1rio e matura\u00e7\u00e3o som\u00e1tica em jovens atletas de futebol. In: XI Congresso Brasileiro de Atividade F\u00edsica e Sa\u00fade, 2017, Florian\u00f3polis. Revista Brasileira de Atividade F\u00edsica &amp; Sa\u00fade. Florian\u00f3polis: Sociedade Brasileira de Atividade F\u00edsica &amp; Sa\u00fade, 2017. v. 22. p. S524-S524.<\/p>\n\n\n\n<p>FREITAS, M. C. M.; ZAMBRIN, L.F.; BUENO, M. R. O.; RAMOS, D. E.; PANCHONI, C.;\u00a0ROMANZINI, M.;\u00a0RONQUE, E. R. V.\u00a0. Diferen\u00e7a do tempo gasto em atividade f\u00edsica entre escolares do 6\u00ba ano da cidade de Londrina\/PR. In: XI Congresso Brasileiro de Atividade F\u00edsica e Sa\u00fade, 2017, Florian\u00f3polis. Revista Brasileira de Atividade F\u00edsica &amp; Sa\u00fade. Florian\u00f3polis: Sociedade Brasileira de Atividade F\u00edsica &amp; Sa\u00fade, 2017. v. 22. p. S542-S542.<\/p>\n\n\n\n<p>PANCHONI, C.; CAVALLI, S. C.; BUENO, M. R. O.; RAMOS, D. E.; ZAMBRIN, L.F.; COSTA, J. C.;\u00a0RONQUE, E. R. V.;\u00a0ROMANZINI, M.\u00a0. Impacto de diferentes limiares na estimativa do tempo gasto em comportamento sedent\u00e1rio em adolescentes. In: XI Congresso Brasileiro de Atividade F\u00edsica e Sa\u00fade, 2017, Florian\u00f3polis. Revista Brasileira de Atividade F\u00edsica &amp; Sa\u00fade. Florian\u00f3polis: Sociedade Brasileira de Atividade F\u00edsica &amp; Sa\u00fade, 2017. v. 22. p. S564-S564.<\/p>\n\n\n\n<p>ROMANZINI, C. L. P.; BARBOSA, C. C. L.;\u00a0BATISTA, M. B.; SHIGAKI, G. B.;\u00a0ROMANZINI, M.;\u00a0RONQUE, E. R. V.\u00a0. Utiliza\u00e7\u00e3o de um aplicativo de avalia\u00e7\u00e3o moment\u00e2nea ecol\u00f3gica (MEMA) na mensura\u00e7\u00e3o do contexto f\u00edsico e social do comportamento sedent\u00e1rio (CS) de adultos jovens. In: XI Congresso Brasileiro de Atividade F\u00edsica e Sa\u00fade, 2017, Florian\u00f3polis. Revista Brasileira de Atividade F\u00edsica &amp; Sa\u00fade. Florian\u00f3polis: Sociedade Brasileira de Atividade F\u00edsica &amp; Sa\u00fade, 2017. v. 22. p. S635-S635.<\/p>\n\n\n\n<p>SARTORELLI, W.; BUENO, M. R. O.; RAMOS, D. E.; ZAMBRIN, L.F.;\u00a0BATISTA, M. B.; PANCHONI, C.;\u00a0ROMANZINI, M.;\u00a0RONQUE, E. R. V.\u00a0. Pr\u00e1tica de atividade f\u00edsica e horas de sono em escolares de Londrina-PR. In: XI Congresso Brasileiro de Atividade F\u00edsica e Sa\u00fade, 2017, Florian\u00f3polis. Revista Brasileira de Atividade F\u00edsica &amp; Sa\u00fade. Florian\u00f3polis: Sociedade Brasileira de Atividade F\u00edsica &amp; Sa\u00fade, 2017. v. 22. p. S465-S465.<\/p>\n\n\n\n<p>SILVA, F. J. A.; WERNECK, A.O.;\u00a0SILVA, D. R. P.;\u00a0OHARA, D.; OYEYEMI, A. L.;\u00a0RONQUE, E. R. V.;\u00a0SARDINHA, L. B.; CYRINO, E.S. . Atividade f\u00edsica, comportamento sedent\u00e1rio e aulas de educa\u00e7\u00e3o f\u00edsica: PENSE 2015. In: XI Congresso Brasileiro de Atividade F\u00edsica e Sa\u00fade, 2017, Florian\u00f3polis. Revista Brasileira de Atividade F\u00edsica &amp; Sa\u00fade. Florian\u00f3polis: Sociedade Brasileira de Atividade F\u00edsica &amp; Sa\u00fade, 2017. v. 22. p. S183-S183.<\/p>\n\n\n\n<p>SILVA, L. F. R.; COSTA, J. C.; MONTES, F. A.; FREITAS, M. C. M.; BUENO, M. R. O.;\u00a0RONQUE, E. R. V.\u00a0. Pico de velocidade do crescimento e atividade f\u00edsica em jovens futebolistas. In: XI Congresso Brasileiro de Atividade F\u00edsica e Sa\u00fade, 2017, Florian\u00f3polis. Revista Brasileira de Atividade F\u00edsica &amp; Sa\u00fade. Florian\u00f3polis: Sociedade Brasileira de Atividade F\u00edsica &amp; Sa\u00fade, 2017. v. 22. p. S599-S599.<\/p>\n\n\n\n<p><strong>2015:<\/strong><\/p>\n\n\n\n<p>WERNECK, A. O.;\u00a0SILVA, D. R. P.;\u00a0RONQUE, E. R. V.;\u00a0CYRINO, E. S.\u00a0. Fatores associados \u00e0 manuten\u00e7\u00e3o da pr\u00e1tica de atividade f\u00edsica da inf\u00e2ncia \u00e0 adolesc\u00eancia. In: X Congresso Brasileiro de Atividade f\u00edsica e Sa\u00fade, 2015, S\u00e3o Luis. Revista Brasileira de Atividade F\u00edsica e Sa\u00fade. Pelotas, 2015. v. 20. p. 28-28.<\/p>\n\n\n\n<p><strong>2013:<\/strong><\/p>\n\n\n\n<p>BATISTA, M.B.; ROMANZINI, C.L.P.; BLASQUEZ, G.; RONQUE, E.R.V.\u00a0Validade do teste de corrida\/caminhada de uma milha em adolescentes de acordo com o n\u00edvel de atividade f\u00edsica habitual.\u00a0In: Anais IX Congresso Brasileiro de Atividade F\u00edsica e Sa\u00fade, 2013, Curitiba-PR. IX Congresso Brasileiro de Atividade F\u00edsica e Sa\u00fade, 2013, p. 88-88.<\/p>\n\n\n\n<p>MANARIN, G.C.; BLASQUEZ, G.; OLIVEIRA, D.C.X.; RONQUE, E.R.V.\u00a0Compara\u00e7\u00e3o da (in)satisfa\u00e7\u00e3o com a imagem corporal entre atletas de voleibol de categorias mirim e infantil.\u00a0In: Anais IX Congresso Brasileiro de Atividade F\u00edsica e Sa\u00fade, 2013, Curitiba-PR. IX Congresso Brasileiro de Atividade F\u00edsica e Sa\u00fade, 2013, p. 119-119.<\/p>\n\n\n\n<p>ROMANZINI, C.L.P.; ROMANZINI, M.; GON\u00c7ALVES, A.P.R.; AVELAR, A.; RONQUE, E.R.V.\u00a0Compara\u00e7\u00e3o da intensidade de diferentes jogos do Wii Sports em adultos jovens.\u00a0In: Anais IX Congresso Brasileiro de Atividade F\u00edsica e Sa\u00fade, 2013, Curitiba-PR. IX Congresso Brasileiro de Atividade F\u00edsica e Sa\u00fade, 2013, p. 210-210.<\/p>\n\n\n\n<p>SILVA, D.R.P.; FERNANDES, R.A.; RONQUE, E.R.V.; CYRINO, E.S.\u00a0Rela\u00e7\u00e3o da matura\u00e7\u00e3o som\u00e1tica com a pr\u00e1tica de atividade f\u00edsica e comportamento sedent\u00e1rio em adolescentes.\u00a0In: Anais IX Congresso Brasileiro de Atividade F\u00edsica e Sa\u00fade, 2013, Curitiba-PR. IX Congresso Brasileiro de Atividade F\u00edsica e Sa\u00fade, 2013, p. 36-36.<\/p>\n\n\n\n<p>TADIOTTO, M.C.; SOUZA, M.F.; RONQUE, E.R.V.\u00a0Associa\u00e7\u00e3o da atividade f\u00edsica habitual entre pais e filhos.\u00a0In: Anais IX Congresso Brasileiro de Atividade F\u00edsica e Sa\u00fade, 2013, Curitiba-PR. IX Congresso Brasileiro de Atividade F\u00edsica e Sa\u00fade, 2013, p. 38-38..<\/p>\n\n\n\n<p>ZAMBRIN, L.F.; BLASQUEZ, G.; PALUDO, A.C.; CAVAZZOTTO, T.G.; RONQUE, E.R.V.; SERASSUELO JUNIOR, H.\u00a0Compara\u00e7\u00e3o da aptid\u00e3o cardiorrespirat\u00f3ria e gordura corporal entre escolares de escolas p\u00fablica e privada.\u00a0In: Anais IX Congresso Brasileiro de Atividade F\u00edsica e Sa\u00fade, 2013, Curitiba-PR. IX Congresso Brasileiro de Atividade F\u00edsica e Sa\u00fade, 2013, p. 23-23.<\/p>\n\n\n\n<p><strong>2007:<\/strong><\/p>\n\n\n\n<p>GUARIGLIA, D. A.;\u00a0CYRINO, E. S.;\u00a0RONQUE, E. R. V.\u00a0. Reprodutibilidade intra-avaliador em medidas de testes motores aplicados em escolares. In: 6\u00b0 Congresso Brasileiro de Atividade F\u00edsica e Sa\u00fade, 2007, Florianop\u00f3lis. Anais do 6\u00b0 Congresso Brasileiro de Atividade F\u00edsica e Sa\u00fade. Londrina: Midiograf, 2007. v. 12. p. 71-71.<\/p>\n\n\n\n<p><strong>2005:<\/strong><\/p>\n\n\n\n<p>GOBBO, L. A.; CARUZO, W. R.; KAWAGUTI, C. N.;\u00a0MACHADO, D. R. L.;\u00a0RONQUE, E. R. V.\u00a0. Compara\u00e7\u00e3o das caracter\u00edsticas antropom\u00e9tricas de alunos do ensino fundamental de escolas p\u00fablica e particular. In: 5\u00ba Congresso Brasileiro de Atividade F\u00edsica e Sa\u00fade, 2005, Florian\u00f3polis. Revista Brasileira de Atividade F\u00edsica e Sa\u00fade. Londrina &#8211; PR: Midiograf, 2005. v. 10. p. 97.<\/p>\n\n\n\n<p>SANTOS, A. L.;\u00a0BATISTA, M. B.;\u00a0GOBBO, L. A.;\u00a0RONQUE, E. R. V.\u00a0. Composi\u00e7\u00e3o corporal em rapazes de diferentes n\u00edveis maturacionais praticantes de atividade f\u00edsica sistematizada. In: 5\u00ba Congresso Brasileiro de Atividade F\u00edsica e Sa\u00fade, 2005, Florian\u00f3polis. Revista Brasileira de Atividade F\u00edsica e Sa\u00fade. Londrina &#8211; PR: Midiograf, 2005. v. 10. p. 128.<\/p>\n\n\n\n<p>SILVA, A.T.S.; BATISTA, M.B.; SANTOS, A.L.; GOBBO, L.A.; RONQUE, E.R.V.\u00a0Composi\u00e7\u00e3o corporal em rapazes de diferentes n\u00edveis maturacionais praticantes de atividade f\u00edsica sistematizada.\u00a0In: Anais V Congresso Brasileiro de Atividade F\u00edsica e Sa\u00fade, 2005, Florian\u00f3polis-SC. V Congresso Brasileiro de Atividade F\u00edsica e Sa\u00fade, 2005, p. 128-128.<\/p>\n\n\n\n<p><\/p>\n","protected":false},"excerpt":{"rendered":"<p>2021: COSTA, J. C.; WEBER, V. R. M.; VOLPATO, L. A.; FREITAS, M. C. M.; BARBOSA, C. C. L.;\u00a0RONQUE, E. R. V.\u00a0. Rela\u00e7\u00e3o entre a for\u00e7a muscular e indicadores de sa\u00fade \u00f3ssea em adultos jovens. In: XIII Congresso Brasileiro de Atividade F\u00edsica e Sa\u00fade, 2021, Manaus &#8211; AM. Revista Brasileira de Atividade F\u00edsica e Sa\u00fade, [&hellip;]<\/p>\n","protected":false},"author":6,"featured_media":0,"parent":0,"menu_order":0,"comment_status":"closed","ping_status":"closed","template":"","meta":{"_acf_changed":false,"footnotes":""},"class_list":["post-325","page","type-page","status-publish","hentry"],"acf":[],"_links":{"self":[{"href":"https:\/\/pessoal.uel.br\/gepafe\/wp-json\/wp\/v2\/pages\/325","targetHints":{"allow":["GET"]}}],"collection":[{"href":"https:\/\/pessoal.uel.br\/gepafe\/wp-json\/wp\/v2\/pages"}],"about":[{"href":"https:\/\/pessoal.uel.br\/gepafe\/wp-json\/wp\/v2\/types\/page"}],"author":[{"embeddable":true,"href":"https:\/\/pessoal.uel.br\/gepafe\/wp-json\/wp\/v2\/users\/6"}],"replies":[{"embeddable":true,"href":"https:\/\/pessoal.uel.br\/gepafe\/wp-json\/wp\/v2\/comments?post=325"}],"version-history":[{"count":6,"href":"https:\/\/pessoal.uel.br\/gepafe\/wp-json\/wp\/v2\/pages\/325\/revisions"}],"predecessor-version":[{"id":1304,"href":"https:\/\/pessoal.uel.br\/gepafe\/wp-json\/wp\/v2\/pages\/325\/revisions\/1304"}],"wp:attachment":[{"href":"https:\/\/pessoal.uel.br\/gepafe\/wp-json\/wp\/v2\/media?parent=325"}],"curies":[{"name":"wp","href":"https:\/\/api.w.org\/{rel}","templated":true}]}}