{"id":271,"date":"2024-09-01T09:30:18","date_gmt":"2024-09-01T12:30:18","guid":{"rendered":"https:\/\/pessoal.uel.br\/gepafe\/?page_id=271"},"modified":"2024-09-02T00:08:33","modified_gmt":"2024-09-02T03:08:33","slug":"egressos","status":"publish","type":"page","link":"https:\/\/pessoal.uel.br\/gepafe\/egressos\/","title":{"rendered":"Egressos"},"content":{"rendered":"\n<p><strong>Pesquisadores:<\/strong><\/p>\n\n\n\n<figure class=\"wp-block-table alignleft\"><table class=\"has-fixed-layout\"><tbody><tr><td>Dr. Dalmo Roberto Lopes Machado<\/td><td>Dr. Juliano Casonatto<\/td><\/tr><tr><td>Dr. Felipe Fossati Reichert<\/td><td>Dr. Luis Alberto Gobbo<\/td><\/tr><\/tbody><\/table><\/figure>\n\n\n\n<p><strong>Estudantes:<\/strong><\/p>\n\n\n\n<figure class=\"wp-block-table alignleft\"><table class=\"has-fixed-layout\"><tbody><tr><td>Ana Carolina Paludo\/Doutorado<\/td><td>Gustavo Damasceno Moreira\/Mestrado<\/td><\/tr><tr><td>Andr\u00e9 de Oliveira Werneck\/Doutorado<\/td><td>Mariana Souza Carnelossi\/Mestrado<\/td><\/tr><tr><td>Guilherme Alves Grubertt\/Doutorado<\/td><td>Amanda Ventrella\/Gradua\u00e7\u00e3o<\/td><\/tr><tr><td>Let\u00edcia Trindade Cyrino\/Doutorado<\/td><td>Poliana de Souza Oliveira\/Gradua\u00e7\u00e3o<\/td><\/tr><tr><td>Luiz Dib\/Doutorado<\/td><td>Taciane Gomes do Prado\/Gradua\u00e7\u00e3o<\/td><\/tr><tr><td>Mariana Ferreira de Souza\/Doutorado<\/td><td>Thais Ayumi Capelari\/Gradua\u00e7\u00e3o<\/td><\/tr><tr><td>P\u00e2mela de Castro e Souza\/Doutorado<\/td><td>Vinicius Zandonadi Pires\/Gradua\u00e7\u00e3o<\/td><\/tr><tr><td>Timothy Gustavo Cavazzotto\/Doutorado<\/td><td>Vitor Souza Ignez\/Gradua\u00e7\u00e3o<\/td><\/tr><tr><td>Vin\u00edcius M\u00fcller Reis Weber\/Doutorado<\/td><td>Willian Sartorelli\/Gradua\u00e7\u00e3o<\/td><\/tr><\/tbody><\/table><\/figure>\n","protected":false},"excerpt":{"rendered":"<p>Pesquisadores: Dr. Dalmo Roberto Lopes Machado Dr. Juliano Casonatto Dr. Felipe Fossati Reichert Dr. Luis Alberto Gobbo Estudantes: Ana Carolina Paludo\/Doutorado Gustavo Damasceno Moreira\/Mestrado Andr\u00e9 de Oliveira Werneck\/Doutorado Mariana Souza Carnelossi\/Mestrado Guilherme Alves Grubertt\/Doutorado Amanda Ventrella\/Gradua\u00e7\u00e3o Let\u00edcia Trindade Cyrino\/Doutorado Poliana de Souza Oliveira\/Gradua\u00e7\u00e3o Luiz Dib\/Doutorado Taciane Gomes do Prado\/Gradua\u00e7\u00e3o Mariana Ferreira de Souza\/Doutorado Thais Ayumi [&hellip;]<\/p>\n","protected":false},"author":6,"featured_media":0,"parent":0,"menu_order":0,"comment_status":"closed","ping_status":"closed","template":"","meta":{"_acf_changed":false,"footnotes":""},"class_list":["post-271","page","type-page","status-publish","hentry"],"acf":[],"_links":{"self":[{"href":"https:\/\/pessoal.uel.br\/gepafe\/wp-json\/wp\/v2\/pages\/271","targetHints":{"allow":["GET"]}}],"collection":[{"href":"https:\/\/pessoal.uel.br\/gepafe\/wp-json\/wp\/v2\/pages"}],"about":[{"href":"https:\/\/pessoal.uel.br\/gepafe\/wp-json\/wp\/v2\/types\/page"}],"author":[{"embeddable":true,"href":"https:\/\/pessoal.uel.br\/gepafe\/wp-json\/wp\/v2\/users\/6"}],"replies":[{"embeddable":true,"href":"https:\/\/pessoal.uel.br\/gepafe\/wp-json\/wp\/v2\/comments?post=271"}],"version-history":[{"count":3,"href":"https:\/\/pessoal.uel.br\/gepafe\/wp-json\/wp\/v2\/pages\/271\/revisions"}],"predecessor-version":[{"id":470,"href":"https:\/\/pessoal.uel.br\/gepafe\/wp-json\/wp\/v2\/pages\/271\/revisions\/470"}],"wp:attachment":[{"href":"https:\/\/pessoal.uel.br\/gepafe\/wp-json\/wp\/v2\/media?parent=271"}],"curies":[{"name":"wp","href":"https:\/\/api.w.org\/{rel}","templated":true}]}}