{"id":27,"date":"2024-08-28T11:01:06","date_gmt":"2024-08-28T14:01:06","guid":{"rendered":"https:\/\/pessoal.uel.br\/gepafe\/?page_id=27"},"modified":"2024-08-28T11:01:06","modified_gmt":"2024-08-28T14:01:06","slug":"linhas-de-pesquisa","status":"publish","type":"page","link":"https:\/\/pessoal.uel.br\/gepafe\/linhas-de-pesquisa\/","title":{"rendered":"Linhas de Pesquisa"},"content":{"rendered":"\n<p><strong>Inter-rela\u00e7\u00e3o entre atividade f\u00edsica, aptid\u00e3o f\u00edsica e sa\u00fade com \u00eanfase em popula\u00e7\u00f5es jovens<\/strong><\/p>\n\n\n\n<p>Objetivo:<br>Investigar os n\u00edveis de atividade f\u00edsica, aptid\u00e3o f\u00edsica e aspectos relacionados ao crescimento f\u00edsico em ambos os sexos, em diferentes faixas et\u00e1rias; estudar as modifica\u00e7\u00f5es acarretadas por programas de exerc\u00edcios f\u00edsicos regulares nos aspectos morfol\u00f3gicos, fisiol\u00f3gicos e comportamentais, tanto em crian\u00e7as e adolescentes saud\u00e1veis quanto portadores de disfun\u00e7\u00f5es metab\u00f3licas. Analisar a rela\u00e7\u00e3o entre atividade f\u00edsica, aptid\u00e3o f\u00edsica e fatores associados aos comportamentos de riscos \u00e0 sa\u00fade.<\/p>\n\n\n\n<p><br><strong>Medidas e avalia\u00e7\u00e3o em atividade f\u00edsica, aptid\u00e3o f\u00edsica e fatores associados em crian\u00e7as e adolescentes<\/strong><\/p>\n\n\n\n<p>Objetivo:<br>Investigar as caracter\u00edsticas antropom\u00e9tricas e o desempenho f\u00edsico de indiv\u00edduos jovens, e analisar a composi\u00e7\u00e3o corporal e o desempenho motor, de acordo com normas e crit\u00e9rios preestabelecidos pela literatura. Estabelecer compara\u00e7\u00f5es entre diferentes m\u00e9todos de avalia\u00e7\u00e3o morfol\u00f3gica e funcional-motora, al\u00e9m de analisar o impacto dos n\u00edveis da atividade f\u00edsica, aptid\u00e3o f\u00edsica e dos aspectos morfol\u00f3gicos nas diferentes t\u00e9cnicas de medidas e avalia\u00e7\u00e3o em popula\u00e7\u00f5es jovens.<\/p>\n\n\n\n<p><br><strong>O treino em atletas jovens: intera\u00e7\u00e3o dos aspectos biol\u00f3gicos e comportamentais<\/strong><\/p>\n\n\n\n<p>Objetivo:<br>Investigar as caracter\u00edsticas morfol\u00f3gicas, as capacidades funcionais e alguns indicadores psicol\u00f3gicos de jovens atletas em diferentes modalidades competitivas, e analisar a intera\u00e7\u00e3o desses fatores com a matura\u00e7\u00e3o biol\u00f3gica. Identificar a contribui\u00e7\u00e3o das vari\u00e1veis preditoras para o sucesso desportivo em jovens. Analisar as mudan\u00e7as nos aspectos morfol\u00f3gicos, fisiol\u00f3gicos e comportamentais durante a fase de prepara\u00e7\u00e3o desportiva.<\/p>\n","protected":false},"excerpt":{"rendered":"<p>Inter-rela\u00e7\u00e3o entre atividade f\u00edsica, aptid\u00e3o f\u00edsica e sa\u00fade com \u00eanfase em popula\u00e7\u00f5es jovens Objetivo:Investigar os n\u00edveis de atividade f\u00edsica, aptid\u00e3o f\u00edsica e aspectos relacionados ao crescimento f\u00edsico em ambos os sexos, em diferentes faixas et\u00e1rias; estudar as modifica\u00e7\u00f5es acarretadas por programas de exerc\u00edcios f\u00edsicos regulares nos aspectos morfol\u00f3gicos, fisiol\u00f3gicos e comportamentais, tanto em crian\u00e7as e [&hellip;]<\/p>\n","protected":false},"author":6,"featured_media":0,"parent":0,"menu_order":0,"comment_status":"closed","ping_status":"closed","template":"","meta":{"_acf_changed":false,"footnotes":""},"class_list":["post-27","page","type-page","status-publish","hentry"],"acf":[],"_links":{"self":[{"href":"https:\/\/pessoal.uel.br\/gepafe\/wp-json\/wp\/v2\/pages\/27","targetHints":{"allow":["GET"]}}],"collection":[{"href":"https:\/\/pessoal.uel.br\/gepafe\/wp-json\/wp\/v2\/pages"}],"about":[{"href":"https:\/\/pessoal.uel.br\/gepafe\/wp-json\/wp\/v2\/types\/page"}],"author":[{"embeddable":true,"href":"https:\/\/pessoal.uel.br\/gepafe\/wp-json\/wp\/v2\/users\/6"}],"replies":[{"embeddable":true,"href":"https:\/\/pessoal.uel.br\/gepafe\/wp-json\/wp\/v2\/comments?post=27"}],"version-history":[{"count":1,"href":"https:\/\/pessoal.uel.br\/gepafe\/wp-json\/wp\/v2\/pages\/27\/revisions"}],"predecessor-version":[{"id":28,"href":"https:\/\/pessoal.uel.br\/gepafe\/wp-json\/wp\/v2\/pages\/27\/revisions\/28"}],"wp:attachment":[{"href":"https:\/\/pessoal.uel.br\/gepafe\/wp-json\/wp\/v2\/media?parent=27"}],"curies":[{"name":"wp","href":"https:\/\/api.w.org\/{rel}","templated":true}]}}