{"id":199,"date":"2024-08-29T08:59:24","date_gmt":"2024-08-29T11:59:24","guid":{"rendered":"https:\/\/pessoal.uel.br\/gepafe\/?page_id=199"},"modified":"2024-09-01T09:37:16","modified_gmt":"2024-09-01T12:37:16","slug":"revistas","status":"publish","type":"page","link":"https:\/\/pessoal.uel.br\/gepafe\/revistas\/","title":{"rendered":"Revistas"},"content":{"rendered":"\n<figure class=\"wp-block-table\"><table class=\"has-fixed-layout\"><tbody><tr><td><a href=\"http:\/\/www.scielo.br\/scielo.php?script=sci_serial&amp;pid=0066-782X&amp;lng=en&amp;nrm=iso\" target=\"_blank\" rel=\"noreferrer noopener\">Arquivos Brasileiros de Cardiologia<\/a><br><a href=\"http:\/\/www.jped.com.br\/\" target=\"_blank\" rel=\"noreferrer noopener\">Jornal de Pediatria<\/a><br><a href=\"http:\/\/www.elsevier.es\/es\/revistas\/revista-andaluza-medicina-deporte-284\" target=\"_blank\" rel=\"noreferrer noopener\">Revista Andaluza de Medicina del Deporte<\/a><br><a href=\"http:\/\/www.rbceonline.org.br\/revista\/index.php\/RBCE\" target=\"_blank\" rel=\"noreferrer noopener\">Revista Brasileira de Ci\u00eancias do Esporte<\/a><br><a href=\"http:\/\/www.periodicos.ufsc.br\/index.php\/rbcdh\" target=\"_blank\" rel=\"noreferrer noopener\">Revista Brasileira de Cineantropometria e Desempenho Humano<\/a><br><a href=\"http:\/\/www.scielo.br\/scielo.php?script=sci_serial&amp;pid=1413-6538&amp;lng=en&amp;nrm=iso\" target=\"_blank\" rel=\"noreferrer noopener\">Revista Brasileira de Educa\u00e7\u00e3o Especial<\/a><br><a href=\"http:\/\/www.revistasusp.sibi.usp.br\/scielo.php?script=sci_serial&amp;pid=1807-5509&amp;nrm=iso&amp;rep=\" target=\"_blank\" rel=\"noreferrer noopener\">Revista Brasileira de Educa\u00e7\u00e3o F\u00edsica e Esporte<\/a><br><a href=\"http:\/\/www.scielo.br\/scielo.php\/script_sci_serial\/pid_1517-8692\/lng_pt\/nrm_iso\" target=\"_blank\" rel=\"noreferrer noopener\">Revista Brasileira de Medicina do Esporte<\/a><br><a href=\"http:\/\/www.scielo.br\/scielo.php?script=sci_serial&amp;pid=1415-790X\" target=\"_blank\" rel=\"noreferrer noopener\">Revista Brasileira de Epidemiologia<\/a><br><a href=\"http:\/\/www.scielo.br\/scielo.php?script=sci_serial&amp;pid=1519-3829&amp;lng=en&amp;nrm=iso\" target=\"_blank\" rel=\"noreferrer noopener\">Revista Brasileira de Sa\u00fade Materno Infantil<\/a><br><a href=\"http:\/\/www.rc.unesp.br\/ib\/efisica\/motriz\/revista.htm\" target=\"_blank\" rel=\"noreferrer noopener\">Revista Motriz<\/a><br><a href=\"http:\/\/www.scielo.br\/scielo.php?script=sci_serial&amp;pid=0103-0582\" target=\"_blank\" rel=\"noreferrer noopener\">Revista Paulista de Pediatria<\/a><br><a href=\"http:\/\/www.jssm.org\/\" target=\"_blank\" rel=\"noreferrer noopener\">Journal of Sports Science &amp; Medicine<\/a><br><a href=\"http:\/\/ajs.sagepub.com\/\" target=\"_blank\" rel=\"noreferrer noopener\">The American Journal of Sports Medicine<\/a><\/td><\/tr><\/tbody><\/table><\/figure>\n","protected":false},"excerpt":{"rendered":"<p>Arquivos Brasileiros de CardiologiaJornal de PediatriaRevista Andaluza de Medicina del DeporteRevista Brasileira de Ci\u00eancias do EsporteRevista Brasileira de Cineantropometria e Desempenho HumanoRevista Brasileira de Educa\u00e7\u00e3o EspecialRevista Brasileira de Educa\u00e7\u00e3o F\u00edsica e EsporteRevista Brasileira de Medicina do EsporteRevista Brasileira de EpidemiologiaRevista Brasileira de Sa\u00fade Materno InfantilRevista MotrizRevista Paulista de PediatriaJournal of Sports Science &amp; MedicineThe American [&hellip;]<\/p>\n","protected":false},"author":6,"featured_media":0,"parent":0,"menu_order":0,"comment_status":"closed","ping_status":"closed","template":"","meta":{"_acf_changed":false,"footnotes":""},"class_list":["post-199","page","type-page","status-publish","hentry"],"acf":[],"_links":{"self":[{"href":"https:\/\/pessoal.uel.br\/gepafe\/wp-json\/wp\/v2\/pages\/199","targetHints":{"allow":["GET"]}}],"collection":[{"href":"https:\/\/pessoal.uel.br\/gepafe\/wp-json\/wp\/v2\/pages"}],"about":[{"href":"https:\/\/pessoal.uel.br\/gepafe\/wp-json\/wp\/v2\/types\/page"}],"author":[{"embeddable":true,"href":"https:\/\/pessoal.uel.br\/gepafe\/wp-json\/wp\/v2\/users\/6"}],"replies":[{"embeddable":true,"href":"https:\/\/pessoal.uel.br\/gepafe\/wp-json\/wp\/v2\/comments?post=199"}],"version-history":[{"count":2,"href":"https:\/\/pessoal.uel.br\/gepafe\/wp-json\/wp\/v2\/pages\/199\/revisions"}],"predecessor-version":[{"id":278,"href":"https:\/\/pessoal.uel.br\/gepafe\/wp-json\/wp\/v2\/pages\/199\/revisions\/278"}],"wp:attachment":[{"href":"https:\/\/pessoal.uel.br\/gepafe\/wp-json\/wp\/v2\/media?parent=199"}],"curies":[{"name":"wp","href":"https:\/\/api.w.org\/{rel}","templated":true}]}}