{"id":191,"date":"2024-08-29T08:55:15","date_gmt":"2024-08-29T11:55:15","guid":{"rendered":"https:\/\/pessoal.uel.br\/gepafe\/?page_id=191"},"modified":"2025-12-01T19:34:37","modified_gmt":"2025-12-01T22:34:37","slug":"artigos","status":"publish","type":"page","link":"https:\/\/pessoal.uel.br\/gepafe\/artigos\/","title":{"rendered":"Artigos"},"content":{"rendered":"\n<p><\/p>\n\n\n\n<p>Aqui poder\u00e1 encontrar os projetos de pesquisa j\u00e1 realizados pelo GEPAFE e aqueles que ainda est\u00e3o em desenvolvimento. E acessando a p\u00e1gina do projeto ter\u00e1 o resumo das atividades e aos respectivos artigos cient\u00edficos publicados em peri\u00f3dicos nacionais e internacionais de relev\u00e2ncia na \u00e1rea da Educa\u00e7\u00e3o F\u00edsica.<\/p>\n\n\n\n<p><a href=\"https:\/\/pessoal.uel.br\/gepafe\/projetos-de-pesquisa\/\" data-type=\"link\" data-id=\"https:\/\/pessoal.uel.br\/gepafe\/projetos-de-pesquisa\/\">Projetos de Pesquisa<\/a><\/p>\n\n\n\n<p><\/p>\n","protected":false},"excerpt":{"rendered":"<p>Aqui poder\u00e1 encontrar os projetos de pesquisa j\u00e1 realizados pelo GEPAFE e aqueles que ainda est\u00e3o em desenvolvimento. E acessando a p\u00e1gina do projeto ter\u00e1 o resumo das atividades e aos respectivos artigos cient\u00edficos publicados em peri\u00f3dicos nacionais e internacionais de relev\u00e2ncia na \u00e1rea da Educa\u00e7\u00e3o F\u00edsica. Projetos de Pesquisa<\/p>\n","protected":false},"author":6,"featured_media":0,"parent":0,"menu_order":0,"comment_status":"closed","ping_status":"closed","template":"","meta":{"_acf_changed":false,"footnotes":""},"class_list":["post-191","page","type-page","status-publish","hentry"],"acf":[],"_links":{"self":[{"href":"https:\/\/pessoal.uel.br\/gepafe\/wp-json\/wp\/v2\/pages\/191","targetHints":{"allow":["GET"]}}],"collection":[{"href":"https:\/\/pessoal.uel.br\/gepafe\/wp-json\/wp\/v2\/pages"}],"about":[{"href":"https:\/\/pessoal.uel.br\/gepafe\/wp-json\/wp\/v2\/types\/page"}],"author":[{"embeddable":true,"href":"https:\/\/pessoal.uel.br\/gepafe\/wp-json\/wp\/v2\/users\/6"}],"replies":[{"embeddable":true,"href":"https:\/\/pessoal.uel.br\/gepafe\/wp-json\/wp\/v2\/comments?post=191"}],"version-history":[{"count":7,"href":"https:\/\/pessoal.uel.br\/gepafe\/wp-json\/wp\/v2\/pages\/191\/revisions"}],"predecessor-version":[{"id":1450,"href":"https:\/\/pessoal.uel.br\/gepafe\/wp-json\/wp\/v2\/pages\/191\/revisions\/1450"}],"wp:attachment":[{"href":"https:\/\/pessoal.uel.br\/gepafe\/wp-json\/wp\/v2\/media?parent=191"}],"curies":[{"name":"wp","href":"https:\/\/api.w.org\/{rel}","templated":true}]}}