{"id":141,"date":"2024-08-28T15:09:52","date_gmt":"2024-08-28T18:09:52","guid":{"rendered":"https:\/\/pessoal.uel.br\/gepafe\/?page_id=141"},"modified":"2024-09-30T14:08:16","modified_gmt":"2024-09-30T17:08:16","slug":"inscricoes-e-taxas","status":"publish","type":"page","link":"https:\/\/pessoal.uel.br\/gepafe\/inscricoes-e-taxas\/","title":{"rendered":"Inscri\u00e7\u00f5es"},"content":{"rendered":"\n<p><\/p>\n\n\n\n<p>I Simp\u00f3sio de Atividade F\u00edsica e Exerc\u00edcio em Popula\u00e7\u00f5es Pedi\u00e1tricas \u2013 SAFE-PED<\/p>\n\n\n\n<hr class=\"wp-block-separator has-alpha-channel-opacity\" \/>\n\n\n\n<p><strong>Inscri\u00e7\u00f5es<\/strong><\/p>\n\n\n\n<p>Para realizar sua inscri\u00e7\u00e3o acesse o formul\u00e1rio <strong><a href=\"https:\/\/docs.google.com\/forms\/d\/e\/1FAIpQLScHLv2MudRRJLxakyyXSTjbZqkX6Hy2_sGGFLRDwYbtVk-14g\/viewform?usp=sf_link\" data-type=\"link\" data-id=\"https:\/\/docs.google.com\/forms\/d\/1cdWFcqKtAfaYz4vJSbjEcD_5-sQXk4BTiccpj_tCGb0\/edit?ts=66c12d32\" target=\"_blank\" rel=\"noreferrer noopener\">neste link<\/a>.<\/strong><\/p>\n\n\n\n<p><em>(Para os participantes que forem enviar resumo cient\u00edfico para a sess\u00e3o de temas livres, ap\u00f3s a confirma\u00e7\u00e3o da inscri\u00e7\u00e3o via e-mail voc\u00eas ser\u00e3o redirecionados para um link espec\u00edfico para a submiss\u00e3o de resumo cient\u00edfico).<\/em><\/p>\n\n\n\n<hr class=\"wp-block-separator has-alpha-channel-opacity\" \/>\n\n\n\n<h4 class=\"wp-block-heading\">Informa\u00e7\u00f5es importantes<\/h4>\n\n\n\n<p>&#8211; Cada inscri\u00e7\u00e3o permite o envio de um resumo cient\u00edfico;<br>&#8211; Cada inscri\u00e7\u00e3o dar\u00e1 direito a participa\u00e7\u00e3o no evento, n\u00e3o incluindo hospedagem, alimenta\u00e7\u00e3o, translado ou quaisquer outros servi\u00e7os de terceiros;<br>&#8211; Para apresenta\u00e7\u00e3o de trabalho no evento, o autor principal (respons\u00e1vel pela submiss\u00e3o) deve estar inscrito no evento;<br>&#8211; Coautores poder\u00e3o apresentar trabalhos se estiverem devidamente inscritos;<br>&#8211; S\u00f3 \u00e9 permitido fazer a inscri\u00e7\u00e3o uma \u00fanica vez. Ap\u00f3s realiz\u00e1-la o participante ir\u00e1 receber um e-mail confirmando sua inscri\u00e7\u00e3o.<\/p>\n\n\n\n<hr class=\"wp-block-separator has-alpha-channel-opacity\" \/>\n\n\n\n<p><strong>Ao efetuar o seu cadastro voc\u00ea concorda com todos os pontos acima.<\/strong><\/p>\n","protected":false},"excerpt":{"rendered":"<p>I Simp\u00f3sio de Atividade F\u00edsica e Exerc\u00edcio em Popula\u00e7\u00f5es Pedi\u00e1tricas \u2013 SAFE-PED Inscri\u00e7\u00f5es Para realizar sua inscri\u00e7\u00e3o acesse o formul\u00e1rio neste link. (Para os participantes que forem enviar resumo cient\u00edfico para a sess\u00e3o de temas livres, ap\u00f3s a confirma\u00e7\u00e3o da inscri\u00e7\u00e3o via e-mail voc\u00eas ser\u00e3o redirecionados para um link espec\u00edfico para a submiss\u00e3o de resumo [&hellip;]<\/p>\n","protected":false},"author":10,"featured_media":0,"parent":0,"menu_order":0,"comment_status":"closed","ping_status":"closed","template":"","meta":{"_acf_changed":false,"footnotes":""},"class_list":["post-141","page","type-page","status-publish","hentry"],"acf":[],"_links":{"self":[{"href":"https:\/\/pessoal.uel.br\/gepafe\/wp-json\/wp\/v2\/pages\/141","targetHints":{"allow":["GET"]}}],"collection":[{"href":"https:\/\/pessoal.uel.br\/gepafe\/wp-json\/wp\/v2\/pages"}],"about":[{"href":"https:\/\/pessoal.uel.br\/gepafe\/wp-json\/wp\/v2\/types\/page"}],"author":[{"embeddable":true,"href":"https:\/\/pessoal.uel.br\/gepafe\/wp-json\/wp\/v2\/users\/10"}],"replies":[{"embeddable":true,"href":"https:\/\/pessoal.uel.br\/gepafe\/wp-json\/wp\/v2\/comments?post=141"}],"version-history":[{"count":17,"href":"https:\/\/pessoal.uel.br\/gepafe\/wp-json\/wp\/v2\/pages\/141\/revisions"}],"predecessor-version":[{"id":693,"href":"https:\/\/pessoal.uel.br\/gepafe\/wp-json\/wp\/v2\/pages\/141\/revisions\/693"}],"wp:attachment":[{"href":"https:\/\/pessoal.uel.br\/gepafe\/wp-json\/wp\/v2\/media?parent=141"}],"curies":[{"name":"wp","href":"https:\/\/api.w.org\/{rel}","templated":true}]}}