{"id":136,"date":"2024-08-28T14:43:38","date_gmt":"2024-08-28T17:43:38","guid":{"rendered":"https:\/\/pessoal.uel.br\/gepafe\/?page_id=136"},"modified":"2024-11-12T16:25:56","modified_gmt":"2024-11-12T19:25:56","slug":"envio-de-resumos-cientificos","status":"publish","type":"page","link":"https:\/\/pessoal.uel.br\/gepafe\/envio-de-resumos-cientificos\/","title":{"rendered":"Envio de Resumos Cient\u00edficos"},"content":{"rendered":"\n<p><\/p>\n\n\n\n<p>I Simp\u00f3sio de Atividade F\u00edsica e Exerc\u00edcio em Popula\u00e7\u00f5es Pedi\u00e1tricas \u2013 SAFE-PED<\/p>\n\n\n\n<p><strong>INSTRU\u00c7\u00d5ES PARA O ENCAMINHAMENTO DE RESUMOS PARA A SESS\u00c3O DE TEMAS LIVRES<\/strong><\/p>\n\n\n\n<p>1) Ser\u00e3o aceitos somente trabalhos conclu\u00eddos&nbsp;e&nbsp;in\u00e9ditos, ou seja, que n\u00e3o tenham sido previamente apresentados em eventos cient\u00edficos nacionais ou internacionais. A Comiss\u00e3o Cient\u00edfica adotar\u00e1 os seguintes crit\u00e9rios para sele\u00e7\u00e3o dos trabalhos a serem apresentados: formata\u00e7\u00e3o adequada, adequa\u00e7\u00e3o \u00e0 \u00e1rea tem\u00e1tica escolhida; sequ\u00eancia das ideias (organiza\u00e7\u00e3o&nbsp;e&nbsp;clareza); consist\u00eancia de argumenta\u00e7\u00e3o; registro lingu\u00edstico (clareza&nbsp;e&nbsp;corre\u00e7\u00e3o).&nbsp;<\/p>\n\n\n\n<p>2) Os 24 melhores trabalhos avaliados pela comiss\u00e3o cient\u00edfica do I SAFE-PED ser\u00e3o selecionados para apresenta\u00e7\u00e3o dos temas livres. Os demais trabalhos aceitos e que n\u00e3o estiverem entre os 24 melhores ser\u00e3o redirecionados para sess\u00e3o de p\u00f4steres. Todos os trabalhos aceitos ser\u00e3o publicados nos Anais do evento.<\/p>\n\n\n\n<p>3) Os resumos dever\u00e3o ser encaminhados pela plataforma digital Google Forms em formato Word (<a href=\"https:\/\/docs.google.com\/forms\/d\/e\/1FAIpQLSfPY_ZWW6HY-3uaizP53E7EXiqFCF6RNKnkk_9xQRQIr0B0Ow\/viewform?usp=sf_link\" data-type=\"link\" data-id=\"https:\/\/docs.google.com\/forms\/d\/e\/1FAIpQLSfPY_ZWW6HY-3uaizP53E7EXiqFCF6RNKnkk_9xQRQIr0B0Ow\/viewform?usp=sf_link\" target=\"_blank\" rel=\"noreferrer noopener\">clique aqui para submeter o&nbsp;resumo<\/a>) em Fonte Arial, tamanho 11, espa\u00e7amento simples&nbsp;e&nbsp;justificado. O T\u00edtulo deve ser apresentado em letras mai\u00fasculas, com par\u00e1grafo justificado, ocupando no m\u00e1ximo 150 caracteres (com espa\u00e7os). O(s) nome(s) do(s) autor(es) (no m\u00e1ximo seis), seguido pelo endere\u00e7o eletr\u00f4nico (e-mail) do primeiro autor, nome(s) da(s) institui\u00e7\u00e3o(\u00f5es) envolvida(s)&nbsp;e&nbsp;agradecimentos a \u00f3rg\u00e3o(s) financiador(es) (se houver) devem ser apresentados com letras mai\u00fasculas\/min\u00fasculas, com par\u00e1grafo justificado, ocupando no m\u00e1ximo 400 caracteres (com espa\u00e7os). O texto deve ser apresentado em par\u00e1grafo \u00fanico, justificado, ocupando no m\u00e1ximo 2.500 caracteres (com espa\u00e7os)&nbsp;e&nbsp;contendo obrigatoriamente: Introdu\u00e7\u00e3o, Objetivos, M\u00e9todos\/Metodologia (descri\u00e7\u00e3o da amostra, m\u00e9todos&nbsp;e&nbsp;procedimentos), Resultados&nbsp;e&nbsp;Conclus\u00e3o. Os principais resultados devem ser apresentados com informa\u00e7\u00f5es num\u00e9ricas, a partir do tratamento estat\u00edstico utilizado, com indica\u00e7\u00e3o do n\u00edvel de signific\u00e2ncia das an\u00e1lises, quando for o caso. N\u00e3o ser\u00e3o aceitas figuras ou tabelas. <a href=\"https:\/\/pessoal.uel.br\/gepafe\/wp-content\/uploads\/2024\/10\/Modelo_Resumo_SAFE-PED-.docx\" data-type=\"link\" data-id=\"https:\/\/pessoal.uel.br\/gepafe\/wp-content\/uploads\/2024\/10\/Modelo_Resumo_SAFE-PED-.docx\" target=\"_blank\" rel=\"noreferrer noopener\">Clique aqui para obter um modelo para o resumo.<\/a><\/p>\n\n\n\n<p>4) Dever\u00e3o serem enviados dois arquivos. No primeiro dever\u00e1 constar o(s) nome(s) do(s) autor(es) (no m\u00e1ximo seis), seguido pelo endere\u00e7o eletr\u00f4nico (e-mail) do primeiro autor, nome(s) da(s) institui\u00e7\u00e3o(\u00f5es) (publica\u00e7\u00e3o nos Anais do evento). O segundo arquivo dever\u00e1 conter somente o resumo sem as informa\u00e7\u00f5es de autoria (avalia\u00e7\u00e3o cega). O primeiro arquivo dever\u00e1 ser nomeado com o nome do primeiro autor (Ex: Jos\u00e9 Silva.doc) e o segundo arquivo dever\u00e1 conter antes do nome a palavra &#8220;cego&#8221; (Ex: cego Jose Silva.doc).<\/p>\n\n\n\n<p>5) O trabalho ser\u00e1 publicado nos Anais do I Simp\u00f3sio de Atividade F\u00edsica e Exerc\u00edcio para Popula\u00e7\u00f5es Pedi\u00e1tricas, em vers\u00e3o eletr\u00f4nica, sendo de inteira responsabilidade do(s) autor(es) a forma&nbsp;e&nbsp;o conte\u00fado apresentados. Os mesmos declaram tamb\u00e9m que participaram ativamente do planejamento, coleta de dados e reda\u00e7\u00e3o do resumo e informam a inexist\u00eancia de conflito de interesses em rela\u00e7\u00e3o ao presente trabalho;<\/p>\n\n\n\n<p>6) Para cada trabalho apresentado ser\u00e1 emitido um \u00fanico certificado digital com o nome de todos os autores.<\/p>\n\n\n\n<p>7) Os trabalhos que n\u00e3o forem aceitos n\u00e3o ter\u00e3o outra oportunidade para serem enviados com corre\u00e7\u00f5es.<\/p>\n\n\n\n<hr class=\"wp-block-separator has-alpha-channel-opacity\" \/>\n\n\n\n<p><strong>\u00c1REAS TEM\u00c1TICAS PARA O ENCAMINHAMENTO DE RESUMOS<\/strong><\/p>\n\n\n\n<p>\u00c1rea Tem\u00e1tica I \u2013 Aptid\u00e3o F\u00edsica Relacionada \u00e0 Sa\u00fade em Crian\u00e7as e Adolescentes.<br>\u00c1rea Tem\u00e1tica II &#8211; Atividade F\u00edsica, Comportamento Sedent\u00e1rio e Sa\u00fade na Inf\u00e2ncia e na Adolesc\u00eancia.<br>\u00c1rea Tem\u00e1tica III \u2013 Crescimento F\u00edsico, Matura\u00e7\u00e3o Biol\u00f3gica Aplicado a Sa\u00fade e ao Esporte em Jovens.<br>\u00c1rea Tem\u00e1tica IV \u2013 Medidas e Avalia\u00e7\u00e3o em Atividade F\u00edsica, Aptid\u00e3o F\u00edsica e Sa\u00fade em Popula\u00e7\u00f5es Pedi\u00e1tricas.<\/p>\n\n\n\n<hr class=\"wp-block-separator has-alpha-channel-opacity\" \/>\n\n\n\n<p><strong>DATAS&nbsp;E&nbsp;PRAZOS IMPORTANTES<\/strong><\/p>\n\n\n\n<p>1) Abertura do processo de submiss\u00e3o dos trabalhos:<strong>&nbsp;08 de outubro de 2024<\/strong><\/p>\n\n\n\n<p>2) Prazo final para submiss\u00e3o de resumos: <strong>08 de novembro de 2024, 23h59min<\/strong><\/p>\n\n\n\n<p>3) Notifica\u00e7\u00e3o aos autores dos trabalhos selecionados para os Temas Livres:<strong>&nbsp;at\u00e9 15 de novembro de 2024<\/strong><\/p>\n\n\n\n<hr class=\"wp-block-separator has-alpha-channel-opacity\" \/>\n\n\n\n<p><strong>CRIT\u00c9RIOS DE REJEI\u00c7\u00c3O<\/strong><\/p>\n\n\n\n<p>N\u00e3o ser\u00e3o aceitos trabalhos nas seguintes condi\u00e7\u00f5es:<\/p>\n\n\n\n<p>1) Estudos de revis\u00e3o de literatura ou propostas de projeto de pesquisa.<\/p>\n\n\n\n<p>2) Estudos de caso ou relatos de experi\u00eancia n\u00e3o adequadamente justificados ou sem apresenta\u00e7\u00e3o de resultados.<\/p>\n\n\n\n<p>3) Trabalho enviado fora do prazo.<\/p>\n\n\n\n<p>4) Trabalho enviado sem a ficha de identifica\u00e7\u00e3o completamente preenchida.<\/p>\n\n\n\n<p>5)&nbsp;Resumo&nbsp;fora do padr\u00e3o especificado.<\/p>\n\n\n\n<p>6)&nbsp;Resumo&nbsp;com formata\u00e7\u00e3o inadequada.<\/p>\n\n\n\n<p>7) Mais de um trabalho com o mesmo primeiro autor.<\/p>\n\n\n\n<p>8) Trabalhos com metodologia&nbsp;e\/ou an\u00e1lise estat\u00edstica ausente ou inadequada.<\/p>\n\n\n\n<p>9) Resumos com apresenta\u00e7\u00e3o insuficiente de resultados.<\/p>\n\n\n\n<p>10) Trabalhos n\u00e3o relacionados com as \u00e1reas tem\u00e1ticas propostas.<\/p>\n\n\n\n<hr class=\"wp-block-separator has-alpha-channel-opacity\" \/>\n\n\n\n<p><strong>AVISO IMPORTANTE<\/strong><\/p>\n\n\n\n<p>Ser\u00e1 emitido um \u00fanico certificado digital por trabalho apresentado, contendo o nome do autor&nbsp;e&nbsp;co-autores na forma&nbsp;e&nbsp;sequ\u00eancia digitadas no momento do encaminhamento do trabalho. Evite problemas conferindo criteriosamente o seu&nbsp;resumo&nbsp;antes de confirmar o envio das informa\u00e7\u00f5es. Ap\u00f3s o envio n\u00e3o poder\u00e3o ser alteradas informa\u00e7\u00f5es de cadastro, nem do arquivo anexado, mesmo que estas sejam divergentes. Evite confus\u00f5es fazendo uma confer\u00eancia rigorosa antes do encaminhamento.<\/p>\n\n\n\n<hr class=\"wp-block-separator has-alpha-channel-opacity\" \/>\n\n\n\n<p><strong>MODELO PARA RESUMO<\/strong><\/p>\n\n\n\n<p><a href=\"https:\/\/pessoal.uel.br\/gepafe\/wp-content\/uploads\/2024\/10\/Modelo_Resumo_SAFE-PED-.docx\" data-type=\"link\" data-id=\"https:\/\/pessoal.uel.br\/gepafe\/wp-content\/uploads\/2024\/10\/Modelo_Resumo_SAFE-PED-.docx\" target=\"_blank\" rel=\"noreferrer noopener\">Clique aqui para obter um modelo para o resumo.<\/a><\/p>\n\n\n\n<p><\/p>\n","protected":false},"excerpt":{"rendered":"<p>I Simp\u00f3sio de Atividade F\u00edsica e Exerc\u00edcio em Popula\u00e7\u00f5es Pedi\u00e1tricas \u2013 SAFE-PED INSTRU\u00c7\u00d5ES PARA O ENCAMINHAMENTO DE RESUMOS PARA A SESS\u00c3O DE TEMAS LIVRES 1) Ser\u00e3o aceitos somente trabalhos conclu\u00eddos&nbsp;e&nbsp;in\u00e9ditos, ou seja, que n\u00e3o tenham sido previamente apresentados em eventos cient\u00edficos nacionais ou internacionais. A Comiss\u00e3o Cient\u00edfica adotar\u00e1 os seguintes crit\u00e9rios para sele\u00e7\u00e3o dos trabalhos [&hellip;]<\/p>\n","protected":false},"author":10,"featured_media":0,"parent":0,"menu_order":0,"comment_status":"closed","ping_status":"closed","template":"","meta":{"_acf_changed":false,"footnotes":""},"class_list":["post-136","page","type-page","status-publish","hentry"],"acf":[],"_links":{"self":[{"href":"https:\/\/pessoal.uel.br\/gepafe\/wp-json\/wp\/v2\/pages\/136","targetHints":{"allow":["GET"]}}],"collection":[{"href":"https:\/\/pessoal.uel.br\/gepafe\/wp-json\/wp\/v2\/pages"}],"about":[{"href":"https:\/\/pessoal.uel.br\/gepafe\/wp-json\/wp\/v2\/types\/page"}],"author":[{"embeddable":true,"href":"https:\/\/pessoal.uel.br\/gepafe\/wp-json\/wp\/v2\/users\/10"}],"replies":[{"embeddable":true,"href":"https:\/\/pessoal.uel.br\/gepafe\/wp-json\/wp\/v2\/comments?post=136"}],"version-history":[{"count":32,"href":"https:\/\/pessoal.uel.br\/gepafe\/wp-json\/wp\/v2\/pages\/136\/revisions"}],"predecessor-version":[{"id":957,"href":"https:\/\/pessoal.uel.br\/gepafe\/wp-json\/wp\/v2\/pages\/136\/revisions\/957"}],"wp:attachment":[{"href":"https:\/\/pessoal.uel.br\/gepafe\/wp-json\/wp\/v2\/media?parent=136"}],"curies":[{"name":"wp","href":"https:\/\/api.w.org\/{rel}","templated":true}]}}