{"id":13,"date":"2024-08-28T10:52:45","date_gmt":"2024-08-28T13:52:45","guid":{"rendered":"https:\/\/pessoal.uel.br\/gepafe\/?page_id=13"},"modified":"2025-07-18T08:59:55","modified_gmt":"2025-07-18T11:59:55","slug":"historico","status":"publish","type":"page","link":"https:\/\/pessoal.uel.br\/gepafe\/historico\/","title":{"rendered":"Hist\u00f3rico"},"content":{"rendered":"\n<p><\/p>\n\n\n\n<div class=\"wp-block-group\"><div class=\"wp-block-group__inner-container is-layout-constrained wp-block-group-is-layout-constrained\">\n<div class=\"wp-block-group\"><div class=\"wp-block-group__inner-container is-layout-constrained wp-block-group-is-layout-constrained\">\n<div class=\"wp-block-columns is-layout-flex wp-container-core-columns-is-layout-9d6595d7 wp-block-columns-is-layout-flex\">\n<div class=\"wp-block-column is-layout-flow wp-block-column-is-layout-flow\" style=\"flex-basis:100%\">\n<div class=\"wp-block-columns are-vertically-aligned-top is-layout-flex wp-container-core-columns-is-layout-9d6595d7 wp-block-columns-is-layout-flex\">\n<div class=\"wp-block-column is-vertically-aligned-top is-layout-flow wp-block-column-is-layout-flow\" style=\"flex-basis:100%\">\n<div class=\"wp-block-group\"><div class=\"wp-block-group__inner-container is-layout-constrained wp-block-group-is-layout-constrained\">\n<figure class=\"wp-block-table aligncenter is-style-regular\"><table class=\"has-fixed-layout\"><tbody><tr><td class=\"has-text-align-left\" data-align=\"left\">O Grupo de Estudo e Pesquisa em Atividade F\u00edsica e Exerc\u00edcio \u2013 GEPAFE foi criado em 01 de setembro de 2004, no Departamento de Educa\u00e7\u00e3o F\u00edsica da Faculdade de Ci\u00eancias e Tecnologia da UNESP \u2013 Campus de Presidente Prudente. No in\u00edcio, o objetivo foi promover a implementa\u00e7\u00e3o de um projeto de Inicia\u00e7\u00e3o Cient\u00edfica, a fim de oferecer uma oportunidade acad\u00eamica e contribuir para a forma\u00e7\u00e3o de jovens pesquisadores em m\u00e9dio e longo prazo. Em 2006, o GEPAFE passou por uma transi\u00e7\u00e3o institucional, sendo alocado no Departamento de Educa\u00e7\u00e3o F\u00edsica (DEF), no Centro de Educa\u00e7\u00e3o F\u00edsica e Esporte (CEFE) da Universidade Estadual de Londrina (UEL). Vale destacar que ap\u00f3s esses primeiros anos de atividade a proposta come\u00e7ou a ser consolidada com as primeiras aprova\u00e7\u00f5es de alguns dos nossos integrantes nos processos de sele\u00e7\u00e3o para os cursos de p\u00f3s-gradua\u00e7\u00e3o (mestrado e doutorado) em programas recomendados pela Capes. Nesses 20 anos de atua\u00e7\u00e3o o GEPAFE tem investigado nos seus projetos de pesquisa a inter-rela\u00e7\u00e3o entre atividade f\u00edsica, aptid\u00e3o f\u00edsica e sa\u00fade em popula\u00e7\u00f5es pedi\u00e1tricas e formou in\u00fameros pesquisadores que atuam em diversas institui\u00e7\u00f5es nacionais e internacionais. E para comemorar esse tempo de atividades cient\u00edficas e forma\u00e7\u00e3o de recursos humanos o GEPAFE realizou em Dezembro de 2024 o I Simp\u00f3sio de Atividade F\u00edsica e Exerc\u00edcio em Popula\u00e7\u00f5es Pedi\u00e1tricas (SAFE-PED) contando com a presen\u00e7a de pesquisadores da \u00e1rea, alunos e ex-alunos, que tem como tema de investiga\u00e7\u00e3o a atividade f\u00edsica, aptid\u00e3o f\u00edsica e sa\u00fade em popula\u00e7\u00f5es pedi\u00e1tricas, de 18 grupos de pesquisa nacionais e dois internacionais. Assim, marcando a \u00e1rea da Educa\u00e7\u00e3o F\u00edsica na Am\u00e9rica Latina, sendo o primeiro evento com essas caracter\u00edsticas e especificidade na tem\u00e1tica, e durante o simp\u00f3sio houve a cria\u00e7\u00e3o da for\u00e7a tarefa em atividade f\u00edsica e exerc\u00edcio f\u00edsico em popula\u00e7\u00f5es pedi\u00e1tricas com o objetivo de desenvolver projetos multic\u00eantricos entre pesquisadores de institui\u00e7\u00f5es nacionais e internacionais.<\/td><\/tr><\/tbody><\/table><\/figure>\n<\/div><\/div>\n<\/div>\n<\/div>\n<\/div>\n<\/div>\n<\/div><\/div>\n<\/div><\/div>\n","protected":false},"excerpt":{"rendered":"<p>O Grupo de Estudo e Pesquisa em Atividade F\u00edsica e Exerc\u00edcio \u2013 GEPAFE foi criado em 01 de setembro de 2004, no Departamento de Educa\u00e7\u00e3o F\u00edsica da Faculdade de Ci\u00eancias e Tecnologia da UNESP \u2013 Campus de Presidente Prudente. No in\u00edcio, o objetivo foi promover a implementa\u00e7\u00e3o de um projeto de Inicia\u00e7\u00e3o Cient\u00edfica, a fim [&hellip;]<\/p>\n","protected":false},"author":6,"featured_media":0,"parent":0,"menu_order":0,"comment_status":"closed","ping_status":"closed","template":"","meta":{"_acf_changed":false,"footnotes":""},"class_list":["post-13","page","type-page","status-publish","hentry"],"acf":[],"_links":{"self":[{"href":"https:\/\/pessoal.uel.br\/gepafe\/wp-json\/wp\/v2\/pages\/13","targetHints":{"allow":["GET"]}}],"collection":[{"href":"https:\/\/pessoal.uel.br\/gepafe\/wp-json\/wp\/v2\/pages"}],"about":[{"href":"https:\/\/pessoal.uel.br\/gepafe\/wp-json\/wp\/v2\/types\/page"}],"author":[{"embeddable":true,"href":"https:\/\/pessoal.uel.br\/gepafe\/wp-json\/wp\/v2\/users\/6"}],"replies":[{"embeddable":true,"href":"https:\/\/pessoal.uel.br\/gepafe\/wp-json\/wp\/v2\/comments?post=13"}],"version-history":[{"count":8,"href":"https:\/\/pessoal.uel.br\/gepafe\/wp-json\/wp\/v2\/pages\/13\/revisions"}],"predecessor-version":[{"id":1098,"href":"https:\/\/pessoal.uel.br\/gepafe\/wp-json\/wp\/v2\/pages\/13\/revisions\/1098"}],"wp:attachment":[{"href":"https:\/\/pessoal.uel.br\/gepafe\/wp-json\/wp\/v2\/media?parent=13"}],"curies":[{"name":"wp","href":"https:\/\/api.w.org\/{rel}","templated":true}]}}