{"id":1269,"date":"2025-07-28T11:36:44","date_gmt":"2025-07-28T14:36:44","guid":{"rendered":"https:\/\/pessoal.uel.br\/gepafe\/?page_id=1269"},"modified":"2025-07-28T11:45:51","modified_gmt":"2025-07-28T14:45:51","slug":"em-andamento-5","status":"publish","type":"page","link":"https:\/\/pessoal.uel.br\/gepafe\/em-andamento-5\/","title":{"rendered":"Em andamento"},"content":{"rendered":"\n<p><\/p>\n\n\n\n<p>Maria Eduarda Clepachs. 2025. (Graduando em Bacharelado Em Educa\u00e7\u00e3o F\u00edsica) &#8211; Universidade Estadual de Londrina. Orientador: Enio Ricardo Vaz Ronque.<\/p>\n\n\n\n<p>Maria Fernanda D&#8217;Aquino. 2025. (Graduando em Bacharelado Em Educa\u00e7\u00e3o F\u00edsica) &#8211; Universidade Estadual de Londrina. Orientador: Enio Ricardo Vaz Ronque.<\/p>\n\n\n\n<p><\/p>\n","protected":false},"excerpt":{"rendered":"<p>Maria Eduarda Clepachs. 2025. (Graduando em Bacharelado Em Educa\u00e7\u00e3o F\u00edsica) &#8211; Universidade Estadual de Londrina. Orientador: Enio Ricardo Vaz Ronque. Maria Fernanda D&#8217;Aquino. 2025. (Graduando em Bacharelado Em Educa\u00e7\u00e3o F\u00edsica) &#8211; Universidade Estadual de Londrina. Orientador: Enio Ricardo Vaz Ronque.<\/p>\n","protected":false},"author":13,"featured_media":0,"parent":0,"menu_order":0,"comment_status":"closed","ping_status":"closed","template":"","meta":{"_acf_changed":false,"footnotes":""},"class_list":["post-1269","page","type-page","status-publish","hentry"],"acf":[],"_links":{"self":[{"href":"https:\/\/pessoal.uel.br\/gepafe\/wp-json\/wp\/v2\/pages\/1269","targetHints":{"allow":["GET"]}}],"collection":[{"href":"https:\/\/pessoal.uel.br\/gepafe\/wp-json\/wp\/v2\/pages"}],"about":[{"href":"https:\/\/pessoal.uel.br\/gepafe\/wp-json\/wp\/v2\/types\/page"}],"author":[{"embeddable":true,"href":"https:\/\/pessoal.uel.br\/gepafe\/wp-json\/wp\/v2\/users\/13"}],"replies":[{"embeddable":true,"href":"https:\/\/pessoal.uel.br\/gepafe\/wp-json\/wp\/v2\/comments?post=1269"}],"version-history":[{"count":3,"href":"https:\/\/pessoal.uel.br\/gepafe\/wp-json\/wp\/v2\/pages\/1269\/revisions"}],"predecessor-version":[{"id":1288,"href":"https:\/\/pessoal.uel.br\/gepafe\/wp-json\/wp\/v2\/pages\/1269\/revisions\/1288"}],"wp:attachment":[{"href":"https:\/\/pessoal.uel.br\/gepafe\/wp-json\/wp\/v2\/media?parent=1269"}],"curies":[{"name":"wp","href":"https:\/\/api.w.org\/{rel}","templated":true}]}}