{"id":125,"date":"2024-08-28T14:05:24","date_gmt":"2024-08-28T17:05:24","guid":{"rendered":"https:\/\/pessoal.uel.br\/gepafe\/?page_id=125"},"modified":"2024-10-28T10:42:11","modified_gmt":"2024-10-28T13:42:11","slug":"comissao-organizadora-e-cientifica","status":"publish","type":"page","link":"https:\/\/pessoal.uel.br\/gepafe\/comissao-organizadora-e-cientifica\/","title":{"rendered":"Comiss\u00e3o Organizadora e Cient\u00edfica"},"content":{"rendered":"\n<p><\/p>\n\n\n\n<p class=\"has-text-align-center\">I Simp\u00f3sio de Atividade F\u00edsica e Exerc\u00edcio em Popula\u00e7\u00f5es Pedi\u00e1tricas &#8211; SAFE-PED<\/p>\n\n\n\n<hr class=\"wp-block-separator has-alpha-channel-opacity\" \/>\n\n\n\n<p>Presidente Geral: Prof. Dr. Enio Ricardo Vaz Ronque (UEL)<\/p>\n\n\n\n<hr class=\"wp-block-separator has-alpha-channel-opacity\" \/>\n\n\n\n<p><strong>Comiss\u00e3o Organizadora<\/strong><\/p>\n\n\n\n<p>Coordenador Geral: Dr. Julio Cesar da Costa (UEL)<\/p>\n\n\n\n<p>Ddo. Andr\u00e9 de Oliveira Werneck (USP)<\/p>\n\n\n\n<p>Dra. Andreia Pelegrini (UDESC)<\/p>\n\n\n\n<p>Graduanda Bruna de Souza Sanches (UEL)<\/p>\n\n\n\n<p>Dra. Catiana Leila Possamai Romanzini (UEL)<\/p>\n\n\n\n<p>Dra. Cynthia Correa Lopes Barbosa (UTFPr)<\/p>\n\n\n\n<p>Dra. Gabriela Blasquez Shigaki (UNIRP)<\/p>\n\n\n\n<p>Mda. Giulia Signori Lonardoni (UEL)<\/p>\n\n\n\n<p>Mdo. Gabriel Motta Albertuni (UEL)<\/p>\n\n\n\n<p>Fisioterapeuta Gabrielle Zardo Ansolin (UEL)<\/p>\n\n\n\n<p>Dr. H\u00e9lcio Rossi Gon\u00e7alves (UEL)<\/p>\n\n\n\n<p>Mdo. Jo\u00e3o Lucas Marques Ramos (UEL)<\/p>\n\n\n\n<p>Ddo. Leonardo Alex Volpato (UEL)<\/p>\n\n\n\n<p>Dra. Lidyane Ferreira Zambrin (UFMS)<\/p>\n\n\n\n<p>Dr. Marcelo Romanzini (UEL)<\/p>\n\n\n\n<p>Dr. Marco Cossio-Bolanos (UCM-Chile)<\/p>\n\n\n\n<p>Graduanda Maria Fernanda D&#8217;Aquino (UEL)<\/p>\n\n\n\n<p>Graduanda Maria Luiza Marques da Silva (UEL)<\/p>\n\n\n\n<p>Dra. Mariana Biagi Batista (UFMS)<\/p>\n\n\n\n<p>Graduada Milena Chefer Pretz (UEL)<\/p>\n\n\n\n<p>Dda. Mileny Caroline Menezes de Freitas (UEL)<\/p>\n\n\n\n<p>Dr. Paulo Henrique Borges (UFSC)<\/p>\n\n\n\n<p>Mdo. Rafael Moraes Silva de Santana (UEL)<\/p>\n\n\n\n<p>Mdo. Robinson Rodrigues Gomes (UEL)<\/p>\n\n\n\n<p>Dr. R\u00f4mulo Ara\u00fajo Fernandes (UNESP)<\/p>\n\n\n\n<p>Dra. Rossana Anelice Gomez Campos (UCM-Chile)<\/p>\n\n\n\n<p>Ddo. Vinicius Muller Reis Weber (UEL)<\/p>\n\n\n\n<hr class=\"wp-block-separator has-alpha-channel-opacity\" \/>\n\n\n\n<p><strong>Comiss\u00e3o Cient\u00edfica<\/strong><\/p>\n\n\n\n<p>Coordenador Geral: Dr. R\u00f4mulo Ara\u00fajo Fernandes (UNESP)<\/p>\n\n\n\n<p>Dr. Alexandre Moreira (USP)<\/p>\n\n\n\n<p>Dra. Andreia Pelegini (UDESC)<\/p>\n\n\n\n<p>Dra. Catiana Leila Possamai Romanzini (UEL)<\/p>\n\n\n\n<p>Dra. Cynthia Correa Lopes Barbosa (UTFPr)<\/p>\n\n\n\n<p>Dr. Danilo Rodrigues Pereira (UFS)<\/p>\n\n\n\n<p>Dr. Dartagnan Pinto Guedes (UENP)<\/p>\n\n\n\n<p>Dr. Diego Giulliano Destro Christofaro (UNESP)<\/p>\n\n\n\n<p>Dr. Edilson Serpeloni Cyrino (UEL)<\/p>\n\n\n\n<p>Dr. Enio Ricardo Vaz Ronque (UEL)<\/p>\n\n\n\n<p>Dr. Ezequiel Moreira Gon\u00e7alves (UENP)<\/p>\n\n\n\n<p>Dra. Gabriela Blasquez Shigaki (UNIRP)<\/p>\n\n\n\n<p>Dr. H\u00e9lcio Rossi Gon\u00e7alves (UEL)<\/p>\n\n\n\n<p>Dr. H\u00e9lio Serassuelo Junior (UEL)<\/p>\n\n\n\n<p>Dr. Julio Cesar da Costa (UEL)<\/p>\n\n\n\n<p>Dra. Lidyane Ferreira Zambrin (UFMS)<\/p>\n\n\n\n<p>Dr. Luis Alberto Gobbo (UNESP)<\/p>\n\n\n\n<p>Dr. Manuel Jo\u00e3o Coelho-e-Silva (UC-Portugal)<\/p>\n\n\n\n<p>Dr. Marco Cossio-Bola\u00f1os (UCM-Chile)<\/p>\n\n\n\n<p>Dra. Mariana Biagi Batista (UFMS)<\/p>\n\n\n\n<p>Dr. Marcelo Romanzini (UEL)<\/p>\n\n\n\n<p>Dr. Miguel de Arruda (UNICAMP)<\/p>\n\n\n\n<p>Dra. Neiva Leite (UFPR)<\/p>\n\n\n\n<p>Dr. Paulo Henrique Borges (UFSC)<\/p>\n\n\n\n<p>Dr. Ricardo Ribeiro Agostinete (UNESP) <\/p>\n\n\n\n<p>Dra. Rossana G\u00f3mez-Campos (UCM-Chile)<\/p>\n\n\n\n<p><\/p>\n","protected":false},"excerpt":{"rendered":"<p>I Simp\u00f3sio de Atividade F\u00edsica e Exerc\u00edcio em Popula\u00e7\u00f5es Pedi\u00e1tricas &#8211; SAFE-PED Presidente Geral: Prof. Dr. Enio Ricardo Vaz Ronque (UEL) Comiss\u00e3o Organizadora Coordenador Geral: Dr. Julio Cesar da Costa (UEL) Ddo. Andr\u00e9 de Oliveira Werneck (USP) Dra. Andreia Pelegrini (UDESC) Graduanda Bruna de Souza Sanches (UEL) Dra. Catiana Leila Possamai Romanzini (UEL) Dra. Cynthia [&hellip;]<\/p>\n","protected":false},"author":10,"featured_media":0,"parent":0,"menu_order":0,"comment_status":"closed","ping_status":"closed","template":"","meta":{"_acf_changed":false,"footnotes":""},"class_list":["post-125","page","type-page","status-publish","hentry"],"acf":[],"_links":{"self":[{"href":"https:\/\/pessoal.uel.br\/gepafe\/wp-json\/wp\/v2\/pages\/125","targetHints":{"allow":["GET"]}}],"collection":[{"href":"https:\/\/pessoal.uel.br\/gepafe\/wp-json\/wp\/v2\/pages"}],"about":[{"href":"https:\/\/pessoal.uel.br\/gepafe\/wp-json\/wp\/v2\/types\/page"}],"author":[{"embeddable":true,"href":"https:\/\/pessoal.uel.br\/gepafe\/wp-json\/wp\/v2\/users\/10"}],"replies":[{"embeddable":true,"href":"https:\/\/pessoal.uel.br\/gepafe\/wp-json\/wp\/v2\/comments?post=125"}],"version-history":[{"count":28,"href":"https:\/\/pessoal.uel.br\/gepafe\/wp-json\/wp\/v2\/pages\/125\/revisions"}],"predecessor-version":[{"id":937,"href":"https:\/\/pessoal.uel.br\/gepafe\/wp-json\/wp\/v2\/pages\/125\/revisions\/937"}],"wp:attachment":[{"href":"https:\/\/pessoal.uel.br\/gepafe\/wp-json\/wp\/v2\/media?parent=125"}],"curies":[{"name":"wp","href":"https:\/\/api.w.org\/{rel}","templated":true}]}}