{"id":1116,"date":"2025-07-18T09:47:42","date_gmt":"2025-07-18T12:47:42","guid":{"rendered":"https:\/\/pessoal.uel.br\/gepafe\/?page_id=1116"},"modified":"2025-11-18T14:47:20","modified_gmt":"2025-11-18T17:47:20","slug":"aptidao-fisica-e-pratica-de-esportes-na-infancia-e-adolescencia-e-indicadores-de-saude-ossea-na-idade-adulta-interacao-com-trajetorias-da-atividade-fisica-na-idade-adulta","status":"publish","type":"page","link":"https:\/\/pessoal.uel.br\/gepafe\/aptidao-fisica-e-pratica-de-esportes-na-infancia-e-adolescencia-e-indicadores-de-saude-ossea-na-idade-adulta-interacao-com-trajetorias-da-atividade-fisica-na-idade-adulta\/","title":{"rendered":"Aptid\u00e3o f\u00edsica e pr\u00e1tica de esportes na inf\u00e2ncia e adolesc\u00eancia e indicadores de sa\u00fade \u00f3ssea na idade adulta: intera\u00e7\u00e3o com trajet\u00f3rias da atividade f\u00edsica na idade adulta"},"content":{"rendered":"\n<p><\/p>\n\n\n\n<p>Objetivo: analisar a rela\u00e7\u00e3o entre os indicadores da aptid\u00e3o f\u00edsica e a pr\u00e1tica esportiva no per\u00edodo da inf\u00e2ncia e adolesc\u00eancia com indicadores de sa\u00fade \u00f3ssea na idade adulta, e o efeito de media\u00e7\u00e3o de trajet\u00f3rias da atividade f\u00edsica e dos indicadores da adiposidade corporal do adulto. M\u00e9todos: o estudo faz parte do banco de dados do projeto intitulado \u201captid\u00e3o f\u00edsica e pr\u00e1tica de esportes na inf\u00e2ncia e adolesc\u00eancia e fatores de risco biol\u00f3gicos e comportamentais em adultos: um estudo longitudinal de 15 anos\u201d, com delineamento longitudinal, teve sua primeira fase no ano de 2002, com seguimento at\u00e9 2006, e a segunda fase das coletas foi em 2016. Para a terceira fase, cerca de 150 adultos jovens, que participaram das fases I e II, de ambos os sexos, com idade entre 25 e 29 anos ser\u00e3o recrutados. Medidas antropom\u00e9tricas de massa corporal, estatura, circunfer\u00eancia de cintura ser\u00e3o obtidas e o \u00edndice de massa corporal (IMC) ser\u00e1 calculado. Uma bateria de testes motores ser\u00e1 aplicada: teste de sentar-e-alcan\u00e7ar; teste de resist\u00eancia\/for\u00e7a abdominal; teste de salto horizontal; teste de preens\u00e3o manual; teste de corrida vai e vem de 20 metros. Medidas laboratoriais com dinam\u00f4metro isocin\u00e9tico para avaliar a for\u00e7a muscular e a composi\u00e7\u00e3o corporal e a densidade mineral \u00f3ssea ser\u00e1 obtida pelo Dxa. Ademais, a atividade f\u00edsica e o comportamento sedent\u00e1rio ser\u00e3o estimadas pelo m\u00e9todo de acelerometria e a pr\u00e1tica de esportes e informa\u00e7\u00f5es sociodemogr\u00e1ficas ser\u00e3o levantadas por meio de question\u00e1rios. A regress\u00e3o linear simples ser\u00e1 empregada para verificar as rela\u00e7\u00f5es entre as vari\u00e1veis no per\u00edodo da inf\u00e2ncia e adolesc\u00eancia com desfecho na idade adulta. A an\u00e1lise de media\u00e7\u00e3o ser\u00e1 realizada com os procedimentos descritos por Baron e Kenny. a signific\u00e2ncia adotada ser\u00e1 de 5%. Resultados esperados: espera-se que a presente investiga\u00e7\u00e3o auxilie na compreens\u00e3o das vari\u00e1veis estudadas com a sa\u00fade \u00f3ssea em adultos jovens, al\u00e9m de contribuir para que medidas intervencionistas possam prevenir e orientar de maneira adequada a promo\u00e7\u00e3o de sa\u00fade e qualidade de vida nesses indiv\u00edduos e incentivar a\u00e7\u00f5es prim\u00e1rias de sa\u00fade e minimizar gastos p\u00fablicos com doen\u00e7as.<\/p>\n\n\n\n<p><\/p>\n\n\n\n<p><\/p>\n\n\n\n<p><strong>Artigos<\/strong><\/p>\n\n\n\n<p><\/p>\n\n\n\n<p>COSTA, J. C.; BARBOSA, C. C. L.; PELEGRINI, A.; SERASSUELO JUNIOR, H.; GOMEZ-CAMPOS, R. A.; FERNANDES, R. A.;&nbsp;RONQUE, E. R. V. <a href=\"https:\/\/www.thieme-connect.de\/products\/ejournals\/abstract\/10.1055\/a-2461-3687\" data-type=\"link\" data-id=\"https:\/\/www.thieme-connect.de\/products\/ejournals\/abstract\/10.1055\/a-2461-3687\" target=\"_blank\" rel=\"noreferrer noopener\">Physical Activity and Sedentary Behavior on Bone Health in Adults: A Systematic Review<\/a>. International Journal of Sports Medicine, v. 46, p. 164-171, 2025.<\/p>\n\n\n\n<p>COSTA, J. C.; FREITAS, M. C. M.; BARBOSA, C. C. L.; GUZM\u00c1N, A. B.; DE CAMPOS, L. F. C. C.; G\u00d3MEZ-CAMPOS, R.; COSSIO-BOLA\u00d1OS, M.;&nbsp;RONQUE, E. R. V. <a href=\"https:\/\/bmcmusculoskeletdisord.biomedcentral.com\/articles\/10.1186\/s12891-024-07801-7\" data-type=\"link\" data-id=\"https:\/\/bmcmusculoskeletdisord.biomedcentral.com\/articles\/10.1186\/s12891-024-07801-7\" target=\"_blank\" rel=\"noreferrer noopener\">Physical fitness components are bone mineral density predictors in adulthood: cross-sectional study<\/a>. BMC Muskuloskeletal Disorders, v. 25, p. 714, 2024.<\/p>\n\n\n\n<p><\/p>\n","protected":false},"excerpt":{"rendered":"<p>Objetivo: analisar a rela\u00e7\u00e3o entre os indicadores da aptid\u00e3o f\u00edsica e a pr\u00e1tica esportiva no per\u00edodo da inf\u00e2ncia e adolesc\u00eancia com indicadores de sa\u00fade \u00f3ssea na idade adulta, e o efeito de media\u00e7\u00e3o de trajet\u00f3rias da atividade f\u00edsica e dos indicadores da adiposidade corporal do adulto. M\u00e9todos: o estudo faz parte do banco de dados [&hellip;]<\/p>\n","protected":false},"author":13,"featured_media":0,"parent":0,"menu_order":0,"comment_status":"closed","ping_status":"closed","template":"","meta":{"_acf_changed":false,"footnotes":""},"class_list":["post-1116","page","type-page","status-publish","hentry"],"acf":[],"_links":{"self":[{"href":"https:\/\/pessoal.uel.br\/gepafe\/wp-json\/wp\/v2\/pages\/1116","targetHints":{"allow":["GET"]}}],"collection":[{"href":"https:\/\/pessoal.uel.br\/gepafe\/wp-json\/wp\/v2\/pages"}],"about":[{"href":"https:\/\/pessoal.uel.br\/gepafe\/wp-json\/wp\/v2\/types\/page"}],"author":[{"embeddable":true,"href":"https:\/\/pessoal.uel.br\/gepafe\/wp-json\/wp\/v2\/users\/13"}],"replies":[{"embeddable":true,"href":"https:\/\/pessoal.uel.br\/gepafe\/wp-json\/wp\/v2\/comments?post=1116"}],"version-history":[{"count":14,"href":"https:\/\/pessoal.uel.br\/gepafe\/wp-json\/wp\/v2\/pages\/1116\/revisions"}],"predecessor-version":[{"id":1357,"href":"https:\/\/pessoal.uel.br\/gepafe\/wp-json\/wp\/v2\/pages\/1116\/revisions\/1357"}],"wp:attachment":[{"href":"https:\/\/pessoal.uel.br\/gepafe\/wp-json\/wp\/v2\/media?parent=1116"}],"curies":[{"name":"wp","href":"https:\/\/api.w.org\/{rel}","templated":true}]}}