{"id":1115,"date":"2025-07-18T09:47:42","date_gmt":"2025-07-18T12:47:42","guid":{"rendered":"https:\/\/pessoal.uel.br\/gepafe\/?page_id=1115"},"modified":"2025-11-19T15:40:07","modified_gmt":"2025-11-19T18:40:07","slug":"associacao-entre-atividade-fisica-comportamento-sedentario-e-aptidao-cardiorrespiratoria-com-o-controle-cognitivo-na-transicao-da-adolescencia","status":"publish","type":"page","link":"https:\/\/pessoal.uel.br\/gepafe\/associacao-entre-atividade-fisica-comportamento-sedentario-e-aptidao-cardiorrespiratoria-com-o-controle-cognitivo-na-transicao-da-adolescencia\/","title":{"rendered":"Associa\u00e7\u00e3o entre atividade f\u00edsica, comportamento sedent\u00e1rio e aptid\u00e3o cardiorrespirat\u00f3ria com o controle cognitivo na transi\u00e7\u00e3o da adolesc\u00eancia"},"content":{"rendered":"\n<p><\/p>\n\n\n\n<p><\/p>\n\n\n\n<p>O objetivo do presente estudo ser\u00e1 analisar as associa\u00e7\u00f5es entre atividade f\u00edsica (AF), aptid\u00e3o cardiorrespirat\u00f3ria (ACR), comportamento sedent\u00e1rio (CS) com o controle cognitivo durante a adolesc\u00eancia em escolares de ambos os sexos da rede p\u00fablica de ensino do munic\u00edpio de Londrina-PR. Ser\u00e3o eleg\u00edveis para o estudo os alunos das escolas estaduais da cidade de Londrina-PR, da zona urbana, que foram selecionados aleatoriamente de acordo com a proporcionalidade do n\u00famero de escolares matriculados em cinco regi\u00f5es da cidade (norte, sul, leste, oeste e centro) na primeira fase do estudo (2015-2017). Ser\u00e3o coletadas informa\u00e7\u00f5es antropom\u00e9tricas (massa corporal, estatura, altura tronco-cef\u00e1lica, dobras cut\u00e2neas tricipital e subescapular e circunfer\u00eancia de cintura), atividade f\u00edsica e comportamento sedent\u00e1rio (acelerometria), desempenho acad\u00eamico (m\u00e9dia escolar), aptid\u00e3o cardiorrespirat\u00f3ria (teste de shuttle run-20m), sa\u00fade mental (autoconceito \u2013 invent\u00e1rio de <em>piers-harris<\/em>, ansiedade \u2013 escala de ansiedade social para adolescentes e sintomas depressivos \u2013 escala de depress\u00e3o para crian\u00e7as), sono (acelerometria e question\u00e1rio), tr\u00eas testes cognitivos (blocos de <em>corsi<\/em>, <em>flanker test<\/em> e <em>stroop task<\/em>), medidas de ondas cerebrais (eletroencefalografia) e an\u00e1lise sangu\u00ednea de fator neurotr\u00f3fico derivado do c\u00e9rebro. A compara\u00e7\u00e3o entre os sexos ser\u00e1 por meio do teste t de <em>student<\/em> para amostras independentes. Previamente \u00e0 an\u00e1lise de regress\u00e3o linear m\u00faltipla ser\u00e1 realizada a matriz de correla\u00e7\u00e3o entre todas as vari\u00e1veis independentes com o da e os testes cognitivos, estratificado por sexo. Ap\u00f3s esse procedimento, todas as vari\u00e1veis independentes que possu\u00edrem correla\u00e7\u00e3o significativa com o da e com os testes cognitivos (<em>P<\/em>&lt;0,05) entrar\u00e3o no modelo de regress\u00e3o linear m\u00faltipla. O n\u00edvel de signific\u00e2ncia adotado ser\u00e1 de 5%. Os dados ser\u00e3o tratados no pacote computacional do <em>spss<\/em> vers\u00e3o 20.0. Espera-se contribuir no \u00e2mbito cient\u00edfico com a produ\u00e7\u00e3o de artigos, disserta\u00e7\u00f5es e teses, al\u00e9m de contribuir no \u00e2mbito social com o conhecimento para professores da rede estadual de ensino, visando entender a import\u00e2ncia da pratica regular de atividade f\u00edsica e dos riscos do comportamento sedent\u00e1rio na sa\u00fade cognitiva e no desempenho acad\u00eamicos de adolescentes.<\/p>\n\n\n\n<p><\/p>\n\n\n\n<p><\/p>\n\n\n\n<p><strong>Artigos<\/strong><\/p>\n\n\n\n<p><\/p>\n\n\n\n<p>FREITAS, M. C. M.; VOLPATO, L. A.; WEBER, V. M. R.; COSTA, J. C.; MARTINS, C. M. L.; ROMANZINI, M.; MOTA, J.;\u00a0RONQUE, E. R. V. <a href=\"https:\/\/link.springer.com\/article\/10.1007\/s00431-025-06455-4\" data-type=\"link\" data-id=\"https:\/\/link.springer.com\/article\/10.1007\/s00431-025-06455-4\" target=\"_blank\" rel=\"noreferrer noopener\">The relationship between adherence to 24-h movement guidelines and brain-derived neurotrophic factor in adolescents: a cross-sectional study<\/a>. European Journal of Pediatrics, v. 184, p. 606, 2025.\u00a0<\/p>\n\n\n\n<p>VOLPATO, L. A.; WEBER, V. M. R.; LOPES, W. A.; SASAKI, J. E.; ROMANZINI, C. L. P.;\u00a0RONQUE, E. R. V.; ROMANZINI, M. <a href=\"https:\/\/journals.humankinetics.com\/view\/journals\/jpah\/21\/11\/article-p1114.xml\" data-type=\"link\" data-id=\"https:\/\/journals.humankinetics.com\/view\/journals\/jpah\/21\/11\/article-p1114.xml\" target=\"_blank\" rel=\"noreferrer noopener\">Associations Between Substitution of Sedentary Behavior Patterns With Physical Activity and Cardiovascular Risk Factors in Adolescents: A 3-Year Longitudinal Study<\/a>. Journal of Physical Activity &amp; Health, v. 21, p. 1114-1120, 2024.\u00a0<\/p>\n\n\n\n<p>WEBER, V. M. R.; CASTRO-PI\u00d1ERO, J.; COSTA, J. C.; FERNANDES, D. Z.;\u00a0ROMANZINI, M.;\u00a0RONQUE, E. R. V. <a href=\"https:\/\/journals.humankinetics.com\/view\/journals\/pes\/35\/4\/article-p232.xml\" data-type=\"link\" data-id=\"https:\/\/journals.humankinetics.com\/view\/journals\/pes\/35\/4\/article-p232.xml\" target=\"_blank\" rel=\"noreferrer noopener\">Comparison Between Cardiorespiratory Fitness and Functions of Cognitive Control in Adolescents: A Tracking Study of 3\u00a0Years<\/a>. Pediatric Exercise Science, p. 1-7, 2023.\u00a0<\/p>\n\n\n\n<p>VOLPATO, L. A.; COSTA, J. C.;\u00a0RONQUE, E. R. V.;\u00a0ROMANZINI, M. <a href=\"https:\/\/journals.humankinetics.com\/view\/journals\/jpah\/20\/12\/article-p1084.xml\" data-type=\"link\" data-id=\"https:\/\/journals.humankinetics.com\/view\/journals\/jpah\/20\/12\/article-p1084.xml\" target=\"_blank\" rel=\"noreferrer noopener\">Time Reallocations From Sedentary Behavior to Physical Activity and Cardiovascular Risk Factors in Children and Adolescents: A Systematic Review<\/a>. Journal of Physical Activity &amp; Health, v. 20, p. 1084-1091, 2023.\u00a0<\/p>\n\n\n\n<p>WEBER, V. M. R.; COSTA, J. C.; VOLPATO, L. A.; ROMANZINI, M.; CASTRO-PI\u00d1ERO, J. ;\u00a0RONQUE, E. R. V. <a href=\"https:\/\/bmcpediatr.biomedcentral.com\/articles\/10.1186\/s12887-022-03777-2\" data-type=\"link\" data-id=\"https:\/\/bmcpediatr.biomedcentral.com\/articles\/10.1186\/s12887-022-03777-2\" target=\"_blank\" rel=\"noreferrer noopener\">Association between cardiorrespiratory fitness and cognitive control: is somatic maturity an important mediator?<\/a> BMC Pediatrics, v. 22, p. 699, 2022.\u00a0<\/p>\n\n\n\n<p>WEBER, V. M. R.; FERNANDES, D. Z.; VOLPATO, L. A.; BUENO, M. R. O.; ROMANZINI, M.; CASTRO-PI\u00d1ERO, J.;\u00a0RONQUE, E. R. V. <a href=\"https:\/\/bmcpediatr.biomedcentral.com\/articles\/10.1186\/s12887-021-02681-5\" data-type=\"link\" data-id=\"https:\/\/bmcpediatr.biomedcentral.com\/articles\/10.1186\/s12887-021-02681-5\" target=\"_blank\" rel=\"noreferrer noopener\">Development of cardiorespiratory fitness standards for working memory using receiver operating curves in 15-year-old adolescents<\/a>. BMC Pediatrics, v. 21, p. 208, 2021.\u00a0<\/p>\n\n\n\n<p><\/p>\n","protected":false},"excerpt":{"rendered":"<p>O objetivo do presente estudo ser\u00e1 analisar as associa\u00e7\u00f5es entre atividade f\u00edsica (AF), aptid\u00e3o cardiorrespirat\u00f3ria (ACR), comportamento sedent\u00e1rio (CS) com o controle cognitivo durante a adolesc\u00eancia em escolares de ambos os sexos da rede p\u00fablica de ensino do munic\u00edpio de Londrina-PR. Ser\u00e3o eleg\u00edveis para o estudo os alunos das escolas estaduais da cidade de Londrina-PR, [&hellip;]<\/p>\n","protected":false},"author":13,"featured_media":0,"parent":0,"menu_order":0,"comment_status":"closed","ping_status":"closed","template":"","meta":{"_acf_changed":false,"footnotes":""},"class_list":["post-1115","page","type-page","status-publish","hentry"],"acf":[],"_links":{"self":[{"href":"https:\/\/pessoal.uel.br\/gepafe\/wp-json\/wp\/v2\/pages\/1115","targetHints":{"allow":["GET"]}}],"collection":[{"href":"https:\/\/pessoal.uel.br\/gepafe\/wp-json\/wp\/v2\/pages"}],"about":[{"href":"https:\/\/pessoal.uel.br\/gepafe\/wp-json\/wp\/v2\/types\/page"}],"author":[{"embeddable":true,"href":"https:\/\/pessoal.uel.br\/gepafe\/wp-json\/wp\/v2\/users\/13"}],"replies":[{"embeddable":true,"href":"https:\/\/pessoal.uel.br\/gepafe\/wp-json\/wp\/v2\/comments?post=1115"}],"version-history":[{"count":7,"href":"https:\/\/pessoal.uel.br\/gepafe\/wp-json\/wp\/v2\/pages\/1115\/revisions"}],"predecessor-version":[{"id":1376,"href":"https:\/\/pessoal.uel.br\/gepafe\/wp-json\/wp\/v2\/pages\/1115\/revisions\/1376"}],"wp:attachment":[{"href":"https:\/\/pessoal.uel.br\/gepafe\/wp-json\/wp\/v2\/media?parent=1115"}],"curies":[{"name":"wp","href":"https:\/\/api.w.org\/{rel}","templated":true}]}}