{"id":1114,"date":"2025-07-18T09:47:42","date_gmt":"2025-07-18T12:47:42","guid":{"rendered":"https:\/\/pessoal.uel.br\/gepafe\/?page_id=1114"},"modified":"2025-11-18T12:02:24","modified_gmt":"2025-11-18T15:02:24","slug":"relacao-entre-maturacao-biologica-desempenho-tecnico-tatico-e-indicadores-de-fadiga-muscular-em-jovens-futebolistas","status":"publish","type":"page","link":"https:\/\/pessoal.uel.br\/gepafe\/relacao-entre-maturacao-biologica-desempenho-tecnico-tatico-e-indicadores-de-fadiga-muscular-em-jovens-futebolistas\/","title":{"rendered":"Rela\u00e7\u00e3o entre matura\u00e7\u00e3o biol\u00f3gica, desempenho t\u00e9cnico-t\u00e1tico e indicadores de fadiga muscular em jovens futebolistas"},"content":{"rendered":"\n<p><\/p>\n\n\n\n<p><\/p>\n\n\n\n<p>Nos \u00faltimos anos o treino de jovens tem despertado grande interesse por in\u00fameros pesquisadores de diversas \u00e1reas do conhecimento, uma vez que tem sido observado um aumento na participa\u00e7\u00e3o desses indiv\u00edduos em contextos de alto rendimento. Assim, o prop\u00f3sito deste estudo ser\u00e1 analisar a contribui\u00e7\u00e3o de indicadores biol\u00f3gicos na varia\u00e7\u00e3o das capacidades f\u00edsicas, t\u00e9cnico-coordenativas, t\u00e1ticas e psicol\u00f3gicas em jovens futebolistas de 12 a 16 anos de idade e, ainda, a media\u00e7\u00e3o de covari\u00e1veis de tamanho corporal nos indicadores de desempenho. Para tanto, a amostra ser\u00e1 composta por aproximadamente 90 jogadores de futebol, do sexo masculino, pertencentes a equipes de forma\u00e7\u00e3o da regi\u00e3o metropolitana de Londrina-PR. Ser\u00e3o realizadas avalia\u00e7\u00f5es antropom\u00e9tricas de massa corporal, estatura e altura sentada. A composi\u00e7\u00e3o corporal ser\u00e1 avaliada por meio de pletismografia. A matura\u00e7\u00e3o biol\u00f3gica ser\u00e1 estimada pela idade esquel\u00e9tica, mediante radiografia da m\u00e3o e do punho, pela maturidade som\u00e1tica por meio da idade do pico de velocidade de crescimento. Uma bateria de testes para capacidades f\u00edsicas ser\u00e1 realizada \u2013 agilidade, for\u00e7a muscular dos membros inferiores, desempenho aer\u00f3bio e anaer\u00f3bio, resist\u00eancia muscular abdominal. Relativamente ao desempenho t\u00e1tico, ser\u00e3o utilizados o sistema de avalia\u00e7\u00e3o t\u00e1tica no futebol (fut-sat), o rastreamento em campo atrav\u00e9s do programa <em>dvideow<\/em>, o sistema de <em>global positioning system<\/em> (GPS) e o protocolo de conhecimento t\u00e1tico declarativo (ctd). As habilidades espec\u00edficas para o futebol e o desempenho motor ser\u00e3o avaliados pelas baterias propostas por Mor e Christian (1979), pela federa\u00e7\u00e3o portuguesa de futebol e por testes de compet\u00eancia de locomo\u00e7\u00e3o, estabilidade e de manipula\u00e7\u00e3o, respectivamente. A frequ\u00eancia card\u00edaca e a press\u00e3o arterial ser\u00e3o mensuradas para an\u00e1lise da variabilidade da frequ\u00eancia card\u00edaca. An\u00e1lises bioqu\u00edmicas ser\u00e3o realizadas para avaliar o marcador de dano muscular (creatina quinase), o biomarcador metab\u00f3lico (lactato) e o horm\u00f4nio testosterona s\u00e9rica. A an\u00e1lise dos dados ser\u00e1 inicialmente por meio de estat\u00edstica descritiva com valores de m\u00e9dia e desvio padr\u00e3o para caracteriza\u00e7\u00e3o da amostra. A regress\u00e3o linear m\u00faltipla ser\u00e1 utilizada para avaliar as contribui\u00e7\u00f5es relativas das vari\u00e1veis independentes sobre o desempenho t\u00e9cnico-t\u00e1tico. a an\u00e1lise discriminante ser\u00e1 empregada para observar quais vari\u00e1veis discriminam o desempenho t\u00e9cnico dos atletas. J\u00e1 o coeficiente de correla\u00e7\u00e3o de <em>Pearson<\/em> ser\u00e1 adotado para observar as rela\u00e7\u00f5es dos biomarcadores de dano muscular e estresse oxidativo com o status de maturidade. O n\u00edvel de signific\u00e2ncia adotado ser\u00e1 de 5%. Espera-se contribuir no \u00e2mbito cient\u00edfico com a produ\u00e7\u00e3o de artigos, disserta\u00e7\u00f5es e teses, al\u00e9m de contribuir no \u00e2mbito social com o conhecimento para t\u00e9cnicos e treinadores de futebol, visando aprimorar a prescri\u00e7\u00e3o de rotinas de treinamento com maior seguran\u00e7a, garantindo a integridade do atleta e o seu desenvolvimento na modalidade.<\/p>\n\n\n\n<p><\/p>\n\n\n\n<p><\/p>\n\n\n\n<p><strong>Artigos<\/strong><\/p>\n\n\n\n<p><\/p>\n\n\n\n<p>SOUZA, N. M.; SILVA, L. F. R.; BORGES, P. H.; MOURA, F.A.;&nbsp;RONQUE, E. R. V.; COSTA, J. C. <a href=\"https:\/\/www.scielo.br\/j\/rbce\/a\/KFS4V6r6vnkT6Z8593v7c7b\/?lang=en\" data-type=\"link\" data-id=\"https:\/\/www.scielo.br\/j\/rbce\/a\/KFS4V6r6vnkT6Z8593v7c7b\/?lang=en\" target=\"_blank\" rel=\"noreferrer noopener\">Bilateral asymmetries and the performance profile in isokinetic knee assessment in young soccer players according to peak height velocity<\/a>. Revista Brasileira de Ci\u00eancias do Esporte, v. 46, p. e20230058, 2024.&nbsp;<\/p>\n\n\n\n<p>COSTA, J. C.; BORGES, P. H.; SILVA, L. F. R.; WEBER, V. M. R.; MOREIRA, A.;&nbsp;RONQUE, E. R. V. <a href=\"https:\/\/www.termedia.pl\/Body-size-maturation-and-motor-performance-in-young-soccer-players-relationship-to-technical-actions-in-small-sided-games,78,45624,0,1.html\" data-type=\"link\" data-id=\"https:\/\/www.termedia.pl\/Body-size-maturation-and-motor-performance-in-young-soccer-players-relationship-to-technical-actions-in-small-sided-games,78,45624,0,1.html\" target=\"_blank\" rel=\"noreferrer noopener\">Body size, maturation and motor performance in young soccer players: relationship to technical actions in small-sided games<\/a>. Biology of Sport, v. 40, p. 51-61, 2023.&nbsp;<\/p>\n\n\n\n<p>SILVA, L. F. R.; COSTA, J. C.; BORGES, P. H.; MOURA, F. A.; DEMINICE, R.; OLIVEIRA, D. C. X.; OSIECKI, R.;&nbsp;RONQUE, E. R. V. <a href=\"https:\/\/www.thieme-connect.de\/products\/ejournals\/abstract\/10.1055\/a-2046-2747\" data-type=\"link\" data-id=\"https:\/\/www.thieme-connect.de\/products\/ejournals\/abstract\/10.1055\/a-2046-2747\" target=\"_blank\" rel=\"noreferrer noopener\">Relationship between body size and skeletal age with muscle damage in young soccer players<\/a>. International Journal of Sports Medicine, v. 44, p. 664-672, 2023.&nbsp;<\/p>\n\n\n\n<p>BORGES, P. H.; COSTA, J. C.; SILVA, L. F. R. ; MENEGASSI, V. M.; PRA\u00c7A, G. M.; MOURA, F. A.;&nbsp;RONQUE, E. R. V. <a href=\"https:\/\/www.nature.com\/articles\/s41598-023-34833-1\" data-type=\"link\" data-id=\"https:\/\/www.nature.com\/articles\/s41598-023-34833-1\" target=\"_blank\" rel=\"noreferrer noopener\">Maturity-associated variation in the body size, physical fitness, technical efficiency, and network-based centrality measures in young soccer players<\/a>. Scientific Reports, v. 13, p. 7693, 2023.&nbsp;<\/p>\n\n\n\n<p>BORGES, P. H.; COSTA, J. C.; SILVA, L. F. R.; MOURA, F. A.; SERASSUELO JUNIOR, H.; MOREIRA, A.; PRA\u00c7A, G. M.;&nbsp;RONQUE, E. R. V. <a href=\"https:\/\/journals.sagepub.com\/doi\/10.1177\/00315125231165167\" data-type=\"link\" data-id=\"https:\/\/journals.sagepub.com\/doi\/10.1177\/00315125231165167\" target=\"_blank\" rel=\"noreferrer noopener\">Using Social Network Analysis to Study Relationships Between Young Soccer Players? Bone Age, Body Size, and the Centrality of Their Pass Interactions<\/a>. Perceptual and Motor Skills, v. 13, p. 003151252311651, 2023.&nbsp;<\/p>\n\n\n\n<p>BORGES, P. H.; COSTA, J. C.; SILVA, L. F. R. ; PRA\u00c7A, G. M.;&nbsp;RONQUE, E. R. V. <a href=\"https:\/\/www.frontiersin.org\/journals\/psychology\/articles\/10.3389\/fpsyg.2022.873518\/full\" data-type=\"link\" data-id=\"https:\/\/www.frontiersin.org\/journals\/psychology\/articles\/10.3389\/fpsyg.2022.873518\/full\" target=\"_blank\" rel=\"noreferrer noopener\">Combined effect of game position and body size on network-based centrality measures performed by young soccer players in small-sided games<\/a>. Frontiers in Psychology, v. 13, p. 873518, 2022.&nbsp;<\/p>\n\n\n\n<p>COSTA, J. C.; BORGES, P. H.; SILVA, L. F. R.; WEBER, V. R. M.; MOURA, F. A.;&nbsp;MOREIRA, A.;&nbsp;RONQUE, E. R. V. <a href=\"https:\/\/www.scielo.br\/j\/motriz\/a\/FQ8SPdqWn6h5YWTBvw5VPGv\/?lang=en\" data-type=\"link\" data-id=\"https:\/\/www.scielo.br\/j\/motriz\/a\/FQ8SPdqWn6h5YWTBvw5VPGv\/?lang=en\" target=\"_blank\" rel=\"noreferrer noopener\">Do motor performance and specific-skill tests discriminate technical efficiency in small-sided games?<\/a> Motriz, v. 27, p. e10210016320, 2021.&nbsp;<\/p>\n\n\n\n<p><\/p>\n\n\n\n<p><\/p>\n","protected":false},"excerpt":{"rendered":"<p>Nos \u00faltimos anos o treino de jovens tem despertado grande interesse por in\u00fameros pesquisadores de diversas \u00e1reas do conhecimento, uma vez que tem sido observado um aumento na participa\u00e7\u00e3o desses indiv\u00edduos em contextos de alto rendimento. Assim, o prop\u00f3sito deste estudo ser\u00e1 analisar a contribui\u00e7\u00e3o de indicadores biol\u00f3gicos na varia\u00e7\u00e3o das capacidades f\u00edsicas, t\u00e9cnico-coordenativas, t\u00e1ticas [&hellip;]<\/p>\n","protected":false},"author":13,"featured_media":0,"parent":0,"menu_order":0,"comment_status":"closed","ping_status":"closed","template":"","meta":{"_acf_changed":false,"footnotes":""},"class_list":["post-1114","page","type-page","status-publish","hentry"],"acf":[],"_links":{"self":[{"href":"https:\/\/pessoal.uel.br\/gepafe\/wp-json\/wp\/v2\/pages\/1114","targetHints":{"allow":["GET"]}}],"collection":[{"href":"https:\/\/pessoal.uel.br\/gepafe\/wp-json\/wp\/v2\/pages"}],"about":[{"href":"https:\/\/pessoal.uel.br\/gepafe\/wp-json\/wp\/v2\/types\/page"}],"author":[{"embeddable":true,"href":"https:\/\/pessoal.uel.br\/gepafe\/wp-json\/wp\/v2\/users\/13"}],"replies":[{"embeddable":true,"href":"https:\/\/pessoal.uel.br\/gepafe\/wp-json\/wp\/v2\/comments?post=1114"}],"version-history":[{"count":8,"href":"https:\/\/pessoal.uel.br\/gepafe\/wp-json\/wp\/v2\/pages\/1114\/revisions"}],"predecessor-version":[{"id":1352,"href":"https:\/\/pessoal.uel.br\/gepafe\/wp-json\/wp\/v2\/pages\/1114\/revisions\/1352"}],"wp:attachment":[{"href":"https:\/\/pessoal.uel.br\/gepafe\/wp-json\/wp\/v2\/media?parent=1114"}],"curies":[{"name":"wp","href":"https:\/\/api.w.org\/{rel}","templated":true}]}}