{"id":1111,"date":"2025-07-18T09:47:41","date_gmt":"2025-07-18T12:47:41","guid":{"rendered":"https:\/\/pessoal.uel.br\/gepafe\/?page_id=1111"},"modified":"2025-11-18T12:34:09","modified_gmt":"2025-11-18T15:34:09","slug":"crescimento-fisico-maturacao-biologica-composicao-corporal-e-desempenho-fisico-em-jovens-atletas-de-futebol-um-estudo-longitudinal","status":"publish","type":"page","link":"https:\/\/pessoal.uel.br\/gepafe\/crescimento-fisico-maturacao-biologica-composicao-corporal-e-desempenho-fisico-em-jovens-atletas-de-futebol-um-estudo-longitudinal\/","title":{"rendered":"Crescimento f\u00edsico, matura\u00e7\u00e3o biol\u00f3gica, composi\u00e7\u00e3o corporal e desempenho f\u00edsico em jovens atletas de futebol: um estudo longitudinal"},"content":{"rendered":"\n<p><\/p>\n\n\n\n<p><\/p>\n\n\n\n<p>Nas \u00faltimas d\u00e9cadas, o treino desportivo tem despertado grande interesse por in\u00fameros pesquisadores de diversas \u00e1reas do conhecimento, visto que tem sido observado um aumento na participa\u00e7\u00e3o de indiv\u00edduos nos esportes considerados de alto rendimento, sobretudo de crian\u00e7as e jovens. assim, o prop\u00f3sito deste estudo ser\u00e1 analisar a contribui\u00e7\u00e3o relativa da idade, do crescimento f\u00edsico, da composi\u00e7\u00e3o corporal e da matura\u00e7\u00e3o biol\u00f3gica na varia\u00e7\u00e3o das capacidades funcionais e habilidades esportivas espec\u00edficas em jovens futebolistas de 11 a 17 anos de idade. Para tanto, a amostra ser\u00e1 composta aproximadamente por 80 atletas de futebol, do sexo masculino, na faixa et\u00e1ria de 11 a 17 anos de idade, pertencentes a um clube de forma\u00e7\u00e3o de jovens futebolistas no munic\u00edpio de Londrina, Paran\u00e1, Brasil. ser\u00e3o realizadas avalia\u00e7\u00f5es antropom\u00e9tricas de massa corporal, estatura, altura sentada, e medidas de dobras cut\u00e2neas. a composi\u00e7\u00e3o corporal ser\u00e1 obtida pela pletismografia de ar deslocado (BodPod) e por indicadores antropom\u00e9tricos. A matura\u00e7\u00e3o biol\u00f3gica ser\u00e1 estimada pela idade esquel\u00e9tica, mediante radiografia da m\u00e3o e do punho, pela matura\u00e7\u00e3o som\u00e1tica por meio da estatura madura predita e da idade do pico de velocidade de crescimento e pelas caracter\u00edsticas sexuais secund\u00e1rias. Uma bateria de testes para capacidades funcionais motores ser\u00e1 realizada (agilidade, for\u00e7a muscular dos membros inferiores, desempenho aer\u00f3bio e anaer\u00f3bio, resist\u00eancia muscular abdominal) e habilidades espec\u00edficas para o futebol (controle de bola, condu\u00e7\u00e3o de bola, precis\u00e3o de passe e chute). Os resultados obtidos ser\u00e3o tratados inicialmente por procedimentos descritivos de m\u00e9dia e desvio padr\u00e3o. An\u00e1lise de covari\u00e2ncia (Ancova) ser\u00e1 utilizada para compara\u00e7\u00f5es das vari\u00e1veis entre as categorias de jogo e Anova para medidas repetidas ser\u00e1 empregada para as compara\u00e7\u00f5es entre os diferentes momentos do estudo. O teste <em>post hoc<\/em> de S<em>cheff\u00e9<\/em>, para compara\u00e7\u00f5es m\u00faltiplas ser\u00e1 utilizado para <em>P<\/em>&lt;0.05. para verificar a participa\u00e7\u00e3o das vari\u00e1veis preditoras nas capacidades funcionais e habilidades especificas ser\u00e1 utilizada a regress\u00e3o linear m\u00faltipla. O n\u00edvel de signific\u00e2ncia adotado ser\u00e1 de <em>P<\/em>&lt;0,05. espera-se que a presente investiga\u00e7\u00e3o auxilie na gera\u00e7\u00e3o de novos conhecimentos sobre o tema, al\u00e9m de melhorar a prepara\u00e7\u00e3o de jovens no ambiente esportivo.<\/p>\n\n\n\n<p><\/p>\n\n\n\n<p><\/p>\n\n\n\n<p><strong>Artigos<\/strong><\/p>\n\n\n\n<p><\/p>\n\n\n\n<p>COSTA, J. C.; VIGNADELLI, L. Z.; SIM\u00d5ES, A. C.; MOURA, F. A.; SERASSUELO JUNIOR, H.;&nbsp;RONQUE, E. R. V. <a href=\"https:\/\/www.scielo.br\/j\/rbce\/a\/53mhX7yQ95fZRmG4rfCmc5p\/?lang=pt\" data-type=\"link\" data-id=\"https:\/\/www.scielo.br\/j\/rbce\/a\/53mhX7yQ95fZRmG4rfCmc5p\/?lang=pt\" target=\"_blank\" rel=\"noreferrer noopener\">Rela\u00e7\u00e3o entre matura\u00e7\u00e3o esquel\u00e9tica e a orienta\u00e7\u00e3o esportiva em jovens futebolistas<\/a>. Revista Brasileira de Ci\u00eancias do Esporte, v. 42, p. e2022, 2020.&nbsp;<\/p>\n\n\n\n<p>BORGES, P. H.; COSTA, J. C.; SILVA, L. F. R.; GOUV\u00caA, M. A.;&nbsp;RONQUE, E. R. V. <a href=\"https:\/\/journals-sagepub-com.ez78.periodicos.capes.gov.br\/doi\/10.3233\/IES-182160\" data-type=\"link\" data-id=\"https:\/\/journals-sagepub-com.ez78.periodicos.capes.gov.br\/doi\/10.3233\/IES-182160\" target=\"_blank\" rel=\"noreferrer noopener\">Relationship between body size variables and performance in repeated sprints test in young soccer players<\/a>. Isokinetics and Exercise Science, v. 26, p. 275-280, 2018.&nbsp;<\/p>\n\n\n\n<p>GOUVEA, M. A.; CYRINO, E. S.; VALENTE-DOS-SANTOS, J.; RIBEIRO, A. S.;\u00a0SILVA, D. R. P.;\u00a0OHARA, D.; COELHO-E-SILVA, M. J.;\u00a0RONQUE, E. R. V.<strong>\u00a0<\/strong> <a href=\"https:\/\/www.thieme-connect.de\/products\/ejournals\/abstract\/10.1055\/s-0042-122815\" data-type=\"link\" data-id=\"https:\/\/www.thieme-connect.de\/products\/ejournals\/abstract\/10.1055\/s-0042-122815\" target=\"_blank\" rel=\"noreferrer noopener\">Comparison of Skillful vs. Less Skilled Young Soccer Players on Anthropometric, Maturation, Physical Fitness and Time of Practice<\/a>. International Journal of Sports Medicine, v. 38, p. 384-395, 2017.<\/p>\n\n\n\n<p>GOUVEA, M. A.; CYRINO, E. S.; RIBEIRO, A. S.; SILVA, D.;\u00a0OHARA, D.; VALENTE-DOS-SANTOS, J.; COELHO-E-SILVA, M. J.;\u00a0RONQUE, E. R. V. <a href=\"https:\/\/www.thieme-connect.de\/products\/ejournals\/abstract\/10.1055\/s-0035-1569370\" data-type=\"link\" data-id=\"https:\/\/www.thieme-connect.de\/products\/ejournals\/abstract\/10.1055\/s-0035-1569370\" target=\"_blank\" rel=\"noreferrer noopener\">Influence of Skeletal Maturity on Size, Function and Sport-specific Technical Skills in Youth Soccer Players<\/a>. International Journal of Sports Medicine, v. 37, p. 464-469, 2016.\u00a0<\/p>\n\n\n\n<p>SOARES, D. S.; TADIOTTO, M. C.; ZAMBRIN, L. F.; MOURA, F. A.; SERASSUELO JUNIOR, H.;\u00a0RONQUE, E. R. V. <a href=\"https:\/\/www.rbff.com.br\/index.php\/rbff\/article\/view\/358\" data-type=\"link\" data-id=\"https:\/\/www.rbff.com.br\/index.php\/rbff\/article\/view\/358\" target=\"_blank\" rel=\"noreferrer noopener\">Rela\u00e7\u00e3o entre matura\u00e7\u00e3o som\u00e1tica e desempenho f\u00edsico com tend\u00eancia competitiva em jovens futebolistas<\/a>. Revista Brasileira de Futsal e Futebol, v. 7, p. 391-398, 2015.\u00a0<\/p>\n\n\n\n<p>RUY, M. J.; GOUVEA, M. A.; TADIOTTO, M. C.; FRISSELLI, A.; SERASSUELO JUNIOR, H.;\u00a0RONQUE, E. R. V. <a href=\"https:\/\/www.rbff.com.br\/index.php\/rbff\/article\/view\/357\" data-type=\"link\" data-id=\"https:\/\/www.rbff.com.br\/index.php\/rbff\/article\/view\/357\" target=\"_blank\" rel=\"noreferrer noopener\">Rela\u00e7\u00e3o entre testes de habilidades espec\u00edficas para o futebol em jovens com diferentes est\u00e1gios de maturidade<\/a>. Revista Brasileira de Futsal e Futebol, v. 7, p. 382-390, 2015.\u00a0<\/p>\n\n\n\n<p><\/p>\n","protected":false},"excerpt":{"rendered":"<p>Nas \u00faltimas d\u00e9cadas, o treino desportivo tem despertado grande interesse por in\u00fameros pesquisadores de diversas \u00e1reas do conhecimento, visto que tem sido observado um aumento na participa\u00e7\u00e3o de indiv\u00edduos nos esportes considerados de alto rendimento, sobretudo de crian\u00e7as e jovens. assim, o prop\u00f3sito deste estudo ser\u00e1 analisar a contribui\u00e7\u00e3o relativa da idade, do crescimento f\u00edsico, [&hellip;]<\/p>\n","protected":false},"author":13,"featured_media":0,"parent":0,"menu_order":0,"comment_status":"closed","ping_status":"closed","template":"","meta":{"_acf_changed":false,"footnotes":""},"class_list":["post-1111","page","type-page","status-publish","hentry"],"acf":[],"_links":{"self":[{"href":"https:\/\/pessoal.uel.br\/gepafe\/wp-json\/wp\/v2\/pages\/1111","targetHints":{"allow":["GET"]}}],"collection":[{"href":"https:\/\/pessoal.uel.br\/gepafe\/wp-json\/wp\/v2\/pages"}],"about":[{"href":"https:\/\/pessoal.uel.br\/gepafe\/wp-json\/wp\/v2\/types\/page"}],"author":[{"embeddable":true,"href":"https:\/\/pessoal.uel.br\/gepafe\/wp-json\/wp\/v2\/users\/13"}],"replies":[{"embeddable":true,"href":"https:\/\/pessoal.uel.br\/gepafe\/wp-json\/wp\/v2\/comments?post=1111"}],"version-history":[{"count":7,"href":"https:\/\/pessoal.uel.br\/gepafe\/wp-json\/wp\/v2\/pages\/1111\/revisions"}],"predecessor-version":[{"id":1354,"href":"https:\/\/pessoal.uel.br\/gepafe\/wp-json\/wp\/v2\/pages\/1111\/revisions\/1354"}],"wp:attachment":[{"href":"https:\/\/pessoal.uel.br\/gepafe\/wp-json\/wp\/v2\/media?parent=1111"}],"curies":[{"name":"wp","href":"https:\/\/api.w.org\/{rel}","templated":true}]}}