{"id":111,"date":"2024-08-28T11:49:13","date_gmt":"2024-08-28T14:49:13","guid":{"rendered":"https:\/\/pessoal.uel.br\/gepafe\/?page_id=111"},"modified":"2025-12-08T15:50:11","modified_gmt":"2025-12-08T18:50:11","slug":"i-simposio-de-atividade-fisica-e-exercicio-em-populacoes-pediatricas","status":"publish","type":"page","link":"https:\/\/pessoal.uel.br\/gepafe\/i-simposio-de-atividade-fisica-e-exercicio-em-populacoes-pediatricas\/","title":{"rendered":"I Simp\u00f3sio de Atividade F\u00edsica e Exerc\u00edcio em Popula\u00e7\u00f5es Pedi\u00e1tricas"},"content":{"rendered":"\n<div class=\"wp-block-columns is-layout-flex wp-container-core-columns-is-layout-9d6595d7 wp-block-columns-is-layout-flex\">\n<div class=\"wp-block-column is-layout-flow wp-block-column-is-layout-flow\">\n<figure class=\"wp-block-image size-large is-resized\"><a href=\"https:\/\/www.rpcafd.com\/index.php\/rpcafd\/issue\/view\/47\" target=\"_blank\" rel=\" noreferrer noopener\"><img loading=\"lazy\" decoding=\"async\" width=\"724\" height=\"1024\" src=\"https:\/\/pessoal.uel.br\/gepafe\/wp-content\/uploads\/2025\/06\/Anais-I-SAFE-PED-3-724x1024.png\" alt=\"\" class=\"wp-image-1024\" style=\"width:452px;height:auto\" srcset=\"https:\/\/pessoal.uel.br\/gepafe\/wp-content\/uploads\/2025\/06\/Anais-I-SAFE-PED-3-724x1024.png 724w, https:\/\/pessoal.uel.br\/gepafe\/wp-content\/uploads\/2025\/06\/Anais-I-SAFE-PED-3-212x300.png 212w, https:\/\/pessoal.uel.br\/gepafe\/wp-content\/uploads\/2025\/06\/Anais-I-SAFE-PED-3-768x1086.png 768w, https:\/\/pessoal.uel.br\/gepafe\/wp-content\/uploads\/2025\/06\/Anais-I-SAFE-PED-3-1086x1536.png 1086w, https:\/\/pessoal.uel.br\/gepafe\/wp-content\/uploads\/2025\/06\/Anais-I-SAFE-PED-3.png 1414w\" sizes=\"auto, (max-width: 724px) 100vw, 724px\" \/><\/a><\/figure>\n<\/div>\n\n\n\n<div class=\"wp-block-column is-layout-flow wp-block-column-is-layout-flow\">\n<p><\/p>\n\n\n\n<p><\/p>\n\n\n\n<p class=\"has-medium-font-size\"><a href=\"https:\/\/pessoal.uel.br\/gepafe\/programacao-geral\/\" data-type=\"page\" data-id=\"221\">Programa\u00e7\u00e3o Geral<\/a><\/p>\n\n\n\n<p class=\"has-medium-font-size\"><a href=\"https:\/\/pessoal.uel.br\/gepafe\/comissao-organizadora-e-cientifica\/\" data-type=\"page\" data-id=\"125\">Comiss\u00e3o Organizadora e Cient\u00edfica<\/a><\/p>\n\n\n\n<p class=\"has-medium-font-size\"><a href=\"https:\/\/pessoal.uel.br\/gepafe\/inscricoes\/\" data-type=\"link\" data-id=\"https:\/\/pessoal.uel.br\/gepafe\/inscricoes-e-taxas\/\">Inscri\u00e7\u00f5es<\/a><\/p>\n\n\n\n<p class=\"has-medium-font-size\"><a href=\"https:\/\/pessoal.uel.br\/gepafe\/envio-de-resumos-cientificos\/\" data-type=\"link\" data-id=\"https:\/\/pessoal.uel.br\/gepafe\/envio-de-resumos-cientificos\/\">Envio de Resumos<\/a><\/p>\n\n\n\n<p class=\"has-medium-font-size\"><a href=\"https:\/\/pessoal.uel.br\/gepafe\/informacoes\/\" data-type=\"page\" data-id=\"598\">Informa\u00e7\u00f5es<\/a><\/p>\n\n\n\n<p class=\"has-medium-font-size\"><a href=\"https:\/\/pessoal.uel.br\/gepafe\/contato\/\" data-type=\"page\" data-id=\"222\">Contato<\/a><\/p>\n\n\n\n<p><a href=\"https:\/\/pessoal.uel.br\/gepafe\/fotos-2\/\">Fotos<\/a><\/p>\n\n\n\n<p><\/p>\n<\/div>\n<\/div>\n","protected":false},"excerpt":{"rendered":"<p>Programa\u00e7\u00e3o Geral Comiss\u00e3o Organizadora e Cient\u00edfica Inscri\u00e7\u00f5es Envio de Resumos Informa\u00e7\u00f5es Contato Fotos<\/p>\n","protected":false},"author":10,"featured_media":0,"parent":0,"menu_order":0,"comment_status":"closed","ping_status":"closed","template":"","meta":{"_acf_changed":false,"footnotes":""},"class_list":["post-111","page","type-page","status-publish","hentry"],"acf":[],"_links":{"self":[{"href":"https:\/\/pessoal.uel.br\/gepafe\/wp-json\/wp\/v2\/pages\/111","targetHints":{"allow":["GET"]}}],"collection":[{"href":"https:\/\/pessoal.uel.br\/gepafe\/wp-json\/wp\/v2\/pages"}],"about":[{"href":"https:\/\/pessoal.uel.br\/gepafe\/wp-json\/wp\/v2\/types\/page"}],"author":[{"embeddable":true,"href":"https:\/\/pessoal.uel.br\/gepafe\/wp-json\/wp\/v2\/users\/10"}],"replies":[{"embeddable":true,"href":"https:\/\/pessoal.uel.br\/gepafe\/wp-json\/wp\/v2\/comments?post=111"}],"version-history":[{"count":34,"href":"https:\/\/pessoal.uel.br\/gepafe\/wp-json\/wp\/v2\/pages\/111\/revisions"}],"predecessor-version":[{"id":1508,"href":"https:\/\/pessoal.uel.br\/gepafe\/wp-json\/wp\/v2\/pages\/111\/revisions\/1508"}],"wp:attachment":[{"href":"https:\/\/pessoal.uel.br\/gepafe\/wp-json\/wp\/v2\/media?parent=111"}],"curies":[{"name":"wp","href":"https:\/\/api.w.org\/{rel}","templated":true}]}}