{"id":1107,"date":"2025-07-18T09:47:41","date_gmt":"2025-07-18T12:47:41","guid":{"rendered":"https:\/\/pessoal.uel.br\/gepafe\/?page_id=1107"},"modified":"2025-11-19T15:25:48","modified_gmt":"2025-11-19T18:25:48","slug":"analise-do-crescimento-fisico-e-da-aptidao-fisica-relacionada-a-saude-em-escolares-de-alto-nivel-socioeconomico","status":"publish","type":"page","link":"https:\/\/pessoal.uel.br\/gepafe\/analise-do-crescimento-fisico-e-da-aptidao-fisica-relacionada-a-saude-em-escolares-de-alto-nivel-socioeconomico\/","title":{"rendered":"An\u00e1lise do crescimento f\u00edsico e da aptid\u00e3o f\u00edsica relacionada \u00e0 sa\u00fade em escolares de alto n\u00edvel socioecon\u00f4mico"},"content":{"rendered":"\n<p><\/p>\n\n\n\n<p>O crescimento f\u00edsico e a aptid\u00e3o f\u00edsica relacionada \u00e0 sa\u00fade de crian\u00e7as e adolescentes tem sido alvo de muitos estudos ao longo da \u00faltima d\u00e9cada. apesar disso, poucas s\u00e3o as informa\u00e7\u00f5es dispon\u00edveis a esse respeito na popula\u00e7\u00e3o de escolares de alto n\u00edvel socioecon\u00f4mico. Assim, o prop\u00f3sito deste estudo ser\u00e1 analisar o crescimento f\u00edsico e os n\u00edveis de aptid\u00e3o f\u00edsica relacionada \u00e0 sa\u00fade de escolares de 7 a 10 anos, de ambos os sexos, de alto n\u00edvel socioecon\u00f4mico. Para tanto, a amostra ser\u00e1 selecionada de forma intencional e ser\u00e1 composta por aproximadamente 20% dos escolares da referida faixa et\u00e1ria, matriculados nas escolas pertencentes \u00e0 rede particular de ensino do munic\u00edpio de Londrina\/PR. Medidas antropom\u00e9tricas de massa corporal, estatura, espessura de dobras cut\u00e2neas (tricipital e subescapular) e o per\u00edmetro de bra\u00e7o relaxado ser\u00e3o realizadas para a determina\u00e7\u00e3o do \u00edndice de massa corporal (IMC), gordura corporal relativa, e a \u00e1rea muscular do bra\u00e7o. Uma bateria de testes motores ser\u00e1 empregada para a avalia\u00e7\u00e3o do desempenho motor em atividades envolvendo os diferentes componentes da aptid\u00e3o f\u00edsica relacionada \u00e0 sa\u00fade (for\u00e7a, resist\u00eancia muscular, resist\u00eancia cardiorrespirat\u00f3ria e flexibilidade). Um question\u00e1rio desenvolvido e validado para a classifica\u00e7\u00e3o do n\u00edvel socioecon\u00f4mico dos participantes ser\u00e1 aplicado. Todas as informa\u00e7\u00f5es ser\u00e3o tratadas estatisticamente mediante procedimentos descritivos, testes de compara\u00e7\u00f5es m\u00faltiplas, an\u00e1lise de regress\u00e3o simples e multivariada. tabelas de percentis ser\u00e3o desenvolvidas de acordo com a faixa et\u00e1ria e sexo, para as diferentes vari\u00e1veis a serem analisadas. Espera-se que essa investiga\u00e7\u00e3o possa produzir informa\u00e7\u00f5es relevantes, sobretudo, na perspectiva da promo\u00e7\u00e3o da sa\u00fade e que os resultados possam subsidiar a\u00e7\u00f5es de interven\u00e7\u00e3o que favore\u00e7am a melhoria da qualidade de vida das futuras gera\u00e7\u00f5es.<\/p>\n\n\n\n<p><strong>Artigos<\/strong><\/p>\n\n\n\n<p><\/p>\n\n\n\n<p>WERNECK, A.O.; AGOSTINETE, R. R.;\u00a0FERNANDES, R. A.; VALENTE-DOS-SANTOS, J.; COELHO-E-SILVA, M. J.;\u00a0RONQUE, E. R. V. <a href=\"https:\/\/www.scielo.br\/j\/rpp\/a\/JmryfyqSJP6q7vLFMxvRJ8x\/?lang=en\" data-type=\"link\" data-id=\"https:\/\/www.scielo.br\/j\/rpp\/a\/JmryfyqSJP6q7vLFMxvRJ8x\/?lang=en\" target=\"_blank\" rel=\"noreferrer noopener\">Tracking of cardiorespiratory fitness from childhood to early adolescence: moderation effect of somatic maturation<\/a>. Revista Paulista de Pediatria (Impresso), v. 37, p. 338-344, 2019.\u00a0<\/p>\n\n\n\n<p>WERNECK, A. O.; SILVA, D. R.; OYEYEMI, A. L.; FERNANDES, R. A.; ROMANZINI, M.; CYRINO, E. S.; ARRUDA, M.;\u00a0RONQUE, E. R. V. <a href=\"https:\/\/onlinelibrary.wiley.com\/doi\/10.1002\/ajhb.23221\" data-type=\"link\" data-id=\"https:\/\/onlinelibrary.wiley.com\/doi\/10.1002\/ajhb.23221\" target=\"_blank\" rel=\"noreferrer noopener\">Tracking of physical fitness in elementary schoolchildren: The role of changes in body fat<\/a>. American Journal of Human Biology, v. 12, p. e23221, 2019.\u00a0<\/p>\n\n\n\n<p>PRADO, T. G.; COSTA, J. C.; BUENO, M. R. O.;\u00a0BATISTA, M. B.;\u00a0ROMANZINI, M.;\u00a0RONQUE, E. R. V. <a href=\"https:\/\/www.scielo.br\/j\/rbme\/a\/77GRsjGGg7t4qnMZ4KXR6yt\/?lang=en\" data-type=\"link\" data-id=\"https:\/\/www.scielo.br\/j\/rbme\/a\/77GRsjGGg7t4qnMZ4KXR6yt\/?lang=en\" target=\"_blank\" rel=\"noreferrer noopener\">Tracking of nutritional status between childhood and adolescence in schoolchildren<\/a>. Revista Brasileira de Medicina do Esporte, v. 24, p. 446-449, 2018.\u00a0<\/p>\n\n\n\n<p>WERNECK, A. O.; SILVA, D. R.; BUENO, M. R. O.; FERNANDES, R. A.;\u00a0RONQUE, E. R. V. <a href=\"https:\/\/onlinelibrary.wiley.com\/doi\/10.1002\/ajhb.23151\" data-type=\"link\" data-id=\"https:\/\/onlinelibrary.wiley.com\/doi\/10.1002\/ajhb.23151\" target=\"_blank\" rel=\"noreferrer noopener\">Body adiposity from childhood to adolescence in boys: Interaction with somatic maturity<\/a>. American Journal of Human Biology, v. 30, p. e23151, 2018.\u00a0<\/p>\n\n\n\n<p>RONQUE, E. R. V.; WERNECK, A. O.; BUENO, M. R. O.; CYRINO, E. S.; STANGANELLI, L. C. R.;&nbsp;ARRUDA, M. <a href=\"https:\/\/journals.plos.org\/plosone\/article?id=10.1371\/journal.pone.0191908\" data-type=\"link\" data-id=\"https:\/\/journals.plos.org\/plosone\/article?id=10.1371\/journal.pone.0191908\" target=\"_blank\" rel=\"noreferrer noopener\">Tracking of body adiposity indicators from childhood to adolescence: Mediation by BMI<\/a>. PLoS One, v. 13, p. e0191908, 2018.&nbsp;<\/p>\n\n\n\n<p>RONQUE, E. R. V.;&nbsp;CYRINO, E. S.;&nbsp;MORTATTI, A. L.;&nbsp;MOREIRA, A.;&nbsp;AVELAR, A.;&nbsp;CARVALHO, F. O.;&nbsp;ARRUDA, M. <a href=\"https:\/\/www.scielo.br\/j\/rpp\/a\/5tJBH4yY5RXxHcwzkzwhmFg\/?lang=pt\" data-type=\"link\" data-id=\"https:\/\/www.scielo.br\/j\/rpp\/a\/5tJBH4yY5RXxHcwzkzwhmFg\/?lang=pt\" target=\"_blank\" rel=\"noreferrer noopener\">Rela\u00e7\u00e3o entre aptid\u00e3o cardiorrespirat\u00f3ria e indicadores de adiposidade corporal em adolescentes<\/a>. Revista Paulista de Pediatria (Impresso), v. 18, p. 296-302, 2010.&nbsp;<\/p>\n\n\n\n<p>RONQUE, E. R. V.;&nbsp;CYRINO, E. S.;&nbsp;D\u00d3REA, V. R.;&nbsp;SERASSUELO JUNIOR, H.; GALDI, E. H. G.;&nbsp;ARRUDA, M. <a href=\"https:\/\/www.scielo.br\/j\/rbme\/a\/GpB74PQxrRF9nFmLjnRw7XJ\/?lang=pt\" data-type=\"link\" data-id=\"https:\/\/www.scielo.br\/j\/rbme\/a\/GpB74PQxrRF9nFmLjnRw7XJ\/?lang=pt\" target=\"_blank\" rel=\"noreferrer noopener\">Diagn\u00f3stico da aptid\u00e3o f\u00edsica em escolares de alto n\u00edvel socioecon\u00f4mico: avalia\u00e7\u00e3o referenciada por crit\u00e9rios de sa\u00fade<\/a>. Revista Brasileira de Medicina do Esporte, v. 13, p. 71-76, 2007.&nbsp;<\/p>\n\n\n\n<p>RONQUE, E. R. V.;&nbsp;GUARIGLIA, D. A.;&nbsp;CYRINO, E. S.;&nbsp;CARVALHO, F. O.;&nbsp;AVELAR, A.;&nbsp;ARRUDA, M. <a href=\"https:\/\/www.scielo.br\/j\/rbme\/a\/BjCymzs5Dyv39YT5HKVtx3p\/?lang=pt\" data-type=\"link\" data-id=\"https:\/\/www.scielo.br\/j\/rbme\/a\/BjCymzs5Dyv39YT5HKVtx3p\/?lang=pt\" target=\"_blank\" rel=\"noreferrer noopener\">Composi\u00e7\u00e3o corporal em crian\u00e7as de sete a 10 anos de idade, de alto n\u00edvel socioecon\u00f4mico<\/a>. Revista Brasileira de Medicina do Esporte, v. 13, p. 366-370, 2007.&nbsp;<\/p>\n\n\n\n<p>RONQUE, E. R. V.;&nbsp;CYRINO, E. S.;&nbsp;D\u00d3REA, V. R.;&nbsp;SERASSUELO JUNIOR, H.; GALDI, E. H. G.;&nbsp;ARRUDA, M. <a href=\"https:\/\/www.scielo.br\/j\/rn\/a\/tXs73ZXsYL6cYLgytKk3zxq\/?lang=pt\" data-type=\"link\" data-id=\"https:\/\/www.scielo.br\/j\/rn\/a\/tXs73ZXsYL6cYLgytKk3zxq\/?lang=pt\" target=\"_blank\" rel=\"noreferrer noopener\">Preval\u00eancia de sobrepeso e obesidade em escolares de alto n\u00edvel socioecon\u00f4mico em Londrina, Paran\u00e1, Brasil<\/a>. Revista de Nutri\u00e7\u00e3o, Campinas &#8211; SP, v. 18, n.6, p. 709-717, 2005.&nbsp;<\/p>\n","protected":false},"excerpt":{"rendered":"<p>O crescimento f\u00edsico e a aptid\u00e3o f\u00edsica relacionada \u00e0 sa\u00fade de crian\u00e7as e adolescentes tem sido alvo de muitos estudos ao longo da \u00faltima d\u00e9cada. apesar disso, poucas s\u00e3o as informa\u00e7\u00f5es dispon\u00edveis a esse respeito na popula\u00e7\u00e3o de escolares de alto n\u00edvel socioecon\u00f4mico. Assim, o prop\u00f3sito deste estudo ser\u00e1 analisar o crescimento f\u00edsico e os [&hellip;]<\/p>\n","protected":false},"author":13,"featured_media":0,"parent":0,"menu_order":0,"comment_status":"closed","ping_status":"closed","template":"","meta":{"_acf_changed":false,"footnotes":""},"class_list":["post-1107","page","type-page","status-publish","hentry"],"acf":[],"_links":{"self":[{"href":"https:\/\/pessoal.uel.br\/gepafe\/wp-json\/wp\/v2\/pages\/1107","targetHints":{"allow":["GET"]}}],"collection":[{"href":"https:\/\/pessoal.uel.br\/gepafe\/wp-json\/wp\/v2\/pages"}],"about":[{"href":"https:\/\/pessoal.uel.br\/gepafe\/wp-json\/wp\/v2\/types\/page"}],"author":[{"embeddable":true,"href":"https:\/\/pessoal.uel.br\/gepafe\/wp-json\/wp\/v2\/users\/13"}],"replies":[{"embeddable":true,"href":"https:\/\/pessoal.uel.br\/gepafe\/wp-json\/wp\/v2\/comments?post=1107"}],"version-history":[{"count":10,"href":"https:\/\/pessoal.uel.br\/gepafe\/wp-json\/wp\/v2\/pages\/1107\/revisions"}],"predecessor-version":[{"id":1374,"href":"https:\/\/pessoal.uel.br\/gepafe\/wp-json\/wp\/v2\/pages\/1107\/revisions\/1374"}],"wp:attachment":[{"href":"https:\/\/pessoal.uel.br\/gepafe\/wp-json\/wp\/v2\/media?parent=1107"}],"curies":[{"name":"wp","href":"https:\/\/api.w.org\/{rel}","templated":true}]}}